{"id":4000,"date":"2021-12-19T05:49:38","date_gmt":"2021-12-19T10:49:38","guid":{"rendered":"https:\/\/faragroup.net\/ihtilaflar-musadere-savunmasi\/"},"modified":"2021-12-22T01:59:39","modified_gmt":"2021-12-22T06:59:39","slug":"ihtilaflar-musadere-savunmasi","status":"publish","type":"page","link":"https:\/\/faragroup.net\/tr\/ihtilaflar-musadere-savunmasi\/","title":{"rendered":"\u0130htilaflar: M\u00fcsadere Savunmas\u0131"},"content":{"rendered":"<p>[vc_row el_class=&#8221;cnt_fnt_size&#8221;][vc_column][vc_custom_heading text=&#8221;NE YAPIYORUZ&#8221; font_container=&#8221;tag:h2|text_align:left|color:%2320487c&#8221; use_theme_fonts=&#8221;yes&#8221;][vc_column_text]H\u00fck\u00fcmetler mal\u00ee su\u00e7larla m\u00fccadele etmek i\u00e7in kara paran\u0131n aklanmas\u0131yla m\u00fccadele (AML) giri\u015fimlerini takdire \u015fayan bi\u00e7imde k\u00fcresel \u00f6l\u00e7ekte artt\u0131r\u0131rken ne yaz\u0131k ki baz\u0131 yasal d\u00fczenleyiciler kara paran\u0131n aklanmas\u0131yla m\u00fccadelenin do\u011frudan kendisiyle ilgili olmaktan ziyade verilen cezalar\u0131 ve ger\u00e7ekle\u015ftirilen el koymalar\u0131 birer gelir elde etme arac\u0131 olarak g\u00f6rmektedir.<\/p>\n<p>Ger\u00e7ek mal\u00ee su\u00e7lar cezaland\u0131r\u0131lmal\u0131d\u0131r, ancak baz\u0131 cezalar\u0131n gittik\u00e7e artarak yasal d\u00fczenleyiciler taraf\u0131ndan kendi itibarlar\u0131n\u0131 cilalamak ve gelir elde etmek i\u00e7in bir y\u00f6ntem olarak kullan\u0131ld\u0131\u011f\u0131, cezaya t\u00e2bi tutulan kurulu\u015flar\u0131n sicilinde de herhangi bir \u00f6nc\u00fcl su\u00e7un ya da cezan\u0131n tespit edilemedi\u011fi g\u00f6zlemlenmektedir.<\/p>\n<p>Hukuken \u00ab m\u00fcsadere, yani M\u00fclkiyetli \u00d6zel Varl\u0131k Hakk\u0131n\u0131n Kaybedilmesi \u00bb veya amiyane tabirle \u00ab k\u00e2r polisli\u011fi yapma \u00bb olarak bilinen bu uygulama olduk\u00e7a tart\u0131\u015fmal\u0131 olup <a href=\"https:\/\/www.aclu.org\/issues\/criminal-law-reform\/reforming-police\/asset-forfeiture-abuse\">Amerikan Sivil \u00d6zg\u00fcrl\u00fckler<\/a> Sendikas\u0131n\u0131n (ACLU) da aralar\u0131nda bulundu\u011fu bir\u00e7ok kurum taraf\u0131ndan kabul edilmemektedir. Bu trendin, yani h\u00fck\u00fcmetler taraf\u0131ndan bu tarz \u015f\u00fcpheli m\u00fcsaderelerin ve cezalar\u0131n devam edece\u011fi beklenmektedir, \u00e7\u00fcnk\u00fc yasal d\u00fczenleyiciler, kendi b\u00fct\u00e7elerini b\u00fcy\u00fctmek i\u00e7in uluslararas\u0131 \u00f6l\u00e7ekteki yeni yasal ara\u00e7lara ve mevzuatlara sar\u0131lmaktad\u0131r.<\/p>\n<p>Fara Group, haks\u0131z yere ceza alm\u0131\u015f veya hesaplar\u0131 yasa d\u0131\u015f\u0131 bi\u00e7imde dondurulmu\u015f kurulu\u015flara veya bireylere \u00e7e\u015fitli seviyelerde destek sa\u011flamaktad\u0131r.<\/p>\n<p><b>Uzman Raporlar<\/b> \u2013 Finansal ve hukuki uzmanlardan olu\u015fan ekibimiz, yetkili merciler taraf\u0131ndan fonlar\u0131n dondurulmas\u0131 i\u015flemi alt\u0131ndaki yasal dayanaklar veya herhangi bir yasal dayanak olmamas\u0131 hakk\u0131nda ba\u011f\u0131ms\u0131z raporlar ve g\u00f6r\u00fc\u015fler d\u00fczenlerler. Bu raporlar, fonlar\u0131n dondurulmas\u0131na sebep olarak g\u00f6sterilen s\u00f6zde yasal dayanaklar\u0131n bir \u00f6zetini, bir izleme taramas\u0131n\u0131 ve ilgili analizleri, bir \u00f6nc\u00fcl su\u00e7lar de\u011ferlendirmesini ve emsal te\u015fkil eden durumlar\u0131n Avrupa ve Amerika mahkemelerinde olsa nas\u0131l ele al\u0131naca\u011f\u0131na dair bir g\u00f6r\u00fc\u015f bildirimini i\u00e7ermektedir. Ayn\u0131 zamanda her bir hesab\u0131n risk profili detaylar\u0131 da de\u011ferlendirilmektedir. Bu g\u00fcvenilir raporlar ve uzmanlar\u0131m\u0131z taraf\u0131ndan d\u00fczenlenen tutanaklar hem yerel hem de uluslararas\u0131 mahkemelerde delil olarak kullan\u0131labilmektedir.<\/p>\n<p><b>Savunma<\/b> \u2013 E\u011fer dava g\u00fc\u00e7l\u00fc bi\u00e7imde m\u00fcvekkilimiz (hesap sahibi) lehineyse, d\u00fczenlenen raporlar ilgili makamlar\u0131 \u2013bunlar ister yard\u0131mc\u0131, ister hasmane ister tarafs\u0131z bir tutuma sahip olsun\u2013 ikna etmek i\u00e7in kullan\u0131l\u0131p s\u00f6z konusu olayda m\u00fcvekkilin fonlar\u0131n\u0131n haks\u0131z bi\u00e7imde al\u0131kondu\u011fu savunulabilir. Bu \u00e7al\u0131\u015fma \u00e7er\u00e7evesinde hangi devlet dairelerinin ve yetkililerinin delile dayal\u0131 karar verme s\u00fcrecine destek verebilece\u011fini belirliyor, bu \u015fah\u0131s ve dairelere ula\u015f\u0131yoruz. Gerek b\u00fcrokratik, gerek siyasi, gerekse yasal olsun, fonlar\u0131n serbest b\u0131rak\u0131lmas\u0131na engel olan t\u00fcm \u00f6\u011felerin belirlenmesi ve \u00e7\u00f6z\u00fclmesi i\u00e7in \u00e7al\u0131\u015f\u0131yoruz. Gerekti\u011findeyse kilit konumdaki payda\u015flara bulgular\u0131m\u0131z\u0131 sunabilmekte ve m\u00fcvekkillerimizin tayin edilmi\u015f hukuki dan\u0131\u015fmanlar\u0131yla koordineli bi\u00e7imde ilerleyebilmekteyiz.[\/vc_column_text][\/vc_column][\/vc_row][vc_row el_class=&#8221;cnt_fnt_size&#8221;][vc_column][vc_custom_heading text=&#8221;Ne d\u00fc\u015f\u00fcn\u00fcyoruz&#8221; font_container=&#8221;tag:h2|text_align:left|color:%2320487c&#8221; use_theme_fonts=&#8221;yes&#8221; css_animation=&#8221;fadeIn&#8221;][\/vc_column][\/vc_row][vc_row gap=&#8221;15&#8243; el_class=&#8221;cm_blog_mrg&#8221;][vc_column width=&#8221;1\/3&#8243;][vc_row_inner][vc_column_inner el_class=&#8221;box_cls_covr&#8221; css=&#8221;.vc_custom_1606386710014{padding-top: 0px !important;padding-bottom: 0px !important;background-color: #1f365c !important;background-position: center !important;background-repeat: no-repeat !important;background-size: cover !important;}&#8221;][vc_raw_html]JTNDZGl2JTIwY2xhc3MlM0QlMjJzZF9pbmJveGMlMjIlM0UlMEElM0NkaXYlMjBjbGFzcyUzRCUyMnNkX2luYm94Y19pbm5lciUyMiUzRSUwQSUzQ2gyJTNFJTNDYSUyMGhyZWYlM0QlMjJodHRwcyUzQSUyRiUyRmZhcmFncm91cC5uZXQlMkZ0ciUyRmh1a3VrdW4tdXN0dW4tb2xtYWRpZ2ktZHVydW1sYXJkYS1hdmFudGFqLW9sdXN0dXJhYmlsbWUlMkYlMjIlM0VIVUtVS1VOJTIwJUMzJTlDU1QlQzMlOUNOJTIwT0xNQURJJUM0JTlFSSUyMERVUlVNTEFSREElMjBBVlRBTlRBSiUyME9MVSVDNSU5RVRVUkFCSUxNRSUzQyUyRmElM0UlMEElM0MlMkZoMiUzRSUwQSUzQ3AlM0VTdGFuZGFydCUyMFJpc2slMjBIYWZpZmxldG1lJTIwWSVDMyVCNm50ZW1sZXJpbmluJTIwR2UlQzMlQTdlcmxpJTIwT2xtYWQlQzQlQjElQzQlOUYlQzQlQjElMjBaYW1hbmxhciUzQyUyRnAlM0UlMEElM0MlMkZkaXYlM0UlMEElM0MlMkZkaXYlM0U=[\/vc_raw_html][\/vc_column_inner][\/vc_row_inner][\/vc_column][vc_column width=&#8221;2\/3&#8243; css=&#8221;.vc_custom_1605013309847{padding-top: 0px !important;padding-bottom: 0px !important;background-position: center !important;background-repeat: no-repeat !important;background-size: cover !important;}&#8221;][vc_row_inner][vc_column_inner el_class=&#8221;box_cls_covr&#8221; css=&#8221;.vc_custom_1638137586543{padding-top: 0px !important;padding-right: 0px !important;padding-bottom: 0px !important;padding-left: 0px !important;background-image: url(https:\/\/faragroup.net\/wp-content\/uploads\/2021\/11\/Expropriation-Defense.jpeg?id=3839) !important;background-position: center !important;background-repeat: no-repeat !important;background-size: cover !important;}&#8221;][vc_raw_html]JTNDZGl2JTIwY2xhc3MlM0QlMjJzZF9pbmJveGMlMjIlM0UlMEElM0NkaXYlMjBjbGFzcyUzRCUyMnNkX2luYm94Y19pbm5lciUyMiUzRSUwQSUzQ2gyJTNFJTNDYSUyMGhyZWYlM0QlMjJodHRwcyUzQSUyRiUyRmZhcmFncm91cC5uZXQlMkZ0ciUyRmh1a3VrdW4tdXN0dW4tb2xtYWRpZ2ktZHVydW1sYXJkYS1hdmFudGFqLW9sdXN0dXJhYmlsbWUtMiUyRiUyMiUzRSUwQUhVS1VLVU4lMjAlQzMlOUNTVCVDMyU5Q04lMjBPTE1BREklQzQlOUVJJTIwRFVSVU1MQVJEQSUyMEFWQU5UQUolMjBPTFUlQzUlOUVUVVJBQiVDNCVCMExNRS4lM0MlMkZhJTNFJTBBJTNDJTJGaDIlM0UlMEElM0NwJTNFTSVDMyVCQ3NhZGVyZSUyMFNhdnVubWFzJUM0JUIxJTNDJTJGcCUzRSUwQSUzQyUyRmRpdiUzRSUwQSUzQyUyRmRpdiUzRQ==[\/vc_raw_html][\/vc_column_inner][\/vc_row_inner][\/vc_column][\/vc_row][vc_row gap=&#8221;15&#8243; el_class=&#8221;cm_blog_mrg&#8221;][vc_column width=&#8221;2\/3&#8243; css=&#8221;.vc_custom_1605013309847{padding-top: 0px !important;padding-bottom: 0px !important;background-position: center !important;background-repeat: no-repeat !important;background-size: cover !important;}&#8221;][vc_row_inner][vc_column_inner el_class=&#8221;box_cls_covr&#8221; css=&#8221;.vc_custom_1609483551455{padding-top: 0px !important;padding-right: 0px !important;padding-bottom: 0px !important;padding-left: 0px !important;background-image: url(https:\/\/faragroup.net\/wp-content\/uploads\/2020\/12\/Mitigating-reputational-risk-scaled.jpg?id=2265) !important;background-position: center !important;background-repeat: no-repeat !important;background-size: cover !important;}&#8221;][vc_raw_html]PGRpdiBjbGFzcz0ic2RfaW5ib3hjIj4KPGRpdiBjbGFzcz0ic2RfaW5ib3hjX2lubmVyIj4KPGgyPjxhIGhyZWY9Imh0dHBzOi8vZmFyYWdyb3VwLm5ldC90ci9zb3N5YWwtbWVkeWFkYS1zaWNhay1ib2xnZWxlci8iPgpTT1NZQUwgTUVEWUFEQSBTSUNBSyBCw5ZMR0VMRVI8L2E+CjwvaDI+CjxwPsSwdGliYXIgUmlza2xlcmluaSBBemFsdG1hPC9wPgo8L2Rpdj4KPC9kaXY+[\/vc_raw_html][\/vc_column_inner][\/vc_row_inner][\/vc_column][vc_column width=&#8221;1\/3&#8243;][vc_row_inner][vc_column_inner el_class=&#8221;box_cls_covr&#8221; css=&#8221;.vc_custom_1606386716918{padding-top: 0px !important;padding-bottom: 0px !important;background-color: #1f365c !important;background-position: center !important;background-repeat: no-repeat !important;background-size: cover !important;}&#8221;][vc_raw_html]PGRpdiBjbGFzcz0ic2RfaW5ib3hjIj4KPGRpdiBjbGFzcz0ic2RfaW5ib3hjX2lubmVyIj4KPGgyPjxhIGhyZWY9Imh0dHBzOi8vZmFyYWdyb3VwLm5ldC90ci9jb3ZpZC0xOWRhbi1oYW0tcGV0cm9sLWJhZ2ltbGlsaWdpbmEtZ2VyY2VrbGlrLWRhcmJlc2kvIj4KQ09WSUQtMTknREFOIEhBTSBQRVRST0wgQkHEnklNTElMScSeSSBHRVLDh0VLTMSwSyBEQVJCRVPEsDwvYT4KPC9oMj4KPHA+VXp1biBWYWRlbGkgVGFsZXBsZXJkZSBBcnTEscWfPC9wPgo8L2Rpdj4KPC9kaXY+[\/vc_raw_html][\/vc_column_inner][\/vc_row_inner][\/vc_column][\/vc_row][vc_row el_class=&#8221;cnt_fnt_size mrgtop50&#8243;][vc_column][vc_custom_heading text=&#8221;YARDIM EDEB\u0130LECE\u011e\u0130M\u0130Z D\u0130\u011eER ALANLAR&#8221; font_container=&#8221;tag:h2|text_align:left|color:%2320487c&#8221; use_theme_fonts=&#8221;yes&#8221;][\/vc_column][\/vc_row][vc_row el_class=&#8221;cnt_fnt_size&#8221;][vc_column width=&#8221;1\/2&#8243;][vc_column_text css=&#8221;.vc_custom_1608098403136{background-image: url(https:\/\/faragroup.net\/wp-content\/uploads\/2020\/12\/Disputes-Asset-Tracing.jpg?id=2080) !important;background-position: center !important;background-repeat: no-repeat !important;background-size: cover !important;}&#8221; el_class=&#8221;cm_block_bg_sec&#8221;]<a class=\"nw_h_title\" href=\"https:\/\/faragroup.net\/tr\/ihtilaflar-varlik-takibi\/\"><span class=\"orange_bd\">Varl\u0131k Takibi<\/span><\/a>[\/vc_column_text][\/vc_column][vc_column width=&#8221;1\/2&#8243;][vc_column_text css=&#8221;.vc_custom_1610091910218{background-image: url(https:\/\/faragroup.net\/wp-content\/uploads\/2021\/01\/reputation-corrected.jpg?id=2367) !important;background-position: center !important;background-repeat: no-repeat !important;background-size: cover !important;}&#8221; el_class=&#8221;cm_block_bg_sec&#8221;]<a class=\"nw_h_title\" href=\"https:\/\/faragroup.net\/tr\/uzmanlik-alanlari\/itibar\/\"><span class=\"orange_bd\">\u0130tibar<\/span><\/a>[\/vc_column_text][\/vc_column][\/vc_row]<\/p>\n","protected":false},"excerpt":{"rendered":"<p>[vc_row el_class=&#8221;cnt_fnt_size&#8221;][vc_column][vc_custom_heading text=&#8221;NE YAPIYORUZ&#8221; font_container=&#8221;tag:h2|text_align:left|color:%2320487c&#8221; use_theme_fonts=&#8221;yes&#8221;][vc_column_text]H\u00fck\u00fcmetler mal\u00ee su\u00e7larla m\u00fccadele etmek i\u00e7in kara paran\u0131n aklanmas\u0131yla m\u00fccadele (AML) giri\u015fimlerini takdire \u015fayan bi\u00e7imde k\u00fcresel \u00f6l\u00e7ekte artt\u0131r\u0131rken ne yaz\u0131k ki baz\u0131 yasal d\u00fczenleyiciler kara paran\u0131n aklanmas\u0131yla m\u00fccadelenin do\u011frudan kendisiyle ilgili olmaktan ziyade verilen cezalar\u0131 ve ger\u00e7ekle\u015ftirilen el koymalar\u0131 birer gelir elde etme arac\u0131 olarak g\u00f6rmektedir. Ger\u00e7ek mal\u00ee su\u00e7lar cezaland\u0131r\u0131lmal\u0131d\u0131r,&hellip;<\/p>\n","protected":false},"author":1,"featured_media":3968,"parent":0,"menu_order":0,"comment_status":"closed","ping_status":"closed","template":"","meta":{"_acf_changed":false},"class_list":["post-4000","page","type-page","status-publish","has-post-thumbnail","hentry","description-off"],"acf":[],"yoast_head":"<!-- This site is optimized with the Yoast SEO plugin v24.9 - https:\/\/yoast.com\/wordpress\/plugins\/seo\/ -->\n<title>\u0130htilaflar: M\u00fcsadere Savunmas\u0131 - Fara Group<\/title>\n<meta name=\"robots\" content=\"index, follow, max-snippet:-1, max-image-preview:large, max-video-preview:-1\" \/>\n<link rel=\"canonical\" href=\"https:\/\/faragroup.net\/tr\/ihtilaflar-musadere-savunmasi\/\" \/>\n<meta property=\"og:locale\" content=\"tr_TR\" \/>\n<meta property=\"og:type\" content=\"article\" \/>\n<meta property=\"og:title\" content=\"\u0130htilaflar: M\u00fcsadere Savunmas\u0131 - Fara Group\" \/>\n<meta property=\"og:description\" content=\"[vc_row el_class=&#8221;cnt_fnt_size&#8221;][vc_column][vc_custom_heading text=&#8221;NE YAPIYORUZ&#8221; font_container=&#8221;tag:h2|text_align:left|color:%2320487c&#8221; use_theme_fonts=&#8221;yes&#8221;][vc_column_text]H\u00fck\u00fcmetler mal\u00ee su\u00e7larla m\u00fccadele etmek i\u00e7in kara paran\u0131n aklanmas\u0131yla m\u00fccadele (AML) giri\u015fimlerini takdire \u015fayan bi\u00e7imde k\u00fcresel \u00f6l\u00e7ekte artt\u0131r\u0131rken ne yaz\u0131k ki baz\u0131 yasal d\u00fczenleyiciler kara paran\u0131n aklanmas\u0131yla m\u00fccadelenin do\u011frudan kendisiyle ilgili olmaktan ziyade verilen cezalar\u0131 ve ger\u00e7ekle\u015ftirilen el koymalar\u0131 birer gelir elde etme arac\u0131 olarak g\u00f6rmektedir. Ger\u00e7ek mal\u00ee su\u00e7lar cezaland\u0131r\u0131lmal\u0131d\u0131r,&hellip;\" \/>\n<meta property=\"og:url\" content=\"https:\/\/faragroup.net\/tr\/ihtilaflar-musadere-savunmasi\/\" \/>\n<meta property=\"og:site_name\" content=\"Fara Group\" \/>\n<meta property=\"article:modified_time\" content=\"2021-12-22T06:59:39+00:00\" \/>\n<meta property=\"og:image\" content=\"https:\/\/faragroup.net\/wp-content\/uploads\/2021\/11\/bank-deposits-other.jpeg\" \/>\n\t<meta property=\"og:image:width\" content=\"1600\" \/>\n\t<meta property=\"og:image:height\" content=\"522\" \/>\n\t<meta property=\"og:image:type\" content=\"image\/jpeg\" \/>\n<meta name=\"twitter:card\" content=\"summary_large_image\" \/>\n<meta name=\"twitter:label1\" content=\"Tahmini okuma s\u00fcresi\" \/>\n\t<meta name=\"twitter:data1\" content=\"3 dakika\" \/>\n<script type=\"application\/ld+json\" class=\"yoast-schema-graph\">{\"@context\":\"https:\/\/schema.org\",\"@graph\":[{\"@type\":\"WebPage\",\"@id\":\"https:\/\/faragroup.net\/tr\/ihtilaflar-musadere-savunmasi\/\",\"url\":\"https:\/\/faragroup.net\/tr\/ihtilaflar-musadere-savunmasi\/\",\"name\":\"\u0130htilaflar: M\u00fcsadere Savunmas\u0131 - Fara Group\",\"isPartOf\":{\"@id\":\"https:\/\/faragroup.net\/tr\/#website\"},\"primaryImageOfPage\":{\"@id\":\"https:\/\/faragroup.net\/tr\/ihtilaflar-musadere-savunmasi\/#primaryimage\"},\"image\":{\"@id\":\"https:\/\/faragroup.net\/tr\/ihtilaflar-musadere-savunmasi\/#primaryimage\"},\"thumbnailUrl\":\"https:\/\/faragroup.net\/wp-content\/uploads\/2021\/11\/bank-deposits-other.jpeg\",\"datePublished\":\"2021-12-19T10:49:38+00:00\",\"dateModified\":\"2021-12-22T06:59:39+00:00\",\"inLanguage\":\"tr\",\"potentialAction\":[{\"@type\":\"ReadAction\",\"target\":[\"https:\/\/faragroup.net\/tr\/ihtilaflar-musadere-savunmasi\/\"]}]},{\"@type\":\"ImageObject\",\"inLanguage\":\"tr\",\"@id\":\"https:\/\/faragroup.net\/tr\/ihtilaflar-musadere-savunmasi\/#primaryimage\",\"url\":\"https:\/\/faragroup.net\/wp-content\/uploads\/2021\/11\/bank-deposits-other.jpeg\",\"contentUrl\":\"https:\/\/faragroup.net\/wp-content\/uploads\/2021\/11\/bank-deposits-other.jpeg\",\"width\":1600,\"height\":522},{\"@type\":\"WebSite\",\"@id\":\"https:\/\/faragroup.net\/tr\/#website\",\"url\":\"https:\/\/faragroup.net\/tr\/\",\"name\":\"Fara Group\",\"description\":\"\",\"potentialAction\":[{\"@type\":\"SearchAction\",\"target\":{\"@type\":\"EntryPoint\",\"urlTemplate\":\"https:\/\/faragroup.net\/tr\/?s={search_term_string}\"},\"query-input\":{\"@type\":\"PropertyValueSpecification\",\"valueRequired\":true,\"valueName\":\"search_term_string\"}}],\"inLanguage\":\"tr\"}]}<\/script>\n<!-- \/ Yoast SEO plugin. -->","yoast_head_json":{"title":"\u0130htilaflar: M\u00fcsadere Savunmas\u0131 - Fara Group","robots":{"index":"index","follow":"follow","max-snippet":"max-snippet:-1","max-image-preview":"max-image-preview:large","max-video-preview":"max-video-preview:-1"},"canonical":"https:\/\/faragroup.net\/tr\/ihtilaflar-musadere-savunmasi\/","og_locale":"tr_TR","og_type":"article","og_title":"\u0130htilaflar: M\u00fcsadere Savunmas\u0131 - Fara Group","og_description":"[vc_row el_class=&#8221;cnt_fnt_size&#8221;][vc_column][vc_custom_heading text=&#8221;NE YAPIYORUZ&#8221; font_container=&#8221;tag:h2|text_align:left|color:%2320487c&#8221; use_theme_fonts=&#8221;yes&#8221;][vc_column_text]H\u00fck\u00fcmetler mal\u00ee su\u00e7larla m\u00fccadele etmek i\u00e7in kara paran\u0131n aklanmas\u0131yla m\u00fccadele (AML) giri\u015fimlerini takdire \u015fayan bi\u00e7imde k\u00fcresel \u00f6l\u00e7ekte artt\u0131r\u0131rken ne yaz\u0131k ki baz\u0131 yasal d\u00fczenleyiciler kara paran\u0131n aklanmas\u0131yla m\u00fccadelenin do\u011frudan kendisiyle ilgili olmaktan ziyade verilen cezalar\u0131 ve ger\u00e7ekle\u015ftirilen el koymalar\u0131 birer gelir elde etme arac\u0131 olarak g\u00f6rmektedir. Ger\u00e7ek mal\u00ee su\u00e7lar cezaland\u0131r\u0131lmal\u0131d\u0131r,&hellip;","og_url":"https:\/\/faragroup.net\/tr\/ihtilaflar-musadere-savunmasi\/","og_site_name":"Fara Group","article_modified_time":"2021-12-22T06:59:39+00:00","og_image":[{"width":1600,"height":522,"url":"https:\/\/faragroup.net\/wp-content\/uploads\/2021\/11\/bank-deposits-other.jpeg","type":"image\/jpeg"}],"twitter_card":"summary_large_image","twitter_misc":{"Tahmini okuma s\u00fcresi":"3 dakika"},"schema":{"@context":"https:\/\/schema.org","@graph":[{"@type":"WebPage","@id":"https:\/\/faragroup.net\/tr\/ihtilaflar-musadere-savunmasi\/","url":"https:\/\/faragroup.net\/tr\/ihtilaflar-musadere-savunmasi\/","name":"\u0130htilaflar: M\u00fcsadere Savunmas\u0131 - Fara Group","isPartOf":{"@id":"https:\/\/faragroup.net\/tr\/#website"},"primaryImageOfPage":{"@id":"https:\/\/faragroup.net\/tr\/ihtilaflar-musadere-savunmasi\/#primaryimage"},"image":{"@id":"https:\/\/faragroup.net\/tr\/ihtilaflar-musadere-savunmasi\/#primaryimage"},"thumbnailUrl":"https:\/\/faragroup.net\/wp-content\/uploads\/2021\/11\/bank-deposits-other.jpeg","datePublished":"2021-12-19T10:49:38+00:00","dateModified":"2021-12-22T06:59:39+00:00","inLanguage":"tr","potentialAction":[{"@type":"ReadAction","target":["https:\/\/faragroup.net\/tr\/ihtilaflar-musadere-savunmasi\/"]}]},{"@type":"ImageObject","inLanguage":"tr","@id":"https:\/\/faragroup.net\/tr\/ihtilaflar-musadere-savunmasi\/#primaryimage","url":"https:\/\/faragroup.net\/wp-content\/uploads\/2021\/11\/bank-deposits-other.jpeg","contentUrl":"https:\/\/faragroup.net\/wp-content\/uploads\/2021\/11\/bank-deposits-other.jpeg","width":1600,"height":522},{"@type":"WebSite","@id":"https:\/\/faragroup.net\/tr\/#website","url":"https:\/\/faragroup.net\/tr\/","name":"Fara Group","description":"","potentialAction":[{"@type":"SearchAction","target":{"@type":"EntryPoint","urlTemplate":"https:\/\/faragroup.net\/tr\/?s={search_term_string}"},"query-input":{"@type":"PropertyValueSpecification","valueRequired":true,"valueName":"search_term_string"}}],"inLanguage":"tr"}]}},"jetpack_sharing_enabled":true,"_links":{"self":[{"href":"https:\/\/faragroup.net\/tr\/wp-json\/wp\/v2\/pages\/4000","targetHints":{"allow":["GET"]}}],"collection":[{"href":"https:\/\/faragroup.net\/tr\/wp-json\/wp\/v2\/pages"}],"about":[{"href":"https:\/\/faragroup.net\/tr\/wp-json\/wp\/v2\/types\/page"}],"author":[{"embeddable":true,"href":"https:\/\/faragroup.net\/tr\/wp-json\/wp\/v2\/users\/1"}],"replies":[{"embeddable":true,"href":"https:\/\/faragroup.net\/tr\/wp-json\/wp\/v2\/comments?post=4000"}],"version-history":[{"count":8,"href":"https:\/\/faragroup.net\/tr\/wp-json\/wp\/v2\/pages\/4000\/revisions"}],"predecessor-version":[{"id":4029,"href":"https:\/\/faragroup.net\/tr\/wp-json\/wp\/v2\/pages\/4000\/revisions\/4029"}],"wp:featuredmedia":[{"embeddable":true,"href":"https:\/\/faragroup.net\/tr\/wp-json\/wp\/v2\/media\/3968"}],"wp:attachment":[{"href":"https:\/\/faragroup.net\/tr\/wp-json\/wp\/v2\/media?parent=4000"}],"curies":[{"name":"wp","href":"https:\/\/api.w.org\/{rel}","templated":true}]}}