{"id":3981,"date":"2021-12-19T04:56:00","date_gmt":"2021-12-19T09:56:00","guid":{"rendered":"https:\/\/faragroup.net\/risk-esg-csy-hizmetleri\/"},"modified":"2025-05-28T04:35:43","modified_gmt":"2025-05-28T09:35:43","slug":"risk-esg-csy-hizmetleri","status":"publish","type":"page","link":"https:\/\/faragroup.net\/tr\/risk-esg-csy-hizmetleri\/","title":{"rendered":"Risk: ESG (\u00c7SY) Hizmetleri"},"content":{"rendered":"<p>[vc_row el_class=&#8221;cnt_fnt_size&#8221;][vc_column][vc_custom_heading text=&#8221;NE YAPIYORUZ&#8221; font_container=&#8221;tag:h2|text_align:left|color:%2320487c&#8221; use_theme_fonts=&#8221;yes&#8221;][vc_column_text]Sermaye piyasalar\u0131, \u015firketler ve hukuk firmalar\u0131 \u00c7evresel, Sosyal ve Y\u00f6neti\u015fim (\u00ab \u00c7SY \u00bb &#8211; \u00ab ESG \u00bb) ile S\u00fcrd\u00fcr\u00fclebilirlik alanlar\u0131nda bir paradigma de\u011fi\u015fimine gitti. Bu de\u011fi\u015fim iklim de\u011fi\u015fikli\u011fini ve daha geni\u015f anlam\u0131yla s\u00fcrd\u00fcrebilirli\u011fi, sa\u011fl\u0131k ve g\u00fcvenli\u011fi, \u00e7al\u0131\u015fan geli\u015fimini ve elde tutma stratejilerini, m\u00fc\u015fteri mutlulu\u011funu, topluluk ili\u015fkilerini ve i\u015fletme eti\u011fi ile y\u00f6neti\u015fimini ve daha bir\u00e7ok alan\u0131 kapsamaktad\u0131r. \u00c7SY art\u0131k bir yan alan olmaktan \u00e7\u0131kt\u0131 ve bu ba\u011flamda kurulu\u015flar mevcut stat\u00fckolar\u0131n\u0131 daha fazla devam ettiremez. Kurulu\u015funuzun proaktif bi\u00e7imde \u00c7SY risklerini, uyumunu ve yat\u0131r\u0131m\u0131n\u0131 \u00f6ng\u00f6rme ve de\u011ferlendirme \u015fekline y\u00f6n vermek, i\u015f yapt\u0131\u011f\u0131n\u0131z t\u00fcm payda\u015flar\u0131 \u2013m\u00fc\u015fteriler, hissedarlar, \u00e7al\u0131\u015fanlar ve topluluklar\u2013 s\u00fcrece d\u00e2hil etmek i\u00e7in hayat\u00ee \u00f6neme sahiptir.   <\/p>\n<p>Fara Group uzmanl\u0131\u011f\u0131 ve deneyimi sayesinde m\u00fc\u015fterinin gerek kendisi, gerekse de tedarik zincirini olu\u015fturan di\u011fer \u015firketleri i\u00e7in \u00c7SY d\u00f6n\u00fc\u015f\u00fcm\u00fcn\u00fc en sa\u011flam \u015fekilde ger\u00e7ekle\u015ftirmesine destek olur. Bu \u00e7er\u00e7evede aktif veya potansiyel yat\u0131r\u0131mlar \u00fczerinde do\u011frudan mal\u00ee, operasyonel ve itibarsal etkileri olabilecek riskleri ve f\u0131rsatlar\u0131 inceleriz. Daha sonra bu risklerin y\u00f6netilmesine destek olur, \u00e7e\u015fitli giri\u015fimlerde bulunarak ve \u015firketler ile onlar\u0131n portf\u00f6y kurulu\u015flar\u0131na katma de\u011ferli hizmetler sunarak f\u0131rsatlardan fayda sa\u011flar\u0131z. Gerek \u00c7SY stratejinizi ve s\u00f6yleminizi geli\u015ftirme, gerekse \u00c7SY\u2019ye ba\u011fl\u0131 risklerin de\u011ferlendirilip engellenmesi alanlar\u0131nda olsun, Fara Group\u2019un sundu\u011fu \u00e7\u00f6z\u00fcmler hem b\u00fct\u00fcnc\u00fcl hem de \u00f6zeldir.   <\/p>\n<p>Mevcut zorluk ne olursa olsun, Fara Group g\u00fcn\u00fcm\u00fczde her an evrilen ve h\u0131zl\u0131ca d\u00f6n\u00fc\u015fen \u00c7SY taleplerinin yerine getirilmesinde m\u00fc\u015fterisine kapsaml\u0131 destekte bulunur. Bizler, bir\u00e7ok hizmetin yan\u0131 s\u0131ra \u00f6nemlilik (\u00f6ncelik) de\u011ferlendirmeleri, tedarik zinciri denetimleri ve \u00c7SY odakl\u0131 i\u00e7 soru\u015fturmalar sunuyoruz. \u00c7e\u015fitlili\u011fe sahip uzman ekibimiz, te\u015fkilat\u0131n\u0131z ve daha genel anlamda d\u00fcnya i\u00e7in daha s\u00fcrd\u00fcr\u00fclebilir ve kapsay\u0131c\u0131 bir gelecek sa\u011flamak ad\u0131na sizlere \u00c7SY yolculu\u011funuz boyunca rehberlik eder.[\/vc_column_text][\/vc_column][\/vc_row][vc_row el_class=&#8221;cnt_fnt_size&#8221;][vc_column][vc_custom_heading text=&#8221;Ne d\u00fc\u015f\u00fcn\u00fcyoruz&#8221; font_container=&#8221;tag:h2|text_align:left|color:%2320487c&#8221; use_theme_fonts=&#8221;yes&#8221; css_animation=&#8221;fadeIn&#8221;][\/vc_column][\/vc_row][vc_row gap=&#8221;15&#8243; el_class=&#8221;cm_blog_mrg&#8221;][vc_column width=&#8221;1\/3&#8243;][vc_row_inner][vc_column_inner el_class=&#8221;box_cls_covr&#8221; css=&#8221;.vc_custom_1606386710014{padding-top: 0px !important;padding-bottom: 0px !important;background-color: #1f365c !important;background-position: center !important;background-repeat: no-repeat !important;background-size: cover !important;}&#8221;][vc_raw_html]PGRpdiBjbGFzcz0ic2RfaW5ib3hjIj4KPGRpdiBjbGFzcz0ic2RfaW5ib3hjX2lubmVyIj4KPGgyPjxhIGhyZWY9Imh0dHBzOi8vZmFyYWdyb3VwLm5ldC90ci9hcmFwY2EtZG9jZXgvIj4KTmFkaXIgVG9wcmFrIE1ldGFsbGVyaSB2ZSBPcnRhIEtvcmlkb3I8L2E+CjwvaDI+CjxwPlN0cmF0ZWppayBFcmnFn2ltLCBTdHJhdGVqaWsgQXZhbnRhajwvcD4KPC9kaXY+CjwvZGl2Pgo=[\/vc_raw_html][\/vc_column_inner][\/vc_row_inner][\/vc_column][vc_column width=&#8221;2\/3&#8243; css=&#8221;.vc_custom_1605013309847{padding-top: 0px !important;padding-bottom: 0px !important;background-position: center !important;background-repeat: no-repeat !important;background-size: cover !important;}&#8221;][vc_row_inner content_placement=&#8221;middle&#8221; css=&#8221;.vc_custom_1638113223603{background-position: center !important;background-repeat: no-repeat !important;background-size: cover !important;}&#8221;][vc_column_inner el_class=&#8221;box_cls_covr&#8221; css=&#8221;.vc_custom_1748424787592{padding-top: 0px !important;padding-right: 0px !important;padding-bottom: 0px !important;padding-left: 0px !important;background-image: url(https:\/\/faragroup.net\/wp-content\/uploads\/2021\/01\/Middle-Corridor-scaled.jpg?id=4155) !important;background-position: center !important;background-repeat: no-repeat !important;background-size: cover !important;}&#8221;][vc_raw_html]PGRpdiBjbGFzcz0ic2RfaW5ib3hjIj4KPGRpdiBjbGFzcz0ic2RfaW5ib3hjX2lubmVyIj4KPGgyPjxhIGhyZWY9Imh0dHBzOi8vZmFyYWdyb3VwLm5ldC90ci9odWt1a3VuLXVzdHVuLW9sbWFkaWdpLWR1cnVtbGFyZGEtYXZhbnRhai1vbHVzdHVyYWJpbG1lLyI+Ck9ydGEgS29yaWRvcmEgWWF0xLFyxLFtIFlhcG1hazwvYT4KPC9oMj4KPHA+RsSxcnNhdGxhciB2ZSBSaXNrbGVyPC9wPgo8L2Rpdj4KPC9kaXY+[\/vc_raw_html][\/vc_column_inner][\/vc_row_inner][\/vc_column][\/vc_row][vc_row gap=&#8221;15&#8243; el_class=&#8221;cm_blog_mrg&#8221;][vc_column width=&#8221;2\/3&#8243; css=&#8221;.vc_custom_1605013309847{padding-top: 0px !important;padding-bottom: 0px !important;background-position: center !important;background-repeat: no-repeat !important;background-size: cover !important;}&#8221;][vc_row_inner][vc_column_inner el_class=&#8221;box_cls_covr&#8221; css=&#8221;.vc_custom_1748424507417{padding-top: 0px !important;padding-right: 0px !important;padding-bottom: 0px !important;padding-left: 0px !important;background-image: url(https:\/\/faragroup.net\/wp-content\/uploads\/2025\/05\/The-Transformative-Power-of-AI-in-AML-scaled.jpg?id=4174) !important;background-position: center !important;background-repeat: no-repeat !important;background-size: cover !important;}&#8221;][vc_raw_html]PGRpdiBjbGFzcz0ic2RfaW5ib3hjIj4KPGRpdiBjbGFzcz0ic2RfaW5ib3hjX2lubmVyIj4KPGgyPjxhIGhyZWY9Imh0dHBzOi8vZmFyYWdyb3VwLm5ldC90ci9hbWwtY2Z0LXNvcnVzdHVybWFsYXJpbmRhLXlhcGF5LXpla2FuaW4tZG9udXN0dXJ1Y3UtZ3VjdS8iPgpBTUwvQ0ZUIFNvcnXFn3R1cm1hbGFyxLFuZGEgWWFwYXkgWmVrYW7EsW4gRMO2bsO8xZ90w7xyw7xjw7wgR8O8Y8O8PC9hPgo8L2gyPgoKPGJyPjwvZGl2Pgo8L2Rpdj4K[\/vc_raw_html][\/vc_column_inner][\/vc_row_inner][\/vc_column][vc_column width=&#8221;1\/3&#8243;][vc_row_inner][vc_column_inner el_class=&#8221;box_cls_covr&#8221; css=&#8221;.vc_custom_1606386716918{padding-top: 0px !important;padding-bottom: 0px !important;background-color: #1f365c !important;background-position: center !important;background-repeat: no-repeat !important;background-size: cover !important;}&#8221;][vc_raw_html]CjxkaXYgY2xhc3M9InNkX2luYm94YyI+CjxkaXYgY2xhc3M9InNkX2luYm94Y19pbm5lciI+CjxoMj48YSBocmVmPSJodHRwczovL2ZhcmFncm91cC5uZXQvdHIvaHVrdWt1bi11c3R1bi1vbG1hZGlnaS1kdXJ1bWxhcmRhLWF2YW50YWotb2x1c3R1cmFiaWxtZS0yLyI+CkRpaml0YWwgVGFraXBsZXI6IEtyaXB0bydudW4gS2FyYSBQYXJhIEFrbGFtYSDEsHppbmkgU8O8cm1lazwvYT4KPC9oMj4KPGJyPjwvZGl2Pgo8L2Rpdj4K[\/vc_raw_html][\/vc_column_inner][\/vc_row_inner][\/vc_column][\/vc_row][vc_row el_class=&#8221;cnt_fnt_size mrgtop50&#8243;][vc_column][vc_custom_heading text=&#8221;YARDIM EDEB\u0130LECE\u011e\u0130M\u0130Z D\u0130\u011eER ALANLAR&#8221; font_container=&#8221;tag:h2|text_align:left|color:%2320487c&#8221; use_theme_fonts=&#8221;yes&#8221;][\/vc_column][\/vc_row][vc_row el_class=&#8221;cnt_fnt_size&#8221;][vc_column width=&#8221;1\/2&#8243;][vc_column_text css=&#8221;.vc_custom_1608097297897{background-image: url(https:\/\/faragroup.net\/wp-content\/uploads\/2020\/12\/Risk-Due-diligence.jpg?id=2063) !important;background-position: center !important;background-repeat: no-repeat !important;background-size: cover !important;}&#8221; el_class=&#8221;cm_block_bg_sec&#8221;]<a class=\"nw_h_title\" href=\"https:\/\/faragroup.net\/tr\/risk-on-denetim-ve-tespit\/\"><span class=\"orange_bd\">\u00d6n Denet\u0130m ve<\/span><\/a>[\/vc_column_text][\/vc_column][vc_column width=&#8221;1\/2&#8243;][vc_column_text css=&#8221;.vc_custom_1608096338376{background-image: url(https:\/\/faragroup.net\/wp-content\/uploads\/2020\/12\/Risk-Investment-Intelligence.jpg?id=2061) !important;background-position: center !important;background-repeat: no-repeat !important;background-size: cover !important;}&#8221; el_class=&#8221;cm_block_bg_sec&#8221;]<a class=\"nw_h_title\" href=\"https:\/\/faragroup.net\/tr\/risk-erken-uyari-erken-cozum\/\"><span class=\"orange_bd\">Erken Uyar\u0131, Erken \u00c7\u00f6z\u00fcm<\/span><\/a>[\/vc_column_text][\/vc_column][\/vc_row]<\/p>\n","protected":false},"excerpt":{"rendered":"<p>[vc_row el_class=&#8221;cnt_fnt_size&#8221;][vc_column][vc_custom_heading text=&#8221;NE YAPIYORUZ&#8221; font_container=&#8221;tag:h2|text_align:left|color:%2320487c&#8221; use_theme_fonts=&#8221;yes&#8221;][vc_column_text]Sermaye piyasalar\u0131, \u015firketler ve hukuk firmalar\u0131 \u00c7evresel, Sosyal ve Y\u00f6neti\u015fim (\u00ab \u00c7SY \u00bb &#8211; \u00ab ESG \u00bb) ile S\u00fcrd\u00fcr\u00fclebilirlik alanlar\u0131nda bir paradigma de\u011fi\u015fimine gitti. Bu de\u011fi\u015fim iklim de\u011fi\u015fikli\u011fini ve daha geni\u015f anlam\u0131yla s\u00fcrd\u00fcrebilirli\u011fi, sa\u011fl\u0131k ve g\u00fcvenli\u011fi, \u00e7al\u0131\u015fan geli\u015fimini ve elde tutma stratejilerini, m\u00fc\u015fteri mutlulu\u011funu, topluluk ili\u015fkilerini ve i\u015fletme eti\u011fi ile&hellip;<\/p>\n","protected":false},"author":1,"featured_media":0,"parent":0,"menu_order":0,"comment_status":"closed","ping_status":"closed","template":"","meta":{"_acf_changed":false},"class_list":["post-3981","page","type-page","status-publish","hentry","description-off"],"acf":[],"yoast_head":"<!-- This site is optimized with the Yoast SEO plugin v24.9 - https:\/\/yoast.com\/wordpress\/plugins\/seo\/ -->\n<title>Risk: ESG (\u00c7SY) Hizmetleri - Fara Group<\/title>\n<meta name=\"robots\" content=\"index, follow, max-snippet:-1, max-image-preview:large, max-video-preview:-1\" \/>\n<link rel=\"canonical\" href=\"https:\/\/faragroup.net\/tr\/risk-esg-csy-hizmetleri\/\" \/>\n<meta property=\"og:locale\" content=\"tr_TR\" \/>\n<meta property=\"og:type\" content=\"article\" \/>\n<meta property=\"og:title\" content=\"Risk: ESG (\u00c7SY) Hizmetleri - Fara Group\" \/>\n<meta property=\"og:description\" content=\"[vc_row el_class=&#8221;cnt_fnt_size&#8221;][vc_column][vc_custom_heading text=&#8221;NE YAPIYORUZ&#8221; font_container=&#8221;tag:h2|text_align:left|color:%2320487c&#8221; use_theme_fonts=&#8221;yes&#8221;][vc_column_text]Sermaye piyasalar\u0131, \u015firketler ve hukuk firmalar\u0131 \u00c7evresel, Sosyal ve Y\u00f6neti\u015fim (\u00ab \u00c7SY \u00bb &#8211; \u00ab ESG \u00bb) ile S\u00fcrd\u00fcr\u00fclebilirlik alanlar\u0131nda bir paradigma de\u011fi\u015fimine gitti. Bu de\u011fi\u015fim iklim de\u011fi\u015fikli\u011fini ve daha geni\u015f anlam\u0131yla s\u00fcrd\u00fcrebilirli\u011fi, sa\u011fl\u0131k ve g\u00fcvenli\u011fi, \u00e7al\u0131\u015fan geli\u015fimini ve elde tutma stratejilerini, m\u00fc\u015fteri mutlulu\u011funu, topluluk ili\u015fkilerini ve i\u015fletme eti\u011fi ile&hellip;\" \/>\n<meta property=\"og:url\" content=\"https:\/\/faragroup.net\/tr\/risk-esg-csy-hizmetleri\/\" \/>\n<meta property=\"og:site_name\" content=\"Fara Group\" \/>\n<meta property=\"article:modified_time\" content=\"2025-05-28T09:35:43+00:00\" \/>\n<meta name=\"twitter:card\" content=\"summary_large_image\" \/>\n<meta name=\"twitter:label1\" content=\"Tahmini okuma s\u00fcresi\" \/>\n\t<meta name=\"twitter:data1\" content=\"2 dakika\" \/>\n<script type=\"application\/ld+json\" class=\"yoast-schema-graph\">{\"@context\":\"https:\/\/schema.org\",\"@graph\":[{\"@type\":\"WebPage\",\"@id\":\"https:\/\/faragroup.net\/tr\/risk-esg-csy-hizmetleri\/\",\"url\":\"https:\/\/faragroup.net\/tr\/risk-esg-csy-hizmetleri\/\",\"name\":\"Risk: ESG (\u00c7SY) Hizmetleri - Fara Group\",\"isPartOf\":{\"@id\":\"https:\/\/faragroup.net\/tr\/#website\"},\"datePublished\":\"2021-12-19T09:56:00+00:00\",\"dateModified\":\"2025-05-28T09:35:43+00:00\",\"inLanguage\":\"tr\",\"potentialAction\":[{\"@type\":\"ReadAction\",\"target\":[\"https:\/\/faragroup.net\/tr\/risk-esg-csy-hizmetleri\/\"]}]},{\"@type\":\"WebSite\",\"@id\":\"https:\/\/faragroup.net\/tr\/#website\",\"url\":\"https:\/\/faragroup.net\/tr\/\",\"name\":\"Fara Group\",\"description\":\"\",\"potentialAction\":[{\"@type\":\"SearchAction\",\"target\":{\"@type\":\"EntryPoint\",\"urlTemplate\":\"https:\/\/faragroup.net\/tr\/?s={search_term_string}\"},\"query-input\":{\"@type\":\"PropertyValueSpecification\",\"valueRequired\":true,\"valueName\":\"search_term_string\"}}],\"inLanguage\":\"tr\"}]}<\/script>\n<!-- \/ Yoast SEO plugin. -->","yoast_head_json":{"title":"Risk: ESG (\u00c7SY) Hizmetleri - Fara Group","robots":{"index":"index","follow":"follow","max-snippet":"max-snippet:-1","max-image-preview":"max-image-preview:large","max-video-preview":"max-video-preview:-1"},"canonical":"https:\/\/faragroup.net\/tr\/risk-esg-csy-hizmetleri\/","og_locale":"tr_TR","og_type":"article","og_title":"Risk: ESG (\u00c7SY) Hizmetleri - Fara Group","og_description":"[vc_row el_class=&#8221;cnt_fnt_size&#8221;][vc_column][vc_custom_heading text=&#8221;NE YAPIYORUZ&#8221; font_container=&#8221;tag:h2|text_align:left|color:%2320487c&#8221; use_theme_fonts=&#8221;yes&#8221;][vc_column_text]Sermaye piyasalar\u0131, \u015firketler ve hukuk firmalar\u0131 \u00c7evresel, Sosyal ve Y\u00f6neti\u015fim (\u00ab \u00c7SY \u00bb &#8211; \u00ab ESG \u00bb) ile S\u00fcrd\u00fcr\u00fclebilirlik alanlar\u0131nda bir paradigma de\u011fi\u015fimine gitti. Bu de\u011fi\u015fim iklim de\u011fi\u015fikli\u011fini ve daha geni\u015f anlam\u0131yla s\u00fcrd\u00fcrebilirli\u011fi, sa\u011fl\u0131k ve g\u00fcvenli\u011fi, \u00e7al\u0131\u015fan geli\u015fimini ve elde tutma stratejilerini, m\u00fc\u015fteri mutlulu\u011funu, topluluk ili\u015fkilerini ve i\u015fletme eti\u011fi ile&hellip;","og_url":"https:\/\/faragroup.net\/tr\/risk-esg-csy-hizmetleri\/","og_site_name":"Fara Group","article_modified_time":"2025-05-28T09:35:43+00:00","twitter_card":"summary_large_image","twitter_misc":{"Tahmini okuma s\u00fcresi":"2 dakika"},"schema":{"@context":"https:\/\/schema.org","@graph":[{"@type":"WebPage","@id":"https:\/\/faragroup.net\/tr\/risk-esg-csy-hizmetleri\/","url":"https:\/\/faragroup.net\/tr\/risk-esg-csy-hizmetleri\/","name":"Risk: ESG (\u00c7SY) Hizmetleri - Fara Group","isPartOf":{"@id":"https:\/\/faragroup.net\/tr\/#website"},"datePublished":"2021-12-19T09:56:00+00:00","dateModified":"2025-05-28T09:35:43+00:00","inLanguage":"tr","potentialAction":[{"@type":"ReadAction","target":["https:\/\/faragroup.net\/tr\/risk-esg-csy-hizmetleri\/"]}]},{"@type":"WebSite","@id":"https:\/\/faragroup.net\/tr\/#website","url":"https:\/\/faragroup.net\/tr\/","name":"Fara Group","description":"","potentialAction":[{"@type":"SearchAction","target":{"@type":"EntryPoint","urlTemplate":"https:\/\/faragroup.net\/tr\/?s={search_term_string}"},"query-input":{"@type":"PropertyValueSpecification","valueRequired":true,"valueName":"search_term_string"}}],"inLanguage":"tr"}]}},"jetpack_sharing_enabled":true,"_links":{"self":[{"href":"https:\/\/faragroup.net\/tr\/wp-json\/wp\/v2\/pages\/3981","targetHints":{"allow":["GET"]}}],"collection":[{"href":"https:\/\/faragroup.net\/tr\/wp-json\/wp\/v2\/pages"}],"about":[{"href":"https:\/\/faragroup.net\/tr\/wp-json\/wp\/v2\/types\/page"}],"author":[{"embeddable":true,"href":"https:\/\/faragroup.net\/tr\/wp-json\/wp\/v2\/users\/1"}],"replies":[{"embeddable":true,"href":"https:\/\/faragroup.net\/tr\/wp-json\/wp\/v2\/comments?post=3981"}],"version-history":[{"count":23,"href":"https:\/\/faragroup.net\/tr\/wp-json\/wp\/v2\/pages\/3981\/revisions"}],"predecessor-version":[{"id":4315,"href":"https:\/\/faragroup.net\/tr\/wp-json\/wp\/v2\/pages\/3981\/revisions\/4315"}],"wp:attachment":[{"href":"https:\/\/faragroup.net\/tr\/wp-json\/wp\/v2\/media?parent=3981"}],"curies":[{"name":"wp","href":"https:\/\/api.w.org\/{rel}","templated":true}]}}