{"id":2994,"date":"2021-02-07T16:16:32","date_gmt":"2021-02-07T21:16:32","guid":{"rendered":"https:\/\/faragroup.net\/uzmanlik-alanlari\/"},"modified":"2021-02-11T05:52:14","modified_gmt":"2021-02-11T10:52:14","slug":"uzmanlik-alanlari","status":"publish","type":"page","link":"https:\/\/faragroup.net\/tr\/uzmanlik-alanlari\/","title":{"rendered":"Uzmanl\u0131k Alanlar\u0131"},"content":{"rendered":"<p>[vc_row el_class=&#8221;cnt_fnt_size&#8221;][vc_column][vc_column_text]Fara Grup, risk de\u011ferlendirmesi ve ihtilaf y\u00f6netiminde uzmand\u0131r. Amac\u0131m\u0131z, m\u00fc\u015fterilerimizin daha fazla g\u00fcven ve garantiyle daha y\u00fcksek riskli ve getirili giri\u015fimlerde bulunabilmelerini sa\u011flamakt\u0131r.[\/vc_column_text][\/vc_column][\/vc_row][vc_row el_class=&#8221;cnt_fnt_size nw_big_sec&#8221;][vc_column width=&#8221;1\/2&#8243;][vc_column_text css=&#8221;.vc_custom_1610900035832{background-image: url(https:\/\/faragroup.net\/wp-content\/uploads\/2020\/12\/Risk.jpg?id=2022) !important;background-position: center !important;background-repeat: no-repeat !important;background-size: cover !important;}&#8221; el_class=&#8221;cm_block_bg_sec&#8221;]<a href=\"https:\/\/faragroup.net\/tr\/uzmanlik-alanlari\/risk\/\">Risk<\/a>[\/vc_column_text][\/vc_column][vc_column width=&#8221;1\/2&#8243;][vc_column_text css=&#8221;.vc_custom_1610900053658{background-image: url(https:\/\/faragroup.net\/wp-content\/uploads\/2020\/12\/Disputes.jpg?id=2025) !important;background-position: center !important;background-repeat: no-repeat !important;background-size: cover !important;}&#8221; el_class=&#8221;cm_block_bg_sec&#8221;]<a href=\"https:\/\/faragroup.net\/tr\/uzmanlik-alanlari\/ihtilaflar\/\">\u0130htilaflar<\/a>[\/vc_column_text][\/vc_column][\/vc_row]<\/p>\n","protected":false},"excerpt":{"rendered":"<p>[vc_row el_class=&#8221;cnt_fnt_size&#8221;][vc_column][vc_column_text]Fara Grup, risk de\u011ferlendirmesi ve ihtilaf y\u00f6netiminde uzmand\u0131r. Amac\u0131m\u0131z, m\u00fc\u015fterilerimizin daha fazla g\u00fcven ve garantiyle daha y\u00fcksek riskli ve getirili giri\u015fimlerde bulunabilmelerini sa\u011flamakt\u0131r.[\/vc_column_text][\/vc_column][\/vc_row][vc_row el_class=&#8221;cnt_fnt_size nw_big_sec&#8221;][vc_column width=&#8221;1\/2&#8243;][vc_column_text css=&#8221;.vc_custom_1610900035832{background-image: url(https:\/\/faragroup.net\/wp-content\/uploads\/2020\/12\/Risk.jpg?id=2022) !important;background-position: center !important;background-repeat: no-repeat !important;background-size: cover !important;}&#8221; el_class=&#8221;cm_block_bg_sec&#8221;]Risk[\/vc_column_text][\/vc_column][vc_column width=&#8221;1\/2&#8243;][vc_column_text css=&#8221;.vc_custom_1610900053658{background-image: url(https:\/\/faragroup.net\/wp-content\/uploads\/2020\/12\/Disputes.jpg?id=2025) !important;background-position: center !important;background-repeat: no-repeat !important;background-size: cover !important;}&#8221; el_class=&#8221;cm_block_bg_sec&#8221;]\u0130htilaflar[\/vc_column_text][\/vc_column][\/vc_row]<\/p>\n","protected":false},"author":1,"featured_media":0,"parent":0,"menu_order":0,"comment_status":"closed","ping_status":"closed","template":"","meta":{"_acf_changed":false},"class_list":["post-2994","page","type-page","status-publish","hentry","description-off"],"acf":[],"yoast_head":"<!-- This site is optimized with the Yoast SEO plugin v24.9 - https:\/\/yoast.com\/wordpress\/plugins\/seo\/ -->\n<title>Uzmanl\u0131k Alanlar\u0131 - Fara Group<\/title>\n<meta name=\"robots\" content=\"index, follow, max-snippet:-1, max-image-preview:large, max-video-preview:-1\" \/>\n<link rel=\"canonical\" href=\"https:\/\/faragroup.net\/tr\/uzmanlik-alanlari\/\" \/>\n<meta property=\"og:locale\" content=\"tr_TR\" \/>\n<meta property=\"og:type\" content=\"article\" \/>\n<meta property=\"og:title\" content=\"Uzmanl\u0131k Alanlar\u0131 - Fara Group\" \/>\n<meta property=\"og:description\" content=\"[vc_row el_class=&#8221;cnt_fnt_size&#8221;][vc_column][vc_column_text]Fara Grup, risk de\u011ferlendirmesi ve ihtilaf y\u00f6netiminde uzmand\u0131r. Amac\u0131m\u0131z, m\u00fc\u015fterilerimizin daha fazla g\u00fcven ve garantiyle daha y\u00fcksek riskli ve getirili giri\u015fimlerde bulunabilmelerini sa\u011flamakt\u0131r.[\/vc_column_text][\/vc_column][\/vc_row][vc_row el_class=&#8221;cnt_fnt_size nw_big_sec&#8221;][vc_column width=&#8221;1\/2&#8243;][vc_column_text css=&#8221;.vc_custom_1610900035832{background-image: url(https:\/\/faragroup.net\/wp-content\/uploads\/2020\/12\/Risk.jpg?id=2022) !important;background-position: center !important;background-repeat: no-repeat !important;background-size: cover !important;}&#8221; el_class=&#8221;cm_block_bg_sec&#8221;]Risk[\/vc_column_text][\/vc_column][vc_column width=&#8221;1\/2&#8243;][vc_column_text css=&#8221;.vc_custom_1610900053658{background-image: url(https:\/\/faragroup.net\/wp-content\/uploads\/2020\/12\/Disputes.jpg?id=2025) !important;background-position: center !important;background-repeat: no-repeat !important;background-size: cover !important;}&#8221; el_class=&#8221;cm_block_bg_sec&#8221;]\u0130htilaflar[\/vc_column_text][\/vc_column][\/vc_row]\" \/>\n<meta property=\"og:url\" content=\"https:\/\/faragroup.net\/tr\/uzmanlik-alanlari\/\" \/>\n<meta property=\"og:site_name\" content=\"Fara Group\" \/>\n<meta property=\"article:modified_time\" content=\"2021-02-11T10:52:14+00:00\" \/>\n<meta name=\"twitter:card\" content=\"summary_large_image\" \/>\n<meta name=\"twitter:label1\" content=\"Tahmini okuma s\u00fcresi\" \/>\n\t<meta name=\"twitter:data1\" content=\"1 dakika\" \/>\n<script type=\"application\/ld+json\" class=\"yoast-schema-graph\">{\"@context\":\"https:\/\/schema.org\",\"@graph\":[{\"@type\":\"WebPage\",\"@id\":\"https:\/\/faragroup.net\/tr\/uzmanlik-alanlari\/\",\"url\":\"https:\/\/faragroup.net\/tr\/uzmanlik-alanlari\/\",\"name\":\"Uzmanl\u0131k Alanlar\u0131 - Fara Group\",\"isPartOf\":{\"@id\":\"https:\/\/faragroup.net\/tr\/#website\"},\"datePublished\":\"2021-02-07T21:16:32+00:00\",\"dateModified\":\"2021-02-11T10:52:14+00:00\",\"inLanguage\":\"tr\",\"potentialAction\":[{\"@type\":\"ReadAction\",\"target\":[\"https:\/\/faragroup.net\/tr\/uzmanlik-alanlari\/\"]}]},{\"@type\":\"WebSite\",\"@id\":\"https:\/\/faragroup.net\/tr\/#website\",\"url\":\"https:\/\/faragroup.net\/tr\/\",\"name\":\"Fara Group\",\"description\":\"\",\"potentialAction\":[{\"@type\":\"SearchAction\",\"target\":{\"@type\":\"EntryPoint\",\"urlTemplate\":\"https:\/\/faragroup.net\/tr\/?s={search_term_string}\"},\"query-input\":{\"@type\":\"PropertyValueSpecification\",\"valueRequired\":true,\"valueName\":\"search_term_string\"}}],\"inLanguage\":\"tr\"}]}<\/script>\n<!-- \/ Yoast SEO plugin. -->","yoast_head_json":{"title":"Uzmanl\u0131k Alanlar\u0131 - Fara Group","robots":{"index":"index","follow":"follow","max-snippet":"max-snippet:-1","max-image-preview":"max-image-preview:large","max-video-preview":"max-video-preview:-1"},"canonical":"https:\/\/faragroup.net\/tr\/uzmanlik-alanlari\/","og_locale":"tr_TR","og_type":"article","og_title":"Uzmanl\u0131k Alanlar\u0131 - Fara Group","og_description":"[vc_row el_class=&#8221;cnt_fnt_size&#8221;][vc_column][vc_column_text]Fara Grup, risk de\u011ferlendirmesi ve ihtilaf y\u00f6netiminde uzmand\u0131r. Amac\u0131m\u0131z, m\u00fc\u015fterilerimizin daha fazla g\u00fcven ve garantiyle daha y\u00fcksek riskli ve getirili giri\u015fimlerde bulunabilmelerini sa\u011flamakt\u0131r.[\/vc_column_text][\/vc_column][\/vc_row][vc_row el_class=&#8221;cnt_fnt_size nw_big_sec&#8221;][vc_column width=&#8221;1\/2&#8243;][vc_column_text css=&#8221;.vc_custom_1610900035832{background-image: url(https:\/\/faragroup.net\/wp-content\/uploads\/2020\/12\/Risk.jpg?id=2022) !important;background-position: center !important;background-repeat: no-repeat !important;background-size: cover !important;}&#8221; el_class=&#8221;cm_block_bg_sec&#8221;]Risk[\/vc_column_text][\/vc_column][vc_column width=&#8221;1\/2&#8243;][vc_column_text css=&#8221;.vc_custom_1610900053658{background-image: url(https:\/\/faragroup.net\/wp-content\/uploads\/2020\/12\/Disputes.jpg?id=2025) !important;background-position: center !important;background-repeat: no-repeat !important;background-size: cover !important;}&#8221; el_class=&#8221;cm_block_bg_sec&#8221;]\u0130htilaflar[\/vc_column_text][\/vc_column][\/vc_row]","og_url":"https:\/\/faragroup.net\/tr\/uzmanlik-alanlari\/","og_site_name":"Fara Group","article_modified_time":"2021-02-11T10:52:14+00:00","twitter_card":"summary_large_image","twitter_misc":{"Tahmini okuma s\u00fcresi":"1 dakika"},"schema":{"@context":"https:\/\/schema.org","@graph":[{"@type":"WebPage","@id":"https:\/\/faragroup.net\/tr\/uzmanlik-alanlari\/","url":"https:\/\/faragroup.net\/tr\/uzmanlik-alanlari\/","name":"Uzmanl\u0131k Alanlar\u0131 - Fara Group","isPartOf":{"@id":"https:\/\/faragroup.net\/tr\/#website"},"datePublished":"2021-02-07T21:16:32+00:00","dateModified":"2021-02-11T10:52:14+00:00","inLanguage":"tr","potentialAction":[{"@type":"ReadAction","target":["https:\/\/faragroup.net\/tr\/uzmanlik-alanlari\/"]}]},{"@type":"WebSite","@id":"https:\/\/faragroup.net\/tr\/#website","url":"https:\/\/faragroup.net\/tr\/","name":"Fara Group","description":"","potentialAction":[{"@type":"SearchAction","target":{"@type":"EntryPoint","urlTemplate":"https:\/\/faragroup.net\/tr\/?s={search_term_string}"},"query-input":{"@type":"PropertyValueSpecification","valueRequired":true,"valueName":"search_term_string"}}],"inLanguage":"tr"}]}},"jetpack_sharing_enabled":true,"_links":{"self":[{"href":"https:\/\/faragroup.net\/tr\/wp-json\/wp\/v2\/pages\/2994","targetHints":{"allow":["GET"]}}],"collection":[{"href":"https:\/\/faragroup.net\/tr\/wp-json\/wp\/v2\/pages"}],"about":[{"href":"https:\/\/faragroup.net\/tr\/wp-json\/wp\/v2\/types\/page"}],"author":[{"embeddable":true,"href":"https:\/\/faragroup.net\/tr\/wp-json\/wp\/v2\/users\/1"}],"replies":[{"embeddable":true,"href":"https:\/\/faragroup.net\/tr\/wp-json\/wp\/v2\/comments?post=2994"}],"version-history":[{"count":11,"href":"https:\/\/faragroup.net\/tr\/wp-json\/wp\/v2\/pages\/2994\/revisions"}],"predecessor-version":[{"id":3626,"href":"https:\/\/faragroup.net\/tr\/wp-json\/wp\/v2\/pages\/2994\/revisions\/3626"}],"wp:attachment":[{"href":"https:\/\/faragroup.net\/tr\/wp-json\/wp\/v2\/media?parent=2994"}],"curies":[{"name":"wp","href":"https:\/\/api.w.org\/{rel}","templated":true}]}}