{"id":2991,"date":"2021-02-07T16:10:14","date_gmt":"2021-02-07T21:10:14","guid":{"rendered":"https:\/\/faragroup.net\/yaptirimlar\/"},"modified":"2025-05-28T05:28:53","modified_gmt":"2025-05-28T10:28:53","slug":"yaptirimlar","status":"publish","type":"page","link":"https:\/\/faragroup.net\/tr\/uzmanlik-alanlari\/yaptirimlar\/","title":{"rendered":"Yapt\u0131r\u0131mlar"},"content":{"rendered":"<p>[vc_row el_class=&#8221;cnt_fnt_size&#8221;][vc_column][vc_custom_heading text=&#8221;NE YAPIYORUZ&#8221; font_container=&#8221;tag:h2|text_align:left|color:%2320487c&#8221; use_theme_fonts=&#8221;yes&#8221; css_animation=&#8221;fadeIn&#8221;][vc_column_text]Hizmetlerinin, varl\u0131klar\u0131n\u0131n ve kaynaklar\u0131n\u0131n yasad\u0131\u015f\u0131 ama\u00e7larla kullan\u0131lmad\u0131\u011f\u0131ndan emin olmak, herhangi bir yarg\u0131 alan\u0131nda i\u015f yapan her \u015firketin sorumlulu\u011fudur. Uyumlulu\u011fun sa\u011flanamamas\u0131 ciddi yasal yapt\u0131r\u0131mlarla sonu\u00e7lanabilir. ABD H\u00fck\u00fcmeti, Hazine Bakanl\u0131\u011f\u0131 \u201cn\u0131n Yabanc\u0131 Varl\u0131klar\u0131n Kontrol\u00fc Ofisi (OFAC) arac\u0131l\u0131\u011f\u0131yla, ter\u00f6rizmin finansman\u0131, yolsuz i\u015f uygulamalar\u0131 ve ciddi insan haklar\u0131 ihlalleri nedeniyle bireyleri ve kurulu\u015flar\u0131 aktif olarak hedef almakta ve belirlemektedir. Bu t\u00fcr davran\u0131\u015flar\u0131 cayd\u0131rmak i\u00e7in yapt\u0131r\u0131mlar\u0131n uygulanmas\u0131n\u0131n art\u0131\u015f e\u011filiminde oldu\u011funu belirtmi\u015ftik. OFAC\u201d \u0131n \u00d6zel Olarak Belirlenmi\u015f Vatanda\u015flar ve Engellenmi\u015f Ki\u015filer Listesi \u201cnde (SDN Listesi) 8.400\u201d den fazla kurum ve ki\u015fi bulunmaktad\u0131r. Bu say\u0131 sadece 2020 y\u0131l\u0131nda 400 artm\u0131\u015ft\u0131r.     <\/p>\n<p>Fara Group, kurulu\u015fun \u00e7al\u0131\u015fanlar\u0131n\u0131n, m\u00fc\u015fterilerinin ve kar\u015f\u0131 taraflar\u0131n\u0131n yan\u0131 s\u0131ra m\u00fc\u015fterilerinin bilinen i\u015f ortaklar\u0131n\u0131n d\u00fcr\u00fcstl\u00fc\u011f\u00fcn\u00fc de\u011ferlendirmek i\u00e7in kurulu\u015f \u00e7ap\u0131nda Kara Para Aklamay\u0131 \u00d6nleme\/Ter\u00f6rizmin Finansman\u0131yla M\u00fccadele (AML\/CFT) analizi sa\u011flar. Denetim ekibimiz ve kulland\u0131klar\u0131 y\u00f6ntemler, \u00f6zellikle AML\/CFT konusunda d\u00fcnyan\u0131n \u201cs\u0131cak noktalar\u0131ndaki\u201d projeler i\u00e7in tasarlanm\u0131\u015ft\u0131r. Bu yarg\u0131 alanlar\u0131ndaki deneyimimiz sayesinde, denetim s\u00fcrecine benzersiz bir dizi yetenek getiriyoruz.  <\/p>\n<p>\u0130leriye konu\u015fland\u0131r\u0131lm\u0131\u015f <b>ekipler<\/b><br \/>\nFara Group, y\u00f6neticileri ve analistleri ana dil becerileri ve yerel bilgi birikimine sahip olan ileriye konu\u015fland\u0131r\u0131lm\u0131\u015f ekipleri harekete ge\u00e7irir. Profesyonellerimiz s\u0131n\u0131r pazarlara \u00f6zg\u00fc yasal ve siyasi risklere a\u015finad\u0131r. Personelimizin yar\u0131s\u0131ndan fazlas\u0131n\u0131n ana dili Arap\u00e7a&#8217;d\u0131r ve MENA b\u00f6lgesinde yerle\u015fiktir, bu nedenle belirli projelerin gerektirdi\u011fi \u015fekilde hedeflenen dil veya sekt\u00f6r becerilerine sahip profesyonelleri h\u0131zl\u0131 bir \u015fekilde istihdam edebiliyoruz.  <\/p>\n<p><b>Veri yap\u0131land\u0131rma<\/b><br \/>\nFara Group, b\u00fcy\u00fck miktarlarda yap\u0131land\u0131r\u0131lmam\u0131\u015f veriyi i\u015fleme konusunda son derece yetkin. \u00d6zellikle mali denetimler i\u00e7in bu, yaln\u0131zca bir kurumun temel sistemleri taraf\u0131ndan sa\u011flanan yap\u0131land\u0131r\u0131lm\u0131\u015f bilgilere g\u00fcvenmememizi sa\u011flar. Geni\u015f hacimli yap\u0131land\u0131r\u0131lmam\u0131\u015f verileri i\u015flemek ve kolayca analiz edilebilecek bir formatta d\u00fczenlemek i\u00e7in ana dili \u0130ngilizce olan ekipler istihdam ediyoruz. Deneyimlerimiz aras\u0131nda d\u00fc\u015f\u00fck kaliteli, elle yaz\u0131lm\u0131\u015f mali kay\u0131tlarla u\u011fra\u015fmak da yer almaktad\u0131r.   <\/p>\n<p><b>Art\u0131r\u0131lm\u0131\u015f denetim y\u00f6ntemleri<\/b><br \/>\nFara Group, uluslararas\u0131 en iyi uygulamalar\u0131 su\u00e7 davran\u0131\u015f e\u011filimlerine ili\u015fkin yerel bir anlay\u0131\u015fla birle\u015ftirir. Hesap denetim kontrol listelerimiz FATF ve OFAC y\u00f6nergelerine uygundur ve s\u00f6z konusu kuruma veya \u00fclkeye \u00f6zg\u00fc aldat\u0131c\u0131 uygulamalar\u0131 ortaya \u00e7\u0131karmaya yard\u0131mc\u0131 olan ek \u00f6\u011feler i\u00e7erir. \u015e\u00fcpheli hesap davran\u0131\u015flar\u0131n\u0131 tespit etmek ve bankalar ve ulusal yarg\u0131 b\u00f6lgeleri aras\u0131ndaki finansal ak\u0131\u015flar\u0131 izlemek i\u00e7in FBI taraf\u0131ndan kullan\u0131lan veri bilimi tekniklerini kullan\u0131yoruz.  <\/p>\n<p><b>Adli incelemeler<\/b><br \/>\nFara Group, kay\u0131tlar\u0131ndaki potansiyel toksik i\u015flemlerden endi\u015fe duyan firmalar i\u00e7in adli d\u00fczeyde bir analiz sunar. Sorunun kapsam\u0131n\u0131 tan\u0131ml\u0131yor ve \u00e7\u00f6z\u00fcm i\u00e7in bir plan olu\u015fturuyoruz. OFAC ve FinCEN taraf\u0131ndan kullan\u0131lan tescilli veri tabanlar\u0131 da dahil olmak \u00fczere \u00e7ok say\u0131da veri setinden bilgi al\u0131yoruz. Gerekti\u011finde, analizimizi do\u011frulamak ve zenginle\u015ftirmek i\u00e7in gizli insan kaynaklar\u0131ndan yararlan\u0131yoruz.   <\/p>\n<p><b>Risk y\u00f6netimi<\/b><br \/>\nFara Group, m\u00fc\u015fteriye ve denetlenen tarafa y\u00f6nelik t\u00fcm risk yelpazesini anlamakta ve bunlar\u0131 korumak i\u00e7in hafifletici \u00f6nlemler almaktad\u0131r. Faaliyet g\u00f6sterdi\u011fimiz \u201cs\u0131cak nokta\u201d yarg\u0131 b\u00f6lgelerinin daha az d\u00fczenlenmi\u015f yap\u0131s\u0131, denetim s\u00fcreciyle ili\u015fkili herkes i\u00e7in risk olu\u015fturabilecek kas\u0131tl\u0131 yanl\u0131\u015f beyanlar ve ihmallerden kaynaklanan denetim risklerini art\u0131rmaktad\u0131r. Bunlar\u0131 \u00f6ng\u00f6r\u00fcyor ve kar\u015f\u0131l\u0131k veriyoruz.[\/vc_column_text][\/vc_column][\/vc_row][vc_row el_class=&#8221;cnt_fnt_size&#8221;][vc_column][vc_custom_heading text=&#8221;Ne d\u00fc\u015f\u00fcn\u00fcyoruz&#8221; font_container=&#8221;tag:h2|text_align:left|color:%2320487c&#8221; use_theme_fonts=&#8221;yes&#8221; css_animation=&#8221;fadeIn&#8221;][\/vc_column][\/vc_row][vc_row gap=&#8221;15&#8243; el_class=&#8221;cm_blog_mrg&#8221;][vc_column width=&#8221;1\/3&#8243;][vc_row_inner][vc_column_inner el_class=&#8221;box_cls_covr&#8221; css=&#8221;.vc_custom_1606386710014{padding-top: 0px !important;padding-bottom: 0px !important;background-color: #1f365c !important;background-position: center !important;background-repeat: no-repeat !important;background-size: cover !important;}&#8221;][vc_raw_html]PGRpdiBjbGFzcz0ic2RfaW5ib3hjIj4KPGRpdiBjbGFzcz0ic2RfaW5ib3hjX2lubmVyIj4KPGgyPjxhIGhyZWY9Imh0dHBzOi8vZmFyYWdyb3VwLm5ldC90ci9odWt1a3VuLXVzdHVuLW9sbWFkaWdpLWR1cnVtbGFyZGEtYXZhbnRhai1vbHVzdHVyYWJpbG1lLyI+Ck9ydGEgS29yaWRvcmEgWWF0xLFyxLFtIFlhcG1hazwvYT4KPC9oMj4KPHA+RsSxcnNhdGxhciB2ZSBSaXNrbGVyPC9wPgo8L2Rpdj4KPC9kaXY+Cg==[\/vc_raw_html][\/vc_column_inner][\/vc_row_inner][\/vc_column][vc_column width=&#8221;2\/3&#8243; css=&#8221;.vc_custom_1605013309847{padding-top: 0px !important;padding-bottom: 0px !important;background-position: center !important;background-repeat: no-repeat !important;background-size: cover !important;}&#8221;][vc_row_inner][vc_column_inner el_class=&#8221;box_cls_covr&#8221; css=&#8221;.vc_custom_1748427832816{padding-top: 0px !important;padding-right: 0px !important;padding-bottom: 0px !important;padding-left: 0px !important;background-image: url(https:\/\/faragroup.net\/wp-content\/uploads\/2025\/05\/The-Transformative-Power-of-AI-in-AML-scaled.jpg?id=4174) !important;background-position: center !important;background-repeat: no-repeat !important;background-size: cover !important;}&#8221;][vc_raw_html]PGRpdiBjbGFzcz0ic2RfaW5ib3hjIj4KPGRpdiBjbGFzcz0ic2RfaW5ib3hjX2lubmVyIj4KPGgyPjxhIGhyZWY9Imh0dHBzOi8vZmFyYWdyb3VwLm5ldC90ci9hbWwtY2Z0LXNvcnVzdHVybWFsYXJpbmRhLXlhcGF5LXpla2FuaW4tZG9udXN0dXJ1Y3UtZ3VjdS8iPgpBTUwvQ0ZUIFNvcnXFn3R1cm1hbGFyxLFuZGEgWWFwYXkgWmVrYW7EsW4gRMO2bsO8xZ90w7xyw7xjw7wgR8O8Y8O8PC9hPgo8L2gyPgoKPGJyPjwvZGl2Pgo8L2Rpdj4K[\/vc_raw_html][\/vc_column_inner][\/vc_row_inner][\/vc_column][\/vc_row][vc_row gap=&#8221;15&#8243; el_class=&#8221;cm_blog_mrg&#8221;][vc_column width=&#8221;2\/3&#8243; css=&#8221;.vc_custom_1605013309847{padding-top: 0px !important;padding-bottom: 0px !important;background-position: center !important;background-repeat: no-repeat !important;background-size: cover !important;}&#8221;][vc_row_inner][vc_column_inner el_class=&#8221;box_cls_covr&#8221; css=&#8221;.vc_custom_1748427804544{padding-top: 0px !important;padding-right: 0px !important;padding-bottom: 0px !important;padding-left: 0px !important;background-image: url(https:\/\/faragroup.net\/wp-content\/uploads\/2025\/04\/Digital-Pursuits-Tracing-Cryptos-Trail-of-Money-Laundering-3.jpg?id=4150) !important;background-position: center !important;background-repeat: no-repeat !important;background-size: cover !important;}&#8221;][vc_raw_html]PGRpdiBjbGFzcz0ic2RfaW5ib3hjIj4KPGRpdiBjbGFzcz0ic2RfaW5ib3hjX2lubmVyIj4KPGgyPjxhIGhyZWY9Imh0dHBzOi8vZmFyYWdyb3VwLm5ldC90ci9odWt1a3VuLXVzdHVuLW9sbWFkaWdpLWR1cnVtbGFyZGEtYXZhbnRhai1vbHVzdHVyYWJpbG1lLTIvIj4KRGlqaXRhbCBUYWtpcGxlcjogS3JpcHRvJ251biBLYXJhIFBhcmEgQWtsYW1hIMSwemluaSBTw7xybWVrPC9hPgo8L2gyPgo8YnI+PC9kaXY+CjwvZGl2Pgo=[\/vc_raw_html][\/vc_column_inner][\/vc_row_inner][\/vc_column][vc_column width=&#8221;1\/3&#8243;][vc_row_inner][vc_column_inner el_class=&#8221;box_cls_covr&#8221; css=&#8221;.vc_custom_1606386716918{padding-top: 0px !important;padding-bottom: 0px !important;background-color: #1f365c !important;background-position: center !important;background-repeat: no-repeat !important;background-size: cover !important;}&#8221;][vc_raw_html]PGRpdiBjbGFzcz0ic2RfaW5ib3hjIj4KPGRpdiBjbGFzcz0ic2RfaW5ib3hjX2lubmVyIj4KPGgyPjxhIGhyZWY9Imh0dHBzOi8vZmFyYWdyb3VwLm5ldC90ci9hcmFwY2EtZG9jZXgvIj4KTmFkaXIgVG9wcmFrIE1ldGFsbGVyaSB2ZSBPcnRhIEtvcmlkb3I8L2E+CjwvaDI+CjxwPlN0cmF0ZWppayBFcmnFn2ltLCBTdHJhdGVqaWsgQXZhbnRhajwvcD4KPC9kaXY+CjwvZGl2Pgo=[\/vc_raw_html][\/vc_column_inner][\/vc_row_inner][\/vc_column][\/vc_row][vc_row el_class=&#8221;cnt_fnt_size mrgtop50&#8243;][vc_column][vc_custom_heading text=&#8221;YARDIM EDEB\u0130LECE\u011e\u0130M\u0130Z D\u0130\u011eER ALANLAR&#8221; font_container=&#8221;tag:h2|text_align:left|color:%2320487c&#8221; use_theme_fonts=&#8221;yes&#8221; css_animation=&#8221;fadeIn&#8221;][\/vc_column][\/vc_row][vc_row el_class=&#8221;cnt_fnt_size&#8221;][vc_column width=&#8221;1\/2&#8243;][vc_column_text css=&#8221;.vc_custom_1608097326736{background-image: url(https:\/\/faragroup.net\/wp-content\/uploads\/2020\/12\/Risk-Due-diligence.jpg?id=2063) !important;background-position: center !important;background-repeat: no-repeat !important;background-size: cover !important;}&#8221; el_class=&#8221;cm_block_bg_sec&#8221;]<a class=\"nw_h_title\" href=\"https:\/\/faragroup.net\/tr\/risk-on-denetim-ve-tespit\/\"><span class=\"orange_bd\">\u00d6n Denet\u0130m ve<\/span><\/a>[\/vc_column_text][\/vc_column][vc_column width=&#8221;1\/2&#8243;][vc_column_text css=&#8221;.vc_custom_1608097222142{background-image: url(https:\/\/faragroup.net\/wp-content\/uploads\/2020\/12\/Disputes-Asset-Tracing.jpg?id=2080) !important;background-position: center !important;background-repeat: no-repeat !important;background-size: cover !important;}&#8221; el_class=&#8221;cm_block_bg_sec&#8221;]<a class=\"nw_h_title\" href=\"https:\/\/faragroup.net\/tr\/ihtilaflar-varlik-takibi\/\"><span class=\"orange_bd\">Varl\u0131k Takibi<\/span><\/a>[\/vc_column_text][\/vc_column][\/vc_row]<\/p>\n","protected":false},"excerpt":{"rendered":"<p>[vc_row el_class=&#8221;cnt_fnt_size&#8221;][vc_column][vc_custom_heading text=&#8221;NE YAPIYORUZ&#8221; font_container=&#8221;tag:h2|text_align:left|color:%2320487c&#8221; use_theme_fonts=&#8221;yes&#8221; css_animation=&#8221;fadeIn&#8221;][vc_column_text]Hizmetlerinin, varl\u0131klar\u0131n\u0131n ve kaynaklar\u0131n\u0131n yasad\u0131\u015f\u0131 ama\u00e7larla kullan\u0131lmad\u0131\u011f\u0131ndan emin olmak, herhangi bir yarg\u0131 alan\u0131nda i\u015f yapan her \u015firketin sorumlulu\u011fudur. Uyumlulu\u011fun sa\u011flanamamas\u0131 ciddi yasal yapt\u0131r\u0131mlarla sonu\u00e7lanabilir. ABD H\u00fck\u00fcmeti, Hazine Bakanl\u0131\u011f\u0131 \u201cn\u0131n Yabanc\u0131 Varl\u0131klar\u0131n Kontrol\u00fc Ofisi (OFAC) arac\u0131l\u0131\u011f\u0131yla, ter\u00f6rizmin finansman\u0131, yolsuz i\u015f uygulamalar\u0131 ve ciddi insan haklar\u0131 ihlalleri nedeniyle bireyleri ve kurulu\u015flar\u0131&hellip;<\/p>\n","protected":false},"author":1,"featured_media":0,"parent":2994,"menu_order":0,"comment_status":"closed","ping_status":"closed","template":"","meta":{"_acf_changed":false},"class_list":["post-2991","page","type-page","status-publish","hentry","description-off"],"acf":[],"yoast_head":"<!-- This site is optimized with the Yoast SEO plugin v24.9 - https:\/\/yoast.com\/wordpress\/plugins\/seo\/ -->\n<title>Yapt\u0131r\u0131mlar - Fara Group<\/title>\n<meta name=\"robots\" content=\"index, follow, max-snippet:-1, max-image-preview:large, max-video-preview:-1\" \/>\n<link rel=\"canonical\" href=\"https:\/\/faragroup.net\/tr\/uzmanlik-alanlari\/yaptirimlar\/\" \/>\n<meta property=\"og:locale\" content=\"tr_TR\" \/>\n<meta property=\"og:type\" content=\"article\" \/>\n<meta property=\"og:title\" content=\"Yapt\u0131r\u0131mlar - Fara Group\" \/>\n<meta property=\"og:description\" content=\"[vc_row el_class=&#8221;cnt_fnt_size&#8221;][vc_column][vc_custom_heading text=&#8221;NE YAPIYORUZ&#8221; font_container=&#8221;tag:h2|text_align:left|color:%2320487c&#8221; use_theme_fonts=&#8221;yes&#8221; css_animation=&#8221;fadeIn&#8221;][vc_column_text]Hizmetlerinin, varl\u0131klar\u0131n\u0131n ve kaynaklar\u0131n\u0131n yasad\u0131\u015f\u0131 ama\u00e7larla kullan\u0131lmad\u0131\u011f\u0131ndan emin olmak, herhangi bir yarg\u0131 alan\u0131nda i\u015f yapan her \u015firketin sorumlulu\u011fudur. Uyumlulu\u011fun sa\u011flanamamas\u0131 ciddi yasal yapt\u0131r\u0131mlarla sonu\u00e7lanabilir. ABD H\u00fck\u00fcmeti, Hazine Bakanl\u0131\u011f\u0131 \u201cn\u0131n Yabanc\u0131 Varl\u0131klar\u0131n Kontrol\u00fc Ofisi (OFAC) arac\u0131l\u0131\u011f\u0131yla, ter\u00f6rizmin finansman\u0131, yolsuz i\u015f uygulamalar\u0131 ve ciddi insan haklar\u0131 ihlalleri nedeniyle bireyleri ve kurulu\u015flar\u0131&hellip;\" \/>\n<meta property=\"og:url\" content=\"https:\/\/faragroup.net\/tr\/uzmanlik-alanlari\/yaptirimlar\/\" \/>\n<meta property=\"og:site_name\" content=\"Fara Group\" \/>\n<meta property=\"article:modified_time\" content=\"2025-05-28T10:28:53+00:00\" \/>\n<meta name=\"twitter:card\" content=\"summary_large_image\" \/>\n<meta name=\"twitter:label1\" content=\"Tahmini okuma s\u00fcresi\" \/>\n\t<meta name=\"twitter:data1\" content=\"6 dakika\" \/>\n<script type=\"application\/ld+json\" class=\"yoast-schema-graph\">{\"@context\":\"https:\/\/schema.org\",\"@graph\":[{\"@type\":\"WebPage\",\"@id\":\"https:\/\/faragroup.net\/tr\/uzmanlik-alanlari\/yaptirimlar\/\",\"url\":\"https:\/\/faragroup.net\/tr\/uzmanlik-alanlari\/yaptirimlar\/\",\"name\":\"Yapt\u0131r\u0131mlar - Fara Group\",\"isPartOf\":{\"@id\":\"https:\/\/faragroup.net\/tr\/#website\"},\"datePublished\":\"2021-02-07T21:10:14+00:00\",\"dateModified\":\"2025-05-28T10:28:53+00:00\",\"breadcrumb\":{\"@id\":\"https:\/\/faragroup.net\/tr\/uzmanlik-alanlari\/yaptirimlar\/#breadcrumb\"},\"inLanguage\":\"tr\",\"potentialAction\":[{\"@type\":\"ReadAction\",\"target\":[\"https:\/\/faragroup.net\/tr\/uzmanlik-alanlari\/yaptirimlar\/\"]}]},{\"@type\":\"BreadcrumbList\",\"@id\":\"https:\/\/faragroup.net\/tr\/uzmanlik-alanlari\/yaptirimlar\/#breadcrumb\",\"itemListElement\":[{\"@type\":\"ListItem\",\"position\":1,\"name\":\"Uzmanl\u0131k Alanlar\u0131\",\"item\":\"https:\/\/faragroup.net\/tr\/uzmanlik-alanlari\/\"},{\"@type\":\"ListItem\",\"position\":2,\"name\":\"Yapt\u0131r\u0131mlar\"}]},{\"@type\":\"WebSite\",\"@id\":\"https:\/\/faragroup.net\/tr\/#website\",\"url\":\"https:\/\/faragroup.net\/tr\/\",\"name\":\"Fara Group\",\"description\":\"\",\"potentialAction\":[{\"@type\":\"SearchAction\",\"target\":{\"@type\":\"EntryPoint\",\"urlTemplate\":\"https:\/\/faragroup.net\/tr\/?s={search_term_string}\"},\"query-input\":{\"@type\":\"PropertyValueSpecification\",\"valueRequired\":true,\"valueName\":\"search_term_string\"}}],\"inLanguage\":\"tr\"}]}<\/script>\n<!-- \/ Yoast SEO plugin. -->","yoast_head_json":{"title":"Yapt\u0131r\u0131mlar - Fara Group","robots":{"index":"index","follow":"follow","max-snippet":"max-snippet:-1","max-image-preview":"max-image-preview:large","max-video-preview":"max-video-preview:-1"},"canonical":"https:\/\/faragroup.net\/tr\/uzmanlik-alanlari\/yaptirimlar\/","og_locale":"tr_TR","og_type":"article","og_title":"Yapt\u0131r\u0131mlar - Fara Group","og_description":"[vc_row el_class=&#8221;cnt_fnt_size&#8221;][vc_column][vc_custom_heading text=&#8221;NE YAPIYORUZ&#8221; font_container=&#8221;tag:h2|text_align:left|color:%2320487c&#8221; use_theme_fonts=&#8221;yes&#8221; css_animation=&#8221;fadeIn&#8221;][vc_column_text]Hizmetlerinin, varl\u0131klar\u0131n\u0131n ve kaynaklar\u0131n\u0131n yasad\u0131\u015f\u0131 ama\u00e7larla kullan\u0131lmad\u0131\u011f\u0131ndan emin olmak, herhangi bir yarg\u0131 alan\u0131nda i\u015f yapan her \u015firketin sorumlulu\u011fudur. Uyumlulu\u011fun sa\u011flanamamas\u0131 ciddi yasal yapt\u0131r\u0131mlarla sonu\u00e7lanabilir. ABD H\u00fck\u00fcmeti, Hazine Bakanl\u0131\u011f\u0131 \u201cn\u0131n Yabanc\u0131 Varl\u0131klar\u0131n Kontrol\u00fc Ofisi (OFAC) arac\u0131l\u0131\u011f\u0131yla, ter\u00f6rizmin finansman\u0131, yolsuz i\u015f uygulamalar\u0131 ve ciddi insan haklar\u0131 ihlalleri nedeniyle bireyleri ve kurulu\u015flar\u0131&hellip;","og_url":"https:\/\/faragroup.net\/tr\/uzmanlik-alanlari\/yaptirimlar\/","og_site_name":"Fara Group","article_modified_time":"2025-05-28T10:28:53+00:00","twitter_card":"summary_large_image","twitter_misc":{"Tahmini okuma s\u00fcresi":"6 dakika"},"schema":{"@context":"https:\/\/schema.org","@graph":[{"@type":"WebPage","@id":"https:\/\/faragroup.net\/tr\/uzmanlik-alanlari\/yaptirimlar\/","url":"https:\/\/faragroup.net\/tr\/uzmanlik-alanlari\/yaptirimlar\/","name":"Yapt\u0131r\u0131mlar - Fara Group","isPartOf":{"@id":"https:\/\/faragroup.net\/tr\/#website"},"datePublished":"2021-02-07T21:10:14+00:00","dateModified":"2025-05-28T10:28:53+00:00","breadcrumb":{"@id":"https:\/\/faragroup.net\/tr\/uzmanlik-alanlari\/yaptirimlar\/#breadcrumb"},"inLanguage":"tr","potentialAction":[{"@type":"ReadAction","target":["https:\/\/faragroup.net\/tr\/uzmanlik-alanlari\/yaptirimlar\/"]}]},{"@type":"BreadcrumbList","@id":"https:\/\/faragroup.net\/tr\/uzmanlik-alanlari\/yaptirimlar\/#breadcrumb","itemListElement":[{"@type":"ListItem","position":1,"name":"Uzmanl\u0131k Alanlar\u0131","item":"https:\/\/faragroup.net\/tr\/uzmanlik-alanlari\/"},{"@type":"ListItem","position":2,"name":"Yapt\u0131r\u0131mlar"}]},{"@type":"WebSite","@id":"https:\/\/faragroup.net\/tr\/#website","url":"https:\/\/faragroup.net\/tr\/","name":"Fara Group","description":"","potentialAction":[{"@type":"SearchAction","target":{"@type":"EntryPoint","urlTemplate":"https:\/\/faragroup.net\/tr\/?s={search_term_string}"},"query-input":{"@type":"PropertyValueSpecification","valueRequired":true,"valueName":"search_term_string"}}],"inLanguage":"tr"}]}},"jetpack_sharing_enabled":true,"_links":{"self":[{"href":"https:\/\/faragroup.net\/tr\/wp-json\/wp\/v2\/pages\/2991","targetHints":{"allow":["GET"]}}],"collection":[{"href":"https:\/\/faragroup.net\/tr\/wp-json\/wp\/v2\/pages"}],"about":[{"href":"https:\/\/faragroup.net\/tr\/wp-json\/wp\/v2\/types\/page"}],"author":[{"embeddable":true,"href":"https:\/\/faragroup.net\/tr\/wp-json\/wp\/v2\/users\/1"}],"replies":[{"embeddable":true,"href":"https:\/\/faragroup.net\/tr\/wp-json\/wp\/v2\/comments?post=2991"}],"version-history":[{"count":83,"href":"https:\/\/faragroup.net\/tr\/wp-json\/wp\/v2\/pages\/2991\/revisions"}],"predecessor-version":[{"id":4396,"href":"https:\/\/faragroup.net\/tr\/wp-json\/wp\/v2\/pages\/2991\/revisions\/4396"}],"up":[{"embeddable":true,"href":"https:\/\/faragroup.net\/tr\/wp-json\/wp\/v2\/pages\/2994"}],"wp:attachment":[{"href":"https:\/\/faragroup.net\/tr\/wp-json\/wp\/v2\/media?parent=2991"}],"curies":[{"name":"wp","href":"https:\/\/api.w.org\/{rel}","templated":true}]}}