{"id":2988,"date":"2021-02-07T16:00:11","date_gmt":"2021-02-07T21:00:11","guid":{"rendered":"https:\/\/faragroup.net\/kurulusumuz\/"},"modified":"2025-05-28T05:30:20","modified_gmt":"2025-05-28T10:30:20","slug":"kurulusumuz","status":"publish","type":"page","link":"https:\/\/faragroup.net\/tr\/kurulusumuz\/","title":{"rendered":"\u015eirketimiz"},"content":{"rendered":"<p>[vc_row el_class=&#8221;cnt_fnt_size&#8221;][vc_column][vc_column_text]Karma\u015f\u0131k pazarlarda ticari ba\u015far\u0131y\u0131 belirleyen ak\u0131mlara kar\u015f\u0131 b\u00fct\u00fcnsel bir duyarl\u0131l\u0131kla donanm\u0131\u015f olarak, s\u00f6zle\u015fmelerin genellikle yasal sistem arac\u0131l\u0131\u011f\u0131yla uygulanamad\u0131\u011f\u0131 durumlarda zorluklar\u0131n \u00fcstesinden gelmek i\u00e7in ayk\u0131r\u0131 stratejiler uyguluyoruz. Tecr\u00fcbemizi ve ili\u015fkilerimizi m\u00fcvekkillerimize fayda sa\u011flamak i\u00e7in kullan\u0131yoruz. <\/p>\n<p>Fara Group&#8217;un yirmi y\u0131ll\u0131k deneyimi bize karma\u015f\u0131k yetki alanlar\u0131 hakk\u0131nda kritik bir i\u00e7g\u00f6r\u00fc kazand\u0131rmaktad\u0131r. Uzman ekibimiz \u00e7e\u015fitlidir ve m\u00fc\u015fterilerimize benzersiz ve cazip avantajlar sunmak i\u00e7in i\u015fbirli\u011fi yaparlar. <\/p>\n<p>Ekip liderlerimiz g\u00fc\u00e7l\u00fc profesyonel ge\u00e7mi\u015flere sahiptir ve deniza\u015f\u0131r\u0131 g\u00f6revlerde deneyimlidir. Her g\u00f6reve \u00e7ok say\u0131da kritik ili\u015fki ve \u00f6nemli i\u00e7g\u00f6r\u00fc getirirler. Personelimizin yar\u0131s\u0131ndan fazlas\u0131n\u0131n anadili Arap\u00e7a olup T\u00fcrkiye&#8217;de ve MENA b\u00f6lgesinde g\u00f6rev yapmaktad\u0131r.  <\/p>\n<p>Fara Group \u201cun ilk \u00fcslerinden biri olan \u0130stanbul\u201d un Do\u011fu ile Bat\u0131 aras\u0131nda bir k\u00f6pr\u00fc olarak an\u0131lmas\u0131 gibi, biz de geli\u015fmekte olan d\u00fcnyaya finans ve teknoloji g\u00f6t\u00fcrmek i\u00e7in aradaki bo\u015flu\u011fu dolduruyoruz. Ba\u015far\u0131m\u0131z\u0131n temelinde g\u00fc\u00e7l\u00fc ili\u015fkilerimiz, sahadaki varl\u0131\u011f\u0131m\u0131z ve uluslararas\u0131 standartlara s\u00fcrekli uyumumuz yat\u0131yor.[\/vc_column_text][\/vc_column][\/vc_row][vc_row el_class=&#8221;cnt_fnt_size&#8221;][vc_column width=&#8221;1\/3&#8243;][vc_column_text css=&#8221;.vc_custom_1608807050395{background-image: url(https:\/\/faragroup.net\/wp-content\/uploads\/2020\/12\/our-history-final.jpg?id=2215) !important;background-position: center !important;background-repeat: no-repeat !important;background-size: cover !important;}&#8221; el_class=&#8221;cm_block_bg_sec&#8221;]<a class=\"nw_h_title\" href=\"https:\/\/faragroup.net\/about\/our-history\/\"><span class=\"orange_bd\">Tarih\u00e7emiz<\/span><\/a>[\/vc_column_text][\/vc_column][vc_column width=&#8221;1\/3&#8243;][vc_column_text css=&#8221;.vc_custom_1608807143890{background-image: url(https:\/\/faragroup.net\/wp-content\/uploads\/2020\/12\/our-values-final-scaled.jpg?id=2217) !important;background-position: center !important;background-repeat: no-repeat !important;background-size: cover !important;}&#8221; el_class=&#8221;cm_block_bg_sec&#8221;]<a class=\"nw_h_title\" href=\"https:\/\/faragroup.net\/about\/our-values\/\"><span class=\"orange_bd\">De\u011ferlerimiz<\/span><\/a>[\/vc_column_text][\/vc_column][vc_column width=&#8221;1\/3&#8243;][vc_column_text css=&#8221;.vc_custom_1608807104364{background-image: url(https:\/\/faragroup.net\/wp-content\/uploads\/2020\/12\/our-team-final.jpg?id=2216) !important;background-position: center !important;background-repeat: no-repeat !important;background-size: cover !important;}&#8221; el_class=&#8221;cm_block_bg_sec&#8221;]<a class=\"nw_h_title\" href=\"https:\/\/faragroup.net\/about\/our-people\/\"><span class=\"orange_bd\">\u00c7al\u0131\u015fanlar\u0131m\u0131z<\/span><\/a>[\/vc_column_text][\/vc_column][\/vc_row]<\/p>\n","protected":false},"excerpt":{"rendered":"<p>[vc_row el_class=&#8221;cnt_fnt_size&#8221;][vc_column][vc_column_text]Karma\u015f\u0131k pazarlarda ticari ba\u015far\u0131y\u0131 belirleyen ak\u0131mlara kar\u015f\u0131 b\u00fct\u00fcnsel bir duyarl\u0131l\u0131kla donanm\u0131\u015f olarak, s\u00f6zle\u015fmelerin genellikle yasal sistem arac\u0131l\u0131\u011f\u0131yla uygulanamad\u0131\u011f\u0131 durumlarda zorluklar\u0131n \u00fcstesinden gelmek i\u00e7in ayk\u0131r\u0131 stratejiler uyguluyoruz. Tecr\u00fcbemizi ve ili\u015fkilerimizi m\u00fcvekkillerimize fayda sa\u011flamak i\u00e7in kullan\u0131yoruz. Fara Group&#8217;un yirmi y\u0131ll\u0131k deneyimi bize karma\u015f\u0131k yetki alanlar\u0131 hakk\u0131nda kritik bir i\u00e7g\u00f6r\u00fc kazand\u0131rmaktad\u0131r. Uzman ekibimiz \u00e7e\u015fitlidir ve m\u00fc\u015fterilerimize benzersiz&hellip;<\/p>\n","protected":false},"author":1,"featured_media":0,"parent":0,"menu_order":0,"comment_status":"closed","ping_status":"closed","template":"","meta":{"_acf_changed":false},"class_list":["post-2988","page","type-page","status-publish","hentry","description-off"],"acf":[],"yoast_head":"<!-- This site is optimized with the Yoast SEO plugin v24.9 - https:\/\/yoast.com\/wordpress\/plugins\/seo\/ -->\n<title>\u015eirketimiz - Fara Group<\/title>\n<meta name=\"robots\" content=\"index, follow, max-snippet:-1, max-image-preview:large, max-video-preview:-1\" \/>\n<link rel=\"canonical\" href=\"https:\/\/faragroup.net\/tr\/kurulusumuz\/\" \/>\n<meta property=\"og:locale\" content=\"tr_TR\" \/>\n<meta property=\"og:type\" content=\"article\" \/>\n<meta property=\"og:title\" content=\"\u015eirketimiz - Fara Group\" \/>\n<meta property=\"og:description\" content=\"[vc_row el_class=&#8221;cnt_fnt_size&#8221;][vc_column][vc_column_text]Karma\u015f\u0131k pazarlarda ticari ba\u015far\u0131y\u0131 belirleyen ak\u0131mlara kar\u015f\u0131 b\u00fct\u00fcnsel bir duyarl\u0131l\u0131kla donanm\u0131\u015f olarak, s\u00f6zle\u015fmelerin genellikle yasal sistem arac\u0131l\u0131\u011f\u0131yla uygulanamad\u0131\u011f\u0131 durumlarda zorluklar\u0131n \u00fcstesinden gelmek i\u00e7in ayk\u0131r\u0131 stratejiler uyguluyoruz. Tecr\u00fcbemizi ve ili\u015fkilerimizi m\u00fcvekkillerimize fayda sa\u011flamak i\u00e7in kullan\u0131yoruz. Fara Group&#8217;un yirmi y\u0131ll\u0131k deneyimi bize karma\u015f\u0131k yetki alanlar\u0131 hakk\u0131nda kritik bir i\u00e7g\u00f6r\u00fc kazand\u0131rmaktad\u0131r. Uzman ekibimiz \u00e7e\u015fitlidir ve m\u00fc\u015fterilerimize benzersiz&hellip;\" \/>\n<meta property=\"og:url\" content=\"https:\/\/faragroup.net\/tr\/kurulusumuz\/\" \/>\n<meta property=\"og:site_name\" content=\"Fara Group\" \/>\n<meta property=\"article:modified_time\" content=\"2025-05-28T10:30:20+00:00\" \/>\n<meta name=\"twitter:card\" content=\"summary_large_image\" \/>\n<meta name=\"twitter:label1\" content=\"Tahmini okuma s\u00fcresi\" \/>\n\t<meta name=\"twitter:data1\" content=\"2 dakika\" \/>\n<script type=\"application\/ld+json\" class=\"yoast-schema-graph\">{\"@context\":\"https:\/\/schema.org\",\"@graph\":[{\"@type\":\"WebPage\",\"@id\":\"https:\/\/faragroup.net\/tr\/kurulusumuz\/\",\"url\":\"https:\/\/faragroup.net\/tr\/kurulusumuz\/\",\"name\":\"\u015eirketimiz - Fara Group\",\"isPartOf\":{\"@id\":\"https:\/\/faragroup.net\/tr\/#website\"},\"datePublished\":\"2021-02-07T21:00:11+00:00\",\"dateModified\":\"2025-05-28T10:30:20+00:00\",\"inLanguage\":\"tr\",\"potentialAction\":[{\"@type\":\"ReadAction\",\"target\":[\"https:\/\/faragroup.net\/tr\/kurulusumuz\/\"]}]},{\"@type\":\"WebSite\",\"@id\":\"https:\/\/faragroup.net\/tr\/#website\",\"url\":\"https:\/\/faragroup.net\/tr\/\",\"name\":\"Fara Group\",\"description\":\"\",\"potentialAction\":[{\"@type\":\"SearchAction\",\"target\":{\"@type\":\"EntryPoint\",\"urlTemplate\":\"https:\/\/faragroup.net\/tr\/?s={search_term_string}\"},\"query-input\":{\"@type\":\"PropertyValueSpecification\",\"valueRequired\":true,\"valueName\":\"search_term_string\"}}],\"inLanguage\":\"tr\"}]}<\/script>\n<!-- \/ Yoast SEO plugin. -->","yoast_head_json":{"title":"\u015eirketimiz - Fara Group","robots":{"index":"index","follow":"follow","max-snippet":"max-snippet:-1","max-image-preview":"max-image-preview:large","max-video-preview":"max-video-preview:-1"},"canonical":"https:\/\/faragroup.net\/tr\/kurulusumuz\/","og_locale":"tr_TR","og_type":"article","og_title":"\u015eirketimiz - Fara Group","og_description":"[vc_row el_class=&#8221;cnt_fnt_size&#8221;][vc_column][vc_column_text]Karma\u015f\u0131k pazarlarda ticari ba\u015far\u0131y\u0131 belirleyen ak\u0131mlara kar\u015f\u0131 b\u00fct\u00fcnsel bir duyarl\u0131l\u0131kla donanm\u0131\u015f olarak, s\u00f6zle\u015fmelerin genellikle yasal sistem arac\u0131l\u0131\u011f\u0131yla uygulanamad\u0131\u011f\u0131 durumlarda zorluklar\u0131n \u00fcstesinden gelmek i\u00e7in ayk\u0131r\u0131 stratejiler uyguluyoruz. Tecr\u00fcbemizi ve ili\u015fkilerimizi m\u00fcvekkillerimize fayda sa\u011flamak i\u00e7in kullan\u0131yoruz. Fara Group&#8217;un yirmi y\u0131ll\u0131k deneyimi bize karma\u015f\u0131k yetki alanlar\u0131 hakk\u0131nda kritik bir i\u00e7g\u00f6r\u00fc kazand\u0131rmaktad\u0131r. Uzman ekibimiz \u00e7e\u015fitlidir ve m\u00fc\u015fterilerimize benzersiz&hellip;","og_url":"https:\/\/faragroup.net\/tr\/kurulusumuz\/","og_site_name":"Fara Group","article_modified_time":"2025-05-28T10:30:20+00:00","twitter_card":"summary_large_image","twitter_misc":{"Tahmini okuma s\u00fcresi":"2 dakika"},"schema":{"@context":"https:\/\/schema.org","@graph":[{"@type":"WebPage","@id":"https:\/\/faragroup.net\/tr\/kurulusumuz\/","url":"https:\/\/faragroup.net\/tr\/kurulusumuz\/","name":"\u015eirketimiz - Fara Group","isPartOf":{"@id":"https:\/\/faragroup.net\/tr\/#website"},"datePublished":"2021-02-07T21:00:11+00:00","dateModified":"2025-05-28T10:30:20+00:00","inLanguage":"tr","potentialAction":[{"@type":"ReadAction","target":["https:\/\/faragroup.net\/tr\/kurulusumuz\/"]}]},{"@type":"WebSite","@id":"https:\/\/faragroup.net\/tr\/#website","url":"https:\/\/faragroup.net\/tr\/","name":"Fara Group","description":"","potentialAction":[{"@type":"SearchAction","target":{"@type":"EntryPoint","urlTemplate":"https:\/\/faragroup.net\/tr\/?s={search_term_string}"},"query-input":{"@type":"PropertyValueSpecification","valueRequired":true,"valueName":"search_term_string"}}],"inLanguage":"tr"}]}},"jetpack_sharing_enabled":true,"_links":{"self":[{"href":"https:\/\/faragroup.net\/tr\/wp-json\/wp\/v2\/pages\/2988","targetHints":{"allow":["GET"]}}],"collection":[{"href":"https:\/\/faragroup.net\/tr\/wp-json\/wp\/v2\/pages"}],"about":[{"href":"https:\/\/faragroup.net\/tr\/wp-json\/wp\/v2\/types\/page"}],"author":[{"embeddable":true,"href":"https:\/\/faragroup.net\/tr\/wp-json\/wp\/v2\/users\/1"}],"replies":[{"embeddable":true,"href":"https:\/\/faragroup.net\/tr\/wp-json\/wp\/v2\/comments?post=2988"}],"version-history":[{"count":13,"href":"https:\/\/faragroup.net\/tr\/wp-json\/wp\/v2\/pages\/2988\/revisions"}],"predecessor-version":[{"id":4433,"href":"https:\/\/faragroup.net\/tr\/wp-json\/wp\/v2\/pages\/2988\/revisions\/4433"}],"wp:attachment":[{"href":"https:\/\/faragroup.net\/tr\/wp-json\/wp\/v2\/media?parent=2988"}],"curies":[{"name":"wp","href":"https:\/\/api.w.org\/{rel}","templated":true}]}}