{"id":2985,"date":"2021-02-07T15:57:54","date_gmt":"2021-02-07T20:57:54","guid":{"rendered":"https:\/\/faragroup.net\/risk-erken-uyari-erken-cozum\/"},"modified":"2025-05-28T04:35:40","modified_gmt":"2025-05-28T09:35:40","slug":"risk-erken-uyari-erken-cozum","status":"publish","type":"page","link":"https:\/\/faragroup.net\/tr\/risk-erken-uyari-erken-cozum\/","title":{"rendered":"Risk: Erken Uyar\u0131 Erken M\u00fcdahale"},"content":{"rendered":"<p>[vc_row el_class=&#8221;cnt_fnt_size&#8221;][vc_column][vc_custom_heading text=&#8221;NE YAPIYORUZ&#8221; font_container=&#8221;tag:h2|text_align:left|color:%2320487c&#8221; use_theme_fonts=&#8221;yes&#8221;][vc_column_text]Fara Group, riski ortaya \u00e7\u0131karan ve kurumun ya\u015fam d\u00f6ng\u00fcs\u00fc boyunca izleyen bir istihbarat radar\u0131 sa\u011flar. Belirli bir sekt\u00f6rde ve yarg\u0131 alan\u0131nda hem olas\u0131 hem de devam eden projelerin kar\u015f\u0131la\u015ft\u0131\u011f\u0131 engelleri belirlemek i\u00e7in m\u00fc\u015fterilerimizle birlikte \u00e7al\u0131\u015f\u0131yoruz. <\/p>\n<p>Risklerin etkili bir \u015fekilde y\u00f6netilmesi ve azalt\u0131lmas\u0131, risklerin do\u011fru bir \u015fekilde tan\u0131mlanmas\u0131yla ba\u015flamal\u0131d\u0131r. Geli\u015fmekte olan ekonomilerin dinamik yap\u0131s\u0131, erken uyar\u0131 ve erken m\u00fcdahale sistemlerinin kurulmas\u0131 yoluyla en iyi \u015fekilde y\u00f6netilebilecek \u00f6ng\u00f6r\u00fclemeyen zorluklar ve k\u0131r\u0131lganl\u0131klar yaratmaktad\u0131r. <\/p>\n<p>Devam eden g\u00f6zetim, yeni riskleri tespit etmemizi sa\u011flayarak bize daha iyi yan\u0131t verme ve olumsuz etkileri azaltma f\u0131rsat\u0131 verir.[\/vc_column_text][\/vc_column][\/vc_row][vc_row el_class=&#8221;cnt_fnt_size&#8221;][vc_column][vc_custom_heading text=&#8221;Ne d\u00fc\u015f\u00fcn\u00fcyoruz&#8221; font_container=&#8221;tag:h2|text_align:left|color:%2320487c&#8221; use_theme_fonts=&#8221;yes&#8221; css_animation=&#8221;fadeIn&#8221;][\/vc_column][\/vc_row][vc_row gap=&#8221;15&#8243; el_class=&#8221;cm_blog_mrg&#8221;][vc_column width=&#8221;1\/3&#8243;][vc_row_inner][vc_column_inner el_class=&#8221;box_cls_covr&#8221; css=&#8221;.vc_custom_1606386710014{padding-top: 0px !important;padding-bottom: 0px !important;background-color: #1f365c !important;background-position: center !important;background-repeat: no-repeat !important;background-size: cover !important;}&#8221;][vc_raw_html]PGRpdiBjbGFzcz0ic2RfaW5ib3hjIj4KPGRpdiBjbGFzcz0ic2RfaW5ib3hjX2lubmVyIj4KPGgyPjxhIGhyZWY9Imh0dHBzOi8vZmFyYWdyb3VwLm5ldC90ci9hbWwtY2Z0LXNvcnVzdHVybWFsYXJpbmRhLXlhcGF5LXpla2FuaW4tZG9udXN0dXJ1Y3UtZ3VjdS8iPgpBTUwvQ0ZUIFNvcnXFn3R1cm1hbGFyxLFuZGEgWWFwYXkgWmVrYW7EsW4gRMO2bsO8xZ90w7xyw7xjw7wgR8O8Y8O8PC9hPgo8L2gyPgoKPGJyPjwvZGl2Pgo8L2Rpdj4K[\/vc_raw_html][\/vc_column_inner][\/vc_row_inner][\/vc_column][vc_column width=&#8221;2\/3&#8243; css=&#8221;.vc_custom_1605013309847{padding-top: 0px !important;padding-bottom: 0px !important;background-position: center !important;background-repeat: no-repeat !important;background-size: cover !important;}&#8221;][vc_row_inner][vc_column_inner el_class=&#8221;box_cls_covr&#8221; css=&#8221;.vc_custom_1748424247311{padding-top: 0px !important;padding-right: 0px !important;padding-bottom: 0px !important;padding-left: 0px !important;background-image: url(https:\/\/faragroup.net\/wp-content\/uploads\/2021\/01\/Middle-Corridor-scaled.jpg?id=4155) !important;background-position: center !important;background-repeat: no-repeat !important;background-size: cover !important;}&#8221;][vc_raw_html]PGRpdiBjbGFzcz0ic2RfaW5ib3hjIj4KPGRpdiBjbGFzcz0ic2RfaW5ib3hjX2lubmVyIj4KPGgyPjxhIGhyZWY9Imh0dHBzOi8vZmFyYWdyb3VwLm5ldC90ci9odWt1a3VuLXVzdHVuLW9sbWFkaWdpLWR1cnVtbGFyZGEtYXZhbnRhai1vbHVzdHVyYWJpbG1lLyI+Ck9ydGEgS29yaWRvcmEgWWF0xLFyxLFtIFlhcG1hazwvYT4KPC9oMj4KPHA+RsSxcnNhdGxhciB2ZSBSaXNrbGVyPC9wPgo8L2Rpdj4KPC9kaXY+Cg==[\/vc_raw_html][\/vc_column_inner][\/vc_row_inner][\/vc_column][\/vc_row][vc_row gap=&#8221;15&#8243; el_class=&#8221;cm_blog_mrg&#8221;][vc_column width=&#8221;2\/3&#8243; css=&#8221;.vc_custom_1605013309847{padding-top: 0px !important;padding-bottom: 0px !important;background-position: center !important;background-repeat: no-repeat !important;background-size: cover !important;}&#8221;][vc_row_inner][vc_column_inner el_class=&#8221;box_cls_covr&#8221; css=&#8221;.vc_custom_1748424078649{padding-top: 0px !important;padding-right: 0px !important;padding-bottom: 0px !important;padding-left: 0px !important;background-image: url(https:\/\/faragroup.net\/wp-content\/uploads\/2025\/04\/Digital-Pursuits-Tracing-Cryptos-Trail-of-Money-Laundering-3.jpg?id=4150) !important;background-position: center !important;background-repeat: no-repeat !important;background-size: cover !important;}&#8221;][vc_raw_html]PGRpdiBjbGFzcz0ic2RfaW5ib3hjIj4KPGRpdiBjbGFzcz0ic2RfaW5ib3hjX2lubmVyIj4KPGgyPjxhIGhyZWY9Imh0dHBzOi8vZmFyYWdyb3VwLm5ldC90ci9odWt1a3VuLXVzdHVuLW9sbWFkaWdpLWR1cnVtbGFyZGEtYXZhbnRhai1vbHVzdHVyYWJpbG1lLTIvIj4KRGlqaXRhbCBUYWtpcGxlcjogS3JpcHRvJ251biBLYXJhIFBhcmEgQWtsYW1hIMSwemluaSBTw7xybWVrPC9hPgo8L2gyPgo8YnI+PC9kaXY+CjwvZGl2Pgo=[\/vc_raw_html][\/vc_column_inner][\/vc_row_inner][\/vc_column][vc_column width=&#8221;1\/3&#8243;][vc_row_inner][vc_column_inner el_class=&#8221;box_cls_covr&#8221; css=&#8221;.vc_custom_1606386716918{padding-top: 0px !important;padding-bottom: 0px !important;background-color: #1f365c !important;background-position: center !important;background-repeat: no-repeat !important;background-size: cover !important;}&#8221;][vc_raw_html]CjxkaXYgY2xhc3M9InNkX2luYm94YyI+CjxkaXYgY2xhc3M9InNkX2luYm94Y19pbm5lciI+CjxoMj48YSBocmVmPSJodHRwczovL2ZhcmFncm91cC5uZXQvdHIvYXJhcGNhLWRvY2V4LyI+Ck5hZGlyIFRvcHJhayBNZXRhbGxlcmkgdmUgT3J0YSBLb3JpZG9yPC9hPgo8L2gyPgo8cD5TdHJhdGVqaWsgRXJpxZ9pbSwgU3RyYXRlamlrIEF2YW50YWo8L3A+CjwvZGl2Pgo8L2Rpdj4K[\/vc_raw_html][\/vc_column_inner][\/vc_row_inner][\/vc_column][\/vc_row][vc_row el_class=&#8221;cnt_fnt_size mrgtop50&#8243;][vc_column][vc_custom_heading text=&#8221;YARDIM EDEB\u0130LECE\u011e\u0130M\u0130Z D\u0130\u011eER ALANLAR&#8221; font_container=&#8221;tag:h2|text_align:left|color:%2320487c&#8221; use_theme_fonts=&#8221;yes&#8221;][\/vc_column][\/vc_row][vc_row el_class=&#8221;cnt_fnt_size&#8221;][vc_column width=&#8221;1\/2&#8243;][vc_column_text css=&#8221;.vc_custom_1608097272537{background-image: url(https:\/\/faragroup.net\/wp-content\/uploads\/2020\/12\/Risk-Due-diligence.jpg?id=2063) !important;background-position: center !important;background-repeat: no-repeat !important;background-size: cover !important;}&#8221; el_class=&#8221;cm_block_bg_sec&#8221;]<a class=\"nw_h_title\" href=\"https:\/\/faragroup.net\/tr\/risk-on-denetim-ve-tespit\/\"><span class=\"orange_bd\">\u00d6n Denet\u0130m ve<\/span><\/a>[\/vc_column_text][\/vc_column][vc_column width=&#8221;1\/2&#8243;][vc_column_text css=&#8221;.vc_custom_1608093808643{background-image: url(https:\/\/faragroup.net\/wp-content\/uploads\/2020\/12\/Risk-Investment-Intelligence.jpg?id=2061) !important;background-position: center !important;background-repeat: no-repeat !important;background-size: cover !important;}&#8221; el_class=&#8221;cm_block_bg_sec&#8221;]<a class=\"nw_h_title\" href=\"https:\/\/faragroup.net\/tr\/risk-yatirim-istihbarati\/\"><span class=\"orange_bd\">Yat\u0131r\u0131m \u0130stihbarat\u0131<\/span><\/a>[\/vc_column_text][\/vc_column][\/vc_row]<\/p>\n","protected":false},"excerpt":{"rendered":"<p>[vc_row el_class=&#8221;cnt_fnt_size&#8221;][vc_column][vc_custom_heading text=&#8221;NE YAPIYORUZ&#8221; font_container=&#8221;tag:h2|text_align:left|color:%2320487c&#8221; use_theme_fonts=&#8221;yes&#8221;][vc_column_text]Fara Group, riski ortaya \u00e7\u0131karan ve kurumun ya\u015fam d\u00f6ng\u00fcs\u00fc boyunca izleyen bir istihbarat radar\u0131 sa\u011flar. Belirli bir sekt\u00f6rde ve yarg\u0131 alan\u0131nda hem olas\u0131 hem de devam eden projelerin kar\u015f\u0131la\u015ft\u0131\u011f\u0131 engelleri belirlemek i\u00e7in m\u00fc\u015fterilerimizle birlikte \u00e7al\u0131\u015f\u0131yoruz. Risklerin etkili bir \u015fekilde y\u00f6netilmesi ve azalt\u0131lmas\u0131, risklerin do\u011fru bir \u015fekilde tan\u0131mlanmas\u0131yla ba\u015flamal\u0131d\u0131r. Geli\u015fmekte olan&hellip;<\/p>\n","protected":false},"author":1,"featured_media":0,"parent":0,"menu_order":0,"comment_status":"closed","ping_status":"closed","template":"","meta":{"_acf_changed":false},"class_list":["post-2985","page","type-page","status-publish","hentry","description-off"],"acf":[],"yoast_head":"<!-- This site is optimized with the Yoast SEO plugin v24.9 - https:\/\/yoast.com\/wordpress\/plugins\/seo\/ -->\n<title>Risk: Erken Uyar\u0131 Erken M\u00fcdahale - Fara Group<\/title>\n<meta name=\"robots\" content=\"index, follow, max-snippet:-1, max-image-preview:large, max-video-preview:-1\" \/>\n<link rel=\"canonical\" href=\"https:\/\/faragroup.net\/tr\/risk-erken-uyari-erken-cozum\/\" \/>\n<meta property=\"og:locale\" content=\"tr_TR\" \/>\n<meta property=\"og:type\" content=\"article\" \/>\n<meta property=\"og:title\" content=\"Risk: Erken Uyar\u0131 Erken M\u00fcdahale - Fara Group\" \/>\n<meta property=\"og:description\" content=\"[vc_row el_class=&#8221;cnt_fnt_size&#8221;][vc_column][vc_custom_heading text=&#8221;NE YAPIYORUZ&#8221; font_container=&#8221;tag:h2|text_align:left|color:%2320487c&#8221; use_theme_fonts=&#8221;yes&#8221;][vc_column_text]Fara Group, riski ortaya \u00e7\u0131karan ve kurumun ya\u015fam d\u00f6ng\u00fcs\u00fc boyunca izleyen bir istihbarat radar\u0131 sa\u011flar. Belirli bir sekt\u00f6rde ve yarg\u0131 alan\u0131nda hem olas\u0131 hem de devam eden projelerin kar\u015f\u0131la\u015ft\u0131\u011f\u0131 engelleri belirlemek i\u00e7in m\u00fc\u015fterilerimizle birlikte \u00e7al\u0131\u015f\u0131yoruz. Risklerin etkili bir \u015fekilde y\u00f6netilmesi ve azalt\u0131lmas\u0131, risklerin do\u011fru bir \u015fekilde tan\u0131mlanmas\u0131yla ba\u015flamal\u0131d\u0131r. Geli\u015fmekte olan&hellip;\" \/>\n<meta property=\"og:url\" content=\"https:\/\/faragroup.net\/tr\/risk-erken-uyari-erken-cozum\/\" \/>\n<meta property=\"og:site_name\" content=\"Fara Group\" \/>\n<meta property=\"article:modified_time\" content=\"2025-05-28T09:35:40+00:00\" \/>\n<meta name=\"twitter:card\" content=\"summary_large_image\" \/>\n<meta name=\"twitter:label1\" content=\"Tahmini okuma s\u00fcresi\" \/>\n\t<meta name=\"twitter:data1\" content=\"4 dakika\" \/>\n<script type=\"application\/ld+json\" class=\"yoast-schema-graph\">{\"@context\":\"https:\/\/schema.org\",\"@graph\":[{\"@type\":\"WebPage\",\"@id\":\"https:\/\/faragroup.net\/tr\/risk-erken-uyari-erken-cozum\/\",\"url\":\"https:\/\/faragroup.net\/tr\/risk-erken-uyari-erken-cozum\/\",\"name\":\"Risk: Erken Uyar\u0131 Erken M\u00fcdahale - Fara Group\",\"isPartOf\":{\"@id\":\"https:\/\/faragroup.net\/tr\/#website\"},\"datePublished\":\"2021-02-07T20:57:54+00:00\",\"dateModified\":\"2025-05-28T09:35:40+00:00\",\"inLanguage\":\"tr\",\"potentialAction\":[{\"@type\":\"ReadAction\",\"target\":[\"https:\/\/faragroup.net\/tr\/risk-erken-uyari-erken-cozum\/\"]}]},{\"@type\":\"WebSite\",\"@id\":\"https:\/\/faragroup.net\/tr\/#website\",\"url\":\"https:\/\/faragroup.net\/tr\/\",\"name\":\"Fara Group\",\"description\":\"\",\"potentialAction\":[{\"@type\":\"SearchAction\",\"target\":{\"@type\":\"EntryPoint\",\"urlTemplate\":\"https:\/\/faragroup.net\/tr\/?s={search_term_string}\"},\"query-input\":{\"@type\":\"PropertyValueSpecification\",\"valueRequired\":true,\"valueName\":\"search_term_string\"}}],\"inLanguage\":\"tr\"}]}<\/script>\n<!-- \/ Yoast SEO plugin. -->","yoast_head_json":{"title":"Risk: Erken Uyar\u0131 Erken M\u00fcdahale - Fara Group","robots":{"index":"index","follow":"follow","max-snippet":"max-snippet:-1","max-image-preview":"max-image-preview:large","max-video-preview":"max-video-preview:-1"},"canonical":"https:\/\/faragroup.net\/tr\/risk-erken-uyari-erken-cozum\/","og_locale":"tr_TR","og_type":"article","og_title":"Risk: Erken Uyar\u0131 Erken M\u00fcdahale - Fara Group","og_description":"[vc_row el_class=&#8221;cnt_fnt_size&#8221;][vc_column][vc_custom_heading text=&#8221;NE YAPIYORUZ&#8221; font_container=&#8221;tag:h2|text_align:left|color:%2320487c&#8221; use_theme_fonts=&#8221;yes&#8221;][vc_column_text]Fara Group, riski ortaya \u00e7\u0131karan ve kurumun ya\u015fam d\u00f6ng\u00fcs\u00fc boyunca izleyen bir istihbarat radar\u0131 sa\u011flar. Belirli bir sekt\u00f6rde ve yarg\u0131 alan\u0131nda hem olas\u0131 hem de devam eden projelerin kar\u015f\u0131la\u015ft\u0131\u011f\u0131 engelleri belirlemek i\u00e7in m\u00fc\u015fterilerimizle birlikte \u00e7al\u0131\u015f\u0131yoruz. Risklerin etkili bir \u015fekilde y\u00f6netilmesi ve azalt\u0131lmas\u0131, risklerin do\u011fru bir \u015fekilde tan\u0131mlanmas\u0131yla ba\u015flamal\u0131d\u0131r. Geli\u015fmekte olan&hellip;","og_url":"https:\/\/faragroup.net\/tr\/risk-erken-uyari-erken-cozum\/","og_site_name":"Fara Group","article_modified_time":"2025-05-28T09:35:40+00:00","twitter_card":"summary_large_image","twitter_misc":{"Tahmini okuma s\u00fcresi":"4 dakika"},"schema":{"@context":"https:\/\/schema.org","@graph":[{"@type":"WebPage","@id":"https:\/\/faragroup.net\/tr\/risk-erken-uyari-erken-cozum\/","url":"https:\/\/faragroup.net\/tr\/risk-erken-uyari-erken-cozum\/","name":"Risk: Erken Uyar\u0131 Erken M\u00fcdahale - Fara Group","isPartOf":{"@id":"https:\/\/faragroup.net\/tr\/#website"},"datePublished":"2021-02-07T20:57:54+00:00","dateModified":"2025-05-28T09:35:40+00:00","inLanguage":"tr","potentialAction":[{"@type":"ReadAction","target":["https:\/\/faragroup.net\/tr\/risk-erken-uyari-erken-cozum\/"]}]},{"@type":"WebSite","@id":"https:\/\/faragroup.net\/tr\/#website","url":"https:\/\/faragroup.net\/tr\/","name":"Fara Group","description":"","potentialAction":[{"@type":"SearchAction","target":{"@type":"EntryPoint","urlTemplate":"https:\/\/faragroup.net\/tr\/?s={search_term_string}"},"query-input":{"@type":"PropertyValueSpecification","valueRequired":true,"valueName":"search_term_string"}}],"inLanguage":"tr"}]}},"jetpack_sharing_enabled":true,"_links":{"self":[{"href":"https:\/\/faragroup.net\/tr\/wp-json\/wp\/v2\/pages\/2985","targetHints":{"allow":["GET"]}}],"collection":[{"href":"https:\/\/faragroup.net\/tr\/wp-json\/wp\/v2\/pages"}],"about":[{"href":"https:\/\/faragroup.net\/tr\/wp-json\/wp\/v2\/types\/page"}],"author":[{"embeddable":true,"href":"https:\/\/faragroup.net\/tr\/wp-json\/wp\/v2\/users\/1"}],"replies":[{"embeddable":true,"href":"https:\/\/faragroup.net\/tr\/wp-json\/wp\/v2\/comments?post=2985"}],"version-history":[{"count":34,"href":"https:\/\/faragroup.net\/tr\/wp-json\/wp\/v2\/pages\/2985\/revisions"}],"predecessor-version":[{"id":4320,"href":"https:\/\/faragroup.net\/tr\/wp-json\/wp\/v2\/pages\/2985\/revisions\/4320"}],"wp:attachment":[{"href":"https:\/\/faragroup.net\/tr\/wp-json\/wp\/v2\/media?parent=2985"}],"curies":[{"name":"wp","href":"https:\/\/api.w.org\/{rel}","templated":true}]}}