{"id":2982,"date":"2021-02-07T15:47:29","date_gmt":"2021-02-07T20:47:29","guid":{"rendered":"https:\/\/faragroup.net\/risk-yatirim-istihbarati\/"},"modified":"2025-05-28T04:35:40","modified_gmt":"2025-05-28T09:35:40","slug":"risk-yatirim-istihbarati","status":"publish","type":"page","link":"https:\/\/faragroup.net\/tr\/risk-yatirim-istihbarati\/","title":{"rendered":"Risk: Yat\u0131r\u0131m \u0130stihbarat\u0131"},"content":{"rendered":"<p>[vc_row el_class=&#8221;cnt_fnt_size&#8221;][vc_column][vc_custom_heading text=&#8221;NE YAPIYORUZ&#8221; font_container=&#8221;tag:h2|text_align:left|color:%2320487c&#8221; use_theme_fonts=&#8221;yes&#8221;][vc_column_text]Fara Group, talep \u00fczerine yat\u0131r\u0131m istihbarat\u0131 sa\u011flar. T\u00fcrkiye de dahil olmak \u00fczere MENA b\u00f6lgesindeki en b\u00fcy\u00fck sat\u0131n alma ve ihalelerin baz\u0131lar\u0131nda \u00f6n saflarda yer alarak, m\u00fc\u015fterilerimize bilin\u00e7li kararlar almalar\u0131 i\u00e7in kritik bilgiler sa\u011fl\u0131yoruz. \u0130\u015f, finans ve politika sekt\u00f6rlerini kapsayan bir ekiple Fara Group, verileri jeopolitik, ekonomik ve sosyal e\u011filimleri yans\u0131tan ba\u011flamlarda yeniden \u00e7er\u00e7evelendirir.  <\/p>\n<p>Fara Group, faaliyet g\u00f6sterdi\u011fimiz \u00fclkelere d\u00fczenlenen y\u0131ll\u0131k yat\u0131r\u0131mc\u0131 gezilerine kat\u0131lan bir yabanc\u0131 yat\u0131r\u0131mc\u0131 grubu olu\u015fturmu\u015ftur. Bu geziler, yat\u0131r\u0131mc\u0131lar\u0131n h\u00fck\u00fcmet yetkilileri, \u015firket y\u00f6neticileri ve analistler de dahil olmak \u00fczere yerel liderlerle bir araya gelerek bak\u0131\u015f a\u00e7\u0131lar\u0131n\u0131 ilk elden olu\u015fturmalar\u0131na olanak sa\u011flamaktad\u0131r. Geziler ayn\u0131 zamanda gelecekteki yat\u0131r\u0131m ak\u0131\u015flar\u0131n\u0131n \u00f6n\u00fcn\u00fc a\u00e7an kan\u0131tlanm\u0131\u015f g\u00fcven olu\u015fturma egzersizleridir. \u00d6rnek olarak, Fara Group 2020 Derne\u011fi ile ortakla\u015fa olarak y\u00f6netilen sermaye a\u00e7\u0131s\u0131ndan en b\u00fcy\u00fck iki yat\u0131r\u0131mc\u0131 heyetinin T\u00fcrkiye&#8217;yi ziyaret etmesini sa\u011flam\u0131\u015ft\u0131r.[\/vc_column_text][\/vc_column][\/vc_row][vc_row el_class=&#8221;cnt_fnt_size&#8221;][vc_column][vc_custom_heading text=&#8221;Ne d\u00fc\u015f\u00fcn\u00fcyoruz&#8221; font_container=&#8221;tag:h2|text_align:left|color:%2320487c&#8221; use_theme_fonts=&#8221;yes&#8221; css_animation=&#8221;fadeIn&#8221;][\/vc_column][\/vc_row][vc_row gap=&#8221;15&#8243; el_class=&#8221;cm_blog_mrg&#8221;][vc_column width=&#8221;1\/3&#8243;][vc_row_inner][vc_column_inner el_class=&#8221;box_cls_covr&#8221; css=&#8221;.vc_custom_1606386710014{padding-top: 0px !important;padding-bottom: 0px !important;background-color: #1f365c !important;background-position: center !important;background-repeat: no-repeat !important;background-size: cover !important;}&#8221;][vc_raw_html]PGRpdiBjbGFzcz0ic2RfaW5ib3hjIj4KPGRpdiBjbGFzcz0ic2RfaW5ib3hjX2lubmVyIj4KPGgyPjxhIGhyZWY9Imh0dHBzOi8vZmFyYWdyb3VwLm5ldC90ci9odWt1a3VuLXVzdHVuLW9sbWFkaWdpLWR1cnVtbGFyZGEtYXZhbnRhai1vbHVzdHVyYWJpbG1lLyI+Ck9ydGEgS29yaWRvcmEgWWF0xLFyxLFtIFlhcG1hazwvYT4KPC9oMj4KPHA+RsSxcnNhdGxhciB2ZSBSaXNrbGVyPC9wPgo8L2Rpdj4KPC9kaXY+Cg==[\/vc_raw_html][\/vc_column_inner][\/vc_row_inner][\/vc_column][vc_column width=&#8221;2\/3&#8243; css=&#8221;.vc_custom_1605013309847{padding-top: 0px !important;padding-bottom: 0px !important;background-position: center !important;background-repeat: no-repeat !important;background-size: cover !important;}&#8221;][vc_row_inner][vc_column_inner el_class=&#8221;box_cls_covr&#8221; css=&#8221;.vc_custom_1748423415393{padding-top: 0px !important;padding-right: 0px !important;padding-bottom: 0px !important;padding-left: 0px !important;background-image: url(https:\/\/faragroup.net\/wp-content\/uploads\/2025\/05\/The-Transformative-Power-of-AI-in-AML-scaled.jpg?id=4174) !important;background-position: center !important;background-repeat: no-repeat !important;background-size: cover !important;}&#8221;][vc_raw_html]PGRpdiBjbGFzcz0ic2RfaW5ib3hjIj4KPGRpdiBjbGFzcz0ic2RfaW5ib3hjX2lubmVyIj4KPGgyPjxhIGhyZWY9Imh0dHBzOi8vZmFyYWdyb3VwLm5ldC90ci9hbWwtY2Z0LXNvcnVzdHVybWFsYXJpbmRhLXlhcGF5LXpla2FuaW4tZG9udXN0dXJ1Y3UtZ3VjdS8iPgpBTUwvQ0ZUIFNvcnXFn3R1cm1hbGFyxLFuZGEgWWFwYXkgWmVrYW7EsW4gRMO2bsO8xZ90w7xyw7xjw7wgR8O8Y8O8PC9hPgo8L2gyPgoKPGJyPjwvZGl2Pgo8L2Rpdj4KCg==[\/vc_raw_html][\/vc_column_inner][\/vc_row_inner][\/vc_column][\/vc_row][vc_row gap=&#8221;15&#8243; el_class=&#8221;cm_blog_mrg&#8221;][vc_column width=&#8221;2\/3&#8243; css=&#8221;.vc_custom_1605013309847{padding-top: 0px !important;padding-bottom: 0px !important;background-position: center !important;background-repeat: no-repeat !important;background-size: cover !important;}&#8221;][vc_row_inner][vc_column_inner el_class=&#8221;box_cls_covr&#8221; css=&#8221;.vc_custom_1748423433977{padding-top: 0px !important;padding-right: 0px !important;padding-bottom: 0px !important;padding-left: 0px !important;background-image: url(https:\/\/faragroup.net\/wp-content\/uploads\/2025\/04\/Digital-Pursuits-Tracing-Cryptos-Trail-of-Money-Laundering-3.jpg?id=4150) !important;background-position: center !important;background-repeat: no-repeat !important;background-size: cover !important;}&#8221;][vc_raw_html]PGRpdiBjbGFzcz0ic2RfaW5ib3hjIj4KPGRpdiBjbGFzcz0ic2RfaW5ib3hjX2lubmVyIj4KPGgyPjxhIGhyZWY9Imh0dHBzOi8vZmFyYWdyb3VwLm5ldC90ci9odWt1a3VuLXVzdHVuLW9sbWFkaWdpLWR1cnVtbGFyZGEtYXZhbnRhai1vbHVzdHVyYWJpbG1lLTIvIj4KRGlqaXRhbCBUYWtpcGxlcjogS3JpcHRvJ251biBLYXJhIFBhcmEgQWtsYW1hIMSwemluaSBTw7xybWVrPC9hPgo8L2gyPgo8YnI+PC9kaXY+CjwvZGl2Pgo=[\/vc_raw_html][\/vc_column_inner][\/vc_row_inner][\/vc_column][vc_column width=&#8221;1\/3&#8243;][vc_row_inner][vc_column_inner el_class=&#8221;box_cls_covr&#8221; css=&#8221;.vc_custom_1606386716918{padding-top: 0px !important;padding-bottom: 0px !important;background-color: #1f365c !important;background-position: center !important;background-repeat: no-repeat !important;background-size: cover !important;}&#8221;][vc_raw_html]PGRpdiBjbGFzcz0ic2RfaW5ib3hjIj4KPGRpdiBjbGFzcz0ic2RfaW5ib3hjX2lubmVyIj4KPGgyPjxhIGhyZWY9Imh0dHBzOi8vZmFyYWdyb3VwLm5ldC90ci9hcmFwY2EtZG9jZXgvIj4KTmFkaXIgVG9wcmFrIE1ldGFsbGVyaSB2ZSBPcnRhIEtvcmlkb3I8L2E+CjwvaDI+CjxwPlN0cmF0ZWppayBFcmnFn2ltLCBTdHJhdGVqaWsgQXZhbnRhajwvcD4KPC9kaXY+CjwvZGl2Pgo=[\/vc_raw_html][\/vc_column_inner][\/vc_row_inner][\/vc_column][\/vc_row][vc_row el_class=&#8221;cnt_fnt_size mrgtop50&#8243;][vc_column][vc_custom_heading text=&#8221;YARDIM EDEB\u0130LECE\u011e\u0130M\u0130Z D\u0130\u011eER ALANLAR&#8221; font_container=&#8221;tag:h2|text_align:left|color:%2320487c&#8221; use_theme_fonts=&#8221;yes&#8221;][\/vc_column][\/vc_row][vc_row el_class=&#8221;cnt_fnt_size&#8221;][vc_column width=&#8221;1\/2&#8243;][vc_column_text css=&#8221;.vc_custom_1608097297897{background-image: url(https:\/\/faragroup.net\/wp-content\/uploads\/2020\/12\/Risk-Due-diligence.jpg?id=2063) !important;background-position: center !important;background-repeat: no-repeat !important;background-size: cover !important;}&#8221; el_class=&#8221;cm_block_bg_sec&#8221;]<a class=\"nw_h_title\" href=\"https:\/\/faragroup.net\/tr\/risk-on-denetim-ve-tespit\/\"><span class=\"orange_bd\">\u00d6n Denet\u0130m ve<\/span><\/a>[\/vc_column_text][\/vc_column][vc_column width=&#8221;1\/2&#8243;][vc_column_text css=&#8221;.vc_custom_1608096338376{background-image: url(https:\/\/faragroup.net\/wp-content\/uploads\/2020\/12\/Risk-Investment-Intelligence.jpg?id=2061) !important;background-position: center !important;background-repeat: no-repeat !important;background-size: cover !important;}&#8221; el_class=&#8221;cm_block_bg_sec&#8221;]<a class=\"nw_h_title\" href=\"https:\/\/faragroup.net\/tr\/risk-erken-uyari-erken-cozum\/\"><span class=\"orange_bd\">Erken Uyar\u0131, Erken \u00c7\u00f6z\u00fcm<\/span><\/a>[\/vc_column_text][\/vc_column][\/vc_row]<\/p>\n","protected":false},"excerpt":{"rendered":"<p>[vc_row el_class=&#8221;cnt_fnt_size&#8221;][vc_column][vc_custom_heading text=&#8221;NE YAPIYORUZ&#8221; font_container=&#8221;tag:h2|text_align:left|color:%2320487c&#8221; use_theme_fonts=&#8221;yes&#8221;][vc_column_text]Fara Group, talep \u00fczerine yat\u0131r\u0131m istihbarat\u0131 sa\u011flar. T\u00fcrkiye de dahil olmak \u00fczere MENA b\u00f6lgesindeki en b\u00fcy\u00fck sat\u0131n alma ve ihalelerin baz\u0131lar\u0131nda \u00f6n saflarda yer alarak, m\u00fc\u015fterilerimize bilin\u00e7li kararlar almalar\u0131 i\u00e7in kritik bilgiler sa\u011fl\u0131yoruz. \u0130\u015f, finans ve politika sekt\u00f6rlerini kapsayan bir ekiple Fara Group, verileri jeopolitik, ekonomik ve sosyal e\u011filimleri yans\u0131tan&hellip;<\/p>\n","protected":false},"author":1,"featured_media":0,"parent":0,"menu_order":0,"comment_status":"closed","ping_status":"closed","template":"","meta":{"_acf_changed":false},"class_list":["post-2982","page","type-page","status-publish","hentry","description-off"],"acf":[],"yoast_head":"<!-- This site is optimized with the Yoast SEO plugin v24.9 - https:\/\/yoast.com\/wordpress\/plugins\/seo\/ -->\n<title>Risk: Yat\u0131r\u0131m \u0130stihbarat\u0131 - Fara Group<\/title>\n<meta name=\"robots\" content=\"index, follow, max-snippet:-1, max-image-preview:large, max-video-preview:-1\" \/>\n<link rel=\"canonical\" href=\"https:\/\/faragroup.net\/tr\/risk-yatirim-istihbarati\/\" \/>\n<meta property=\"og:locale\" content=\"tr_TR\" \/>\n<meta property=\"og:type\" content=\"article\" \/>\n<meta property=\"og:title\" content=\"Risk: Yat\u0131r\u0131m \u0130stihbarat\u0131 - Fara Group\" \/>\n<meta property=\"og:description\" content=\"[vc_row el_class=&#8221;cnt_fnt_size&#8221;][vc_column][vc_custom_heading text=&#8221;NE YAPIYORUZ&#8221; font_container=&#8221;tag:h2|text_align:left|color:%2320487c&#8221; use_theme_fonts=&#8221;yes&#8221;][vc_column_text]Fara Group, talep \u00fczerine yat\u0131r\u0131m istihbarat\u0131 sa\u011flar. T\u00fcrkiye de dahil olmak \u00fczere MENA b\u00f6lgesindeki en b\u00fcy\u00fck sat\u0131n alma ve ihalelerin baz\u0131lar\u0131nda \u00f6n saflarda yer alarak, m\u00fc\u015fterilerimize bilin\u00e7li kararlar almalar\u0131 i\u00e7in kritik bilgiler sa\u011fl\u0131yoruz. \u0130\u015f, finans ve politika sekt\u00f6rlerini kapsayan bir ekiple Fara Group, verileri jeopolitik, ekonomik ve sosyal e\u011filimleri yans\u0131tan&hellip;\" \/>\n<meta property=\"og:url\" content=\"https:\/\/faragroup.net\/tr\/risk-yatirim-istihbarati\/\" \/>\n<meta property=\"og:site_name\" content=\"Fara Group\" \/>\n<meta property=\"article:modified_time\" content=\"2025-05-28T09:35:40+00:00\" \/>\n<meta name=\"twitter:card\" content=\"summary_large_image\" \/>\n<meta name=\"twitter:label1\" content=\"Tahmini okuma s\u00fcresi\" \/>\n\t<meta name=\"twitter:data1\" content=\"4 dakika\" \/>\n<script type=\"application\/ld+json\" class=\"yoast-schema-graph\">{\"@context\":\"https:\/\/schema.org\",\"@graph\":[{\"@type\":\"WebPage\",\"@id\":\"https:\/\/faragroup.net\/tr\/risk-yatirim-istihbarati\/\",\"url\":\"https:\/\/faragroup.net\/tr\/risk-yatirim-istihbarati\/\",\"name\":\"Risk: Yat\u0131r\u0131m \u0130stihbarat\u0131 - Fara Group\",\"isPartOf\":{\"@id\":\"https:\/\/faragroup.net\/tr\/#website\"},\"datePublished\":\"2021-02-07T20:47:29+00:00\",\"dateModified\":\"2025-05-28T09:35:40+00:00\",\"inLanguage\":\"tr\",\"potentialAction\":[{\"@type\":\"ReadAction\",\"target\":[\"https:\/\/faragroup.net\/tr\/risk-yatirim-istihbarati\/\"]}]},{\"@type\":\"WebSite\",\"@id\":\"https:\/\/faragroup.net\/tr\/#website\",\"url\":\"https:\/\/faragroup.net\/tr\/\",\"name\":\"Fara Group\",\"description\":\"\",\"potentialAction\":[{\"@type\":\"SearchAction\",\"target\":{\"@type\":\"EntryPoint\",\"urlTemplate\":\"https:\/\/faragroup.net\/tr\/?s={search_term_string}\"},\"query-input\":{\"@type\":\"PropertyValueSpecification\",\"valueRequired\":true,\"valueName\":\"search_term_string\"}}],\"inLanguage\":\"tr\"}]}<\/script>\n<!-- \/ Yoast SEO plugin. -->","yoast_head_json":{"title":"Risk: Yat\u0131r\u0131m \u0130stihbarat\u0131 - Fara Group","robots":{"index":"index","follow":"follow","max-snippet":"max-snippet:-1","max-image-preview":"max-image-preview:large","max-video-preview":"max-video-preview:-1"},"canonical":"https:\/\/faragroup.net\/tr\/risk-yatirim-istihbarati\/","og_locale":"tr_TR","og_type":"article","og_title":"Risk: Yat\u0131r\u0131m \u0130stihbarat\u0131 - Fara Group","og_description":"[vc_row el_class=&#8221;cnt_fnt_size&#8221;][vc_column][vc_custom_heading text=&#8221;NE YAPIYORUZ&#8221; font_container=&#8221;tag:h2|text_align:left|color:%2320487c&#8221; use_theme_fonts=&#8221;yes&#8221;][vc_column_text]Fara Group, talep \u00fczerine yat\u0131r\u0131m istihbarat\u0131 sa\u011flar. T\u00fcrkiye de dahil olmak \u00fczere MENA b\u00f6lgesindeki en b\u00fcy\u00fck sat\u0131n alma ve ihalelerin baz\u0131lar\u0131nda \u00f6n saflarda yer alarak, m\u00fc\u015fterilerimize bilin\u00e7li kararlar almalar\u0131 i\u00e7in kritik bilgiler sa\u011fl\u0131yoruz. \u0130\u015f, finans ve politika sekt\u00f6rlerini kapsayan bir ekiple Fara Group, verileri jeopolitik, ekonomik ve sosyal e\u011filimleri yans\u0131tan&hellip;","og_url":"https:\/\/faragroup.net\/tr\/risk-yatirim-istihbarati\/","og_site_name":"Fara Group","article_modified_time":"2025-05-28T09:35:40+00:00","twitter_card":"summary_large_image","twitter_misc":{"Tahmini okuma s\u00fcresi":"4 dakika"},"schema":{"@context":"https:\/\/schema.org","@graph":[{"@type":"WebPage","@id":"https:\/\/faragroup.net\/tr\/risk-yatirim-istihbarati\/","url":"https:\/\/faragroup.net\/tr\/risk-yatirim-istihbarati\/","name":"Risk: Yat\u0131r\u0131m \u0130stihbarat\u0131 - Fara Group","isPartOf":{"@id":"https:\/\/faragroup.net\/tr\/#website"},"datePublished":"2021-02-07T20:47:29+00:00","dateModified":"2025-05-28T09:35:40+00:00","inLanguage":"tr","potentialAction":[{"@type":"ReadAction","target":["https:\/\/faragroup.net\/tr\/risk-yatirim-istihbarati\/"]}]},{"@type":"WebSite","@id":"https:\/\/faragroup.net\/tr\/#website","url":"https:\/\/faragroup.net\/tr\/","name":"Fara Group","description":"","potentialAction":[{"@type":"SearchAction","target":{"@type":"EntryPoint","urlTemplate":"https:\/\/faragroup.net\/tr\/?s={search_term_string}"},"query-input":{"@type":"PropertyValueSpecification","valueRequired":true,"valueName":"search_term_string"}}],"inLanguage":"tr"}]}},"jetpack_sharing_enabled":true,"_links":{"self":[{"href":"https:\/\/faragroup.net\/tr\/wp-json\/wp\/v2\/pages\/2982","targetHints":{"allow":["GET"]}}],"collection":[{"href":"https:\/\/faragroup.net\/tr\/wp-json\/wp\/v2\/pages"}],"about":[{"href":"https:\/\/faragroup.net\/tr\/wp-json\/wp\/v2\/types\/page"}],"author":[{"embeddable":true,"href":"https:\/\/faragroup.net\/tr\/wp-json\/wp\/v2\/users\/1"}],"replies":[{"embeddable":true,"href":"https:\/\/faragroup.net\/tr\/wp-json\/wp\/v2\/comments?post=2982"}],"version-history":[{"count":33,"href":"https:\/\/faragroup.net\/tr\/wp-json\/wp\/v2\/pages\/2982\/revisions"}],"predecessor-version":[{"id":4309,"href":"https:\/\/faragroup.net\/tr\/wp-json\/wp\/v2\/pages\/2982\/revisions\/4309"}],"wp:attachment":[{"href":"https:\/\/faragroup.net\/tr\/wp-json\/wp\/v2\/media?parent=2982"}],"curies":[{"name":"wp","href":"https:\/\/api.w.org\/{rel}","templated":true}]}}