{"id":2978,"date":"2021-02-07T15:41:03","date_gmt":"2021-02-07T20:41:03","guid":{"rendered":"https:\/\/faragroup.net\/ihtilaflar-avantaj-olusturma\/"},"modified":"2025-05-28T03:41:33","modified_gmt":"2025-05-28T08:41:33","slug":"ihtilaflar-avantaj-olusturma","status":"publish","type":"page","link":"https:\/\/faragroup.net\/tr\/ihtilaflar-avantaj-olusturma\/","title":{"rendered":"Anla\u015fmazl\u0131klar: M\u00fczakereler"},"content":{"rendered":"<p>[vc_row el_class=&#8221;cnt_fnt_size&#8221;][vc_column][vc_custom_heading text=&#8221;NE YAPIYORUZ&#8221; font_container=&#8221;tag:h2|text_align:left|color:%2320487c&#8221; use_theme_fonts=&#8221;yes&#8221;][vc_column_text]Fara Group, m\u00fc\u015fterilerin karma\u015f\u0131k m\u00fczakereleri g\u00fcven ve verimlilikle y\u00f6netmelerine yard\u0131mc\u0131 olur. Yaln\u0131zca acil hedeflerinizle uyumlu de\u011fil, ayn\u0131 zamanda giri\u015fimlerinizin uzun vadeli ba\u015far\u0131s\u0131n\u0131 destekleyen anla\u015fmalar sa\u011flamay\u0131 ama\u00e7l\u0131yoruz.<\/p>\n<p>S\u00f6zle\u015fme m\u00fczakereleri, mevzuata uygunluk ve yerel ortaklar ve yetkililerle hassas etkile\u015fimlerin y\u00f6netilmesi konular\u0131nda uzman deste\u011fi sa\u011fl\u0131yoruz. \u0130ster anla\u015fmazl\u0131klar\u0131 \u00e7\u00f6zmek, ister stratejik ortakl\u0131klar\u0131 resmile\u015ftirmek veya karma\u015f\u0131k yasal ve d\u00fczenleyici zorluklar\u0131n \u00fcstesinden gelmek olsun, yakla\u015f\u0131m\u0131m\u0131z faaliyetlerinizin benzersiz taleplerini kar\u015f\u0131layacak \u015fekilde uyarlanm\u0131\u015ft\u0131r.<\/p>\n<p>B\u00f6lgenin ticari ve d\u00fczenleyici ortam\u0131na ili\u015fkin derinlemesine bir anlay\u0131\u015ftan yararlanarak, t\u00fcm angajmanlara pratik \u00e7\u00f6z\u00fcmlere dayanan de\u011ferli i\u00e7g\u00f6r\u00fclerle yakla\u015f\u0131yoruz. S\u00fcrd\u00fcr\u00fclebilir anla\u015fmalar\u0131 te\u015fvik etme taahh\u00fcd\u00fcm\u00fcz sadece riskleri azaltmakla kalmaz, ayn\u0131 zamanda operasyonel temelinizi g\u00fc\u00e7lendirerek dinamik bir pazarda \u00e7evik ve diren\u00e7li kalman\u0131za yard\u0131mc\u0131 olur.<\/p>\n<p>Fara Group, geli\u015fmekte olan piyasalar\u0131n siyasi ve operasyonel risklerini etkin bir \u015fekilde ele alarak \u00e7at\u0131\u015fmalar i\u00e7in yenilik\u00e7i \u00e7\u00f6z\u00fcmler \u00fcretmek \u00fczere yirmi y\u0131ll\u0131k uzmanl\u0131\u011f\u0131ndan yararlanmaktad\u0131r. \u0130\u015fbirli\u011fine ve sonu\u00e7lara olan ba\u011fl\u0131l\u0131\u011f\u0131m\u0131zla, proaktif bir \u015fekilde g\u00fc\u00e7l\u00fc ili\u015fkiler kuruyor ve i\u015fletmenizin b\u00fcy\u00fcmesini ve uzun vadeli ba\u015far\u0131s\u0131n\u0131 destekleyen sonu\u00e7lar sunuyoruz.[\/vc_column_text][\/vc_column][\/vc_row][vc_row el_class=&#8221;cnt_fnt_size&#8221;][vc_column][vc_custom_heading text=&#8221;Ne d\u00fc\u015f\u00fcn\u00fcyoruz&#8221; font_container=&#8221;tag:h2|text_align:left|color:%2320487c&#8221; use_theme_fonts=&#8221;yes&#8221; css_animation=&#8221;fadeIn&#8221;][\/vc_column][\/vc_row][vc_row gap=&#8221;15&#8243; el_class=&#8221;cm_blog_mrg&#8221;][vc_column width=&#8221;1\/3&#8243;][vc_row_inner][vc_column_inner el_class=&#8221;box_cls_covr&#8221; css=&#8221;.vc_custom_1606386710014{padding-top: 0px !important;padding-bottom: 0px !important;background-color: #1f365c !important;background-position: center !important;background-repeat: no-repeat !important;background-size: cover !important;}&#8221;][\/vc_column_inner][\/vc_row_inner][\/vc_column][vc_column width=&#8221;2\/3&#8243; css=&#8221;.vc_custom_1605013309847{padding-top: 0px !important;padding-bottom: 0px !important;background-position: center !important;background-repeat: no-repeat !important;background-size: cover !important;}&#8221;][vc_row_inner][vc_column_inner el_class=&#8221;box_cls_covr&#8221; css=&#8221;.vc_custom_1748330575206{padding-top: 0px !important;padding-right: 0px !important;padding-bottom: 0px !important;padding-left: 0px !important;background-image: url(https:\/\/faragroup.net\/wp-content\/uploads\/2025\/05\/The-Transformative-Power-of-AI-in-AML-scaled.jpg?id=4174) !important;background-position: center !important;background-repeat: no-repeat !important;background-size: cover !important;}&#8221;][\/vc_column_inner][\/vc_row_inner][\/vc_column][\/vc_row][vc_row gap=&#8221;15&#8243; el_class=&#8221;cm_blog_mrg&#8221;][vc_column width=&#8221;2\/3&#8243; css=&#8221;.vc_custom_1605013309847{padding-top: 0px !important;padding-bottom: 0px !important;background-position: center !important;background-repeat: no-repeat !important;background-size: cover !important;}&#8221;][vc_row_inner][vc_column_inner el_class=&#8221;box_cls_covr&#8221; css=&#8221;.vc_custom_1748331472660{padding-top: 0px !important;padding-right: 0px !important;padding-bottom: 0px !important;padding-left: 0px !important;background-image: url(https:\/\/faragroup.net\/wp-content\/uploads\/2025\/04\/Digital-Pursuits-Tracing-Cryptos-Trail-of-Money-Laundering-3.jpg?id=4150) !important;background-position: center !important;background-repeat: no-repeat !important;background-size: cover !important;}&#8221;][\/vc_column_inner][\/vc_row_inner][\/vc_column][vc_column width=&#8221;1\/3&#8243;][vc_row_inner][vc_column_inner el_class=&#8221;box_cls_covr&#8221; css=&#8221;.vc_custom_1606386716918{padding-top: 0px !important;padding-bottom: 0px !important;background-color: #1f365c !important;background-position: center !important;background-repeat: no-repeat !important;background-size: cover !important;}&#8221;][\/vc_column_inner][\/vc_row_inner][\/vc_column][\/vc_row][vc_row el_class=&#8221;cnt_fnt_size mrgtop50&#8243;][vc_column][vc_custom_heading text=&#8221;YARDIM EDEB\u0130LECE\u011e\u0130M\u0130Z D\u0130\u011eER ALANLAR&#8221; font_container=&#8221;tag:h2|text_align:left|color:%2320487c&#8221; use_theme_fonts=&#8221;yes&#8221;][\/vc_column][\/vc_row][vc_row el_class=&#8221;cnt_fnt_size&#8221;][vc_column width=&#8221;1\/2&#8243;][vc_column_text css=&#8221;.vc_custom_1608098403136{background-image: url(https:\/\/faragroup.net\/wp-content\/uploads\/2020\/12\/Disputes-Asset-Tracing.jpg?id=2080) !important;background-position: center !important;background-repeat: no-repeat !important;background-size: cover !important;}&#8221; el_class=&#8221;cm_block_bg_sec&#8221;]<a class=\"nw_h_title\" href=\"https:\/\/faragroup.net\/tr\/ihtilaflar-varlik-takibi\/\"><span class=\"orange_bd\">Varl\u0131k Takibi<\/span><\/a>[\/vc_column_text][\/vc_column][vc_column width=&#8221;1\/2&#8243;][vc_column_text css=&#8221;.vc_custom_1748331771760{background-image: url(https:\/\/faragroup.net\/wp-content\/uploads\/2025\/05\/Foreign-Investment-Support.jpg?id=4142) !important;background-position: center !important;background-repeat: no-repeat !important;background-size: cover !important;}&#8221; el_class=&#8221;cm_block_bg_sec&#8221;]<a href=\"https:\/\/faragroup.net\/tr\/uzmanlik-alanlari\/itibar\/foreign-investment-support-2\/\">Yabanc\u0131 Yat\u0131r\u0131m Deste\u011fi<\/a>[\/vc_column_text][\/vc_column][\/vc_row]<\/p>\n","protected":false},"excerpt":{"rendered":"<p>[vc_row el_class=&#8221;cnt_fnt_size&#8221;][vc_column][vc_custom_heading text=&#8221;NE YAPIYORUZ&#8221; font_container=&#8221;tag:h2|text_align:left|color:%2320487c&#8221; use_theme_fonts=&#8221;yes&#8221;][vc_column_text]Fara Group, m\u00fc\u015fterilerin karma\u015f\u0131k m\u00fczakereleri g\u00fcven ve verimlilikle y\u00f6netmelerine yard\u0131mc\u0131 olur. Yaln\u0131zca acil hedeflerinizle uyumlu de\u011fil, ayn\u0131 zamanda giri\u015fimlerinizin uzun vadeli ba\u015far\u0131s\u0131n\u0131 destekleyen anla\u015fmalar sa\u011flamay\u0131 ama\u00e7l\u0131yoruz. S\u00f6zle\u015fme m\u00fczakereleri, mevzuata uygunluk ve yerel ortaklar ve yetkililerle hassas etkile\u015fimlerin y\u00f6netilmesi konular\u0131nda uzman deste\u011fi sa\u011fl\u0131yoruz. \u0130ster anla\u015fmazl\u0131klar\u0131 \u00e7\u00f6zmek, ister stratejik ortakl\u0131klar\u0131 resmile\u015ftirmek veya&hellip;<\/p>\n","protected":false},"author":1,"featured_media":0,"parent":0,"menu_order":0,"comment_status":"closed","ping_status":"closed","template":"","meta":{"_acf_changed":false},"class_list":["post-2978","page","type-page","status-publish","hentry","description-off"],"acf":[],"yoast_head":"<!-- This site is optimized with the Yoast SEO plugin v24.9 - https:\/\/yoast.com\/wordpress\/plugins\/seo\/ -->\n<title>Anla\u015fmazl\u0131klar: M\u00fczakereler - Fara Group<\/title>\n<meta name=\"robots\" content=\"index, follow, max-snippet:-1, max-image-preview:large, max-video-preview:-1\" \/>\n<link rel=\"canonical\" href=\"https:\/\/faragroup.net\/tr\/ihtilaflar-avantaj-olusturma\/\" \/>\n<meta property=\"og:locale\" content=\"tr_TR\" \/>\n<meta property=\"og:type\" content=\"article\" \/>\n<meta property=\"og:title\" content=\"Anla\u015fmazl\u0131klar: M\u00fczakereler - Fara Group\" \/>\n<meta property=\"og:description\" content=\"[vc_row el_class=&#8221;cnt_fnt_size&#8221;][vc_column][vc_custom_heading text=&#8221;NE YAPIYORUZ&#8221; font_container=&#8221;tag:h2|text_align:left|color:%2320487c&#8221; use_theme_fonts=&#8221;yes&#8221;][vc_column_text]Fara Group, m\u00fc\u015fterilerin karma\u015f\u0131k m\u00fczakereleri g\u00fcven ve verimlilikle y\u00f6netmelerine yard\u0131mc\u0131 olur. Yaln\u0131zca acil hedeflerinizle uyumlu de\u011fil, ayn\u0131 zamanda giri\u015fimlerinizin uzun vadeli ba\u015far\u0131s\u0131n\u0131 destekleyen anla\u015fmalar sa\u011flamay\u0131 ama\u00e7l\u0131yoruz. S\u00f6zle\u015fme m\u00fczakereleri, mevzuata uygunluk ve yerel ortaklar ve yetkililerle hassas etkile\u015fimlerin y\u00f6netilmesi konular\u0131nda uzman deste\u011fi sa\u011fl\u0131yoruz. \u0130ster anla\u015fmazl\u0131klar\u0131 \u00e7\u00f6zmek, ister stratejik ortakl\u0131klar\u0131 resmile\u015ftirmek veya&hellip;\" \/>\n<meta property=\"og:url\" content=\"https:\/\/faragroup.net\/tr\/ihtilaflar-avantaj-olusturma\/\" \/>\n<meta property=\"og:site_name\" content=\"Fara Group\" \/>\n<meta property=\"article:modified_time\" content=\"2025-05-28T08:41:33+00:00\" \/>\n<meta name=\"twitter:card\" content=\"summary_large_image\" \/>\n<meta name=\"twitter:label1\" content=\"Tahmini okuma s\u00fcresi\" \/>\n\t<meta name=\"twitter:data1\" content=\"4 dakika\" \/>\n<script type=\"application\/ld+json\" class=\"yoast-schema-graph\">{\"@context\":\"https:\/\/schema.org\",\"@graph\":[{\"@type\":\"WebPage\",\"@id\":\"https:\/\/faragroup.net\/tr\/ihtilaflar-avantaj-olusturma\/\",\"url\":\"https:\/\/faragroup.net\/tr\/ihtilaflar-avantaj-olusturma\/\",\"name\":\"Anla\u015fmazl\u0131klar: M\u00fczakereler - Fara Group\",\"isPartOf\":{\"@id\":\"https:\/\/faragroup.net\/tr\/#website\"},\"datePublished\":\"2021-02-07T20:41:03+00:00\",\"dateModified\":\"2025-05-28T08:41:33+00:00\",\"inLanguage\":\"tr\",\"potentialAction\":[{\"@type\":\"ReadAction\",\"target\":[\"https:\/\/faragroup.net\/tr\/ihtilaflar-avantaj-olusturma\/\"]}]},{\"@type\":\"WebSite\",\"@id\":\"https:\/\/faragroup.net\/tr\/#website\",\"url\":\"https:\/\/faragroup.net\/tr\/\",\"name\":\"Fara Group\",\"description\":\"\",\"potentialAction\":[{\"@type\":\"SearchAction\",\"target\":{\"@type\":\"EntryPoint\",\"urlTemplate\":\"https:\/\/faragroup.net\/tr\/?s={search_term_string}\"},\"query-input\":{\"@type\":\"PropertyValueSpecification\",\"valueRequired\":true,\"valueName\":\"search_term_string\"}}],\"inLanguage\":\"tr\"}]}<\/script>\n<!-- \/ Yoast SEO plugin. -->","yoast_head_json":{"title":"Anla\u015fmazl\u0131klar: M\u00fczakereler - Fara Group","robots":{"index":"index","follow":"follow","max-snippet":"max-snippet:-1","max-image-preview":"max-image-preview:large","max-video-preview":"max-video-preview:-1"},"canonical":"https:\/\/faragroup.net\/tr\/ihtilaflar-avantaj-olusturma\/","og_locale":"tr_TR","og_type":"article","og_title":"Anla\u015fmazl\u0131klar: M\u00fczakereler - Fara Group","og_description":"[vc_row el_class=&#8221;cnt_fnt_size&#8221;][vc_column][vc_custom_heading text=&#8221;NE YAPIYORUZ&#8221; font_container=&#8221;tag:h2|text_align:left|color:%2320487c&#8221; use_theme_fonts=&#8221;yes&#8221;][vc_column_text]Fara Group, m\u00fc\u015fterilerin karma\u015f\u0131k m\u00fczakereleri g\u00fcven ve verimlilikle y\u00f6netmelerine yard\u0131mc\u0131 olur. Yaln\u0131zca acil hedeflerinizle uyumlu de\u011fil, ayn\u0131 zamanda giri\u015fimlerinizin uzun vadeli ba\u015far\u0131s\u0131n\u0131 destekleyen anla\u015fmalar sa\u011flamay\u0131 ama\u00e7l\u0131yoruz. S\u00f6zle\u015fme m\u00fczakereleri, mevzuata uygunluk ve yerel ortaklar ve yetkililerle hassas etkile\u015fimlerin y\u00f6netilmesi konular\u0131nda uzman deste\u011fi sa\u011fl\u0131yoruz. \u0130ster anla\u015fmazl\u0131klar\u0131 \u00e7\u00f6zmek, ister stratejik ortakl\u0131klar\u0131 resmile\u015ftirmek veya&hellip;","og_url":"https:\/\/faragroup.net\/tr\/ihtilaflar-avantaj-olusturma\/","og_site_name":"Fara Group","article_modified_time":"2025-05-28T08:41:33+00:00","twitter_card":"summary_large_image","twitter_misc":{"Tahmini okuma s\u00fcresi":"4 dakika"},"schema":{"@context":"https:\/\/schema.org","@graph":[{"@type":"WebPage","@id":"https:\/\/faragroup.net\/tr\/ihtilaflar-avantaj-olusturma\/","url":"https:\/\/faragroup.net\/tr\/ihtilaflar-avantaj-olusturma\/","name":"Anla\u015fmazl\u0131klar: M\u00fczakereler - Fara Group","isPartOf":{"@id":"https:\/\/faragroup.net\/tr\/#website"},"datePublished":"2021-02-07T20:41:03+00:00","dateModified":"2025-05-28T08:41:33+00:00","inLanguage":"tr","potentialAction":[{"@type":"ReadAction","target":["https:\/\/faragroup.net\/tr\/ihtilaflar-avantaj-olusturma\/"]}]},{"@type":"WebSite","@id":"https:\/\/faragroup.net\/tr\/#website","url":"https:\/\/faragroup.net\/tr\/","name":"Fara Group","description":"","potentialAction":[{"@type":"SearchAction","target":{"@type":"EntryPoint","urlTemplate":"https:\/\/faragroup.net\/tr\/?s={search_term_string}"},"query-input":{"@type":"PropertyValueSpecification","valueRequired":true,"valueName":"search_term_string"}}],"inLanguage":"tr"}]}},"jetpack_sharing_enabled":true,"_links":{"self":[{"href":"https:\/\/faragroup.net\/tr\/wp-json\/wp\/v2\/pages\/2978","targetHints":{"allow":["GET"]}}],"collection":[{"href":"https:\/\/faragroup.net\/tr\/wp-json\/wp\/v2\/pages"}],"about":[{"href":"https:\/\/faragroup.net\/tr\/wp-json\/wp\/v2\/types\/page"}],"author":[{"embeddable":true,"href":"https:\/\/faragroup.net\/tr\/wp-json\/wp\/v2\/users\/1"}],"replies":[{"embeddable":true,"href":"https:\/\/faragroup.net\/tr\/wp-json\/wp\/v2\/comments?post=2978"}],"version-history":[{"count":46,"href":"https:\/\/faragroup.net\/tr\/wp-json\/wp\/v2\/pages\/2978\/revisions"}],"predecessor-version":[{"id":4222,"href":"https:\/\/faragroup.net\/tr\/wp-json\/wp\/v2\/pages\/2978\/revisions\/4222"}],"wp:attachment":[{"href":"https:\/\/faragroup.net\/tr\/wp-json\/wp\/v2\/media?parent=2978"}],"curies":[{"name":"wp","href":"https:\/\/api.w.org\/{rel}","templated":true}]}}