{"id":2975,"date":"2021-02-07T15:35:31","date_gmt":"2021-02-07T20:35:31","guid":{"rendered":"https:\/\/faragroup.net\/ihtilaflar-varlik-takibi\/"},"modified":"2025-05-28T05:28:38","modified_gmt":"2025-05-28T10:28:38","slug":"ihtilaflar-varlik-takibi","status":"publish","type":"page","link":"https:\/\/faragroup.net\/tr\/ihtilaflar-varlik-takibi\/","title":{"rendered":"\u0130htilaflar: Varl\u0131k Takibi"},"content":{"rendered":"<p>[vc_row el_class=&#8221;cnt_fnt_size&#8221;][vc_column][vc_custom_heading text=&#8221;NE YAPIYORUZ&#8221; font_container=&#8221;tag:h2|text_align:left|color:%2320487c&#8221; use_theme_fonts=&#8221;yes&#8221;][vc_column_text]Fara Grup, siyasi anlamda karma\u015f\u0131k ve zorlu konjonkt\u00fcrlerin m\u00fcdahil oldu\u011fu ve genellikle riskli yasal sistemlerde g\u00f6r\u00fclen s\u0131n\u0131r \u00f6tesi davalar konusunda uzmand\u0131r. Varl\u0131k takibine olan \u00e7ok y\u00f6nl\u00fc yakla\u015f\u0131m\u0131m\u0131z, m\u00fc\u015fterilerimizin veriler aras\u0131ndaki ba\u011flant\u0131lar\u0131 kurabilmelerine ve gereken bilgiyi elde edebilmelerine yard\u0131mc\u0131 olabilmek ad\u0131na \u00e7e\u015fitli y\u00f6ntemleri bir araya getirir.<\/p>\n<p>Yerel kaynaklar\u0131m\u0131zdan elde etti\u011fimiz bilgiler, y\u00fcr\u00fctt\u00fc\u011f\u00fcm\u00fcz adli analizler ile m\u00fclkiyetli ve ticari veri tabanlar\u0131na olan eri\u015fimimizle, yarg\u0131 s\u00fcre\u00e7lerinde kullan\u0131labilecek kan\u0131tlar da d\u00e2hil olmak \u00fczere bilgi toplamak \u00fczere incelemeler y\u00fcr\u00fctebilmekteyiz. Bireysel kaynaklar\u0131m\u0131zdan bilgi toplamam\u0131z sonucunda soru\u015fturmadaki \u00f6znelerin yolsuzlu\u011fa d\u00e2hil olma ihtimalleri ve bu \u015fah\u0131slar\u0131n kulland\u0131lar y\u00f6ntemler, ara\u00e7lar ve i\u015f ili\u015fkileri hakk\u0131nda g\u00f6r\u00fc\u015f belirtebilmekteyiz. Fara Grup olarak uluslararas\u0131 yarg\u0131 ve yetki alanlar\u0131n\u0131 a\u015fan fon transferlerini ve harita \u00fczerindeki ba\u011flant\u0131lar\u0131 takip etmek \u00fczere hem adli uzmanlar hem de \u00f6zelle\u015ftirilmi\u015f ara\u00e7 ve kaynaklarla \u00e7al\u0131\u015f\u0131yoruz. Ba\u015fvurdu\u011fumuz ara\u00e7lar ve kaynaklar aras\u0131nda ticari ve bireysel veri tabanlar\u0131, kurumsal varl\u0131k takip s\u00fcre\u00e7leri ve di\u011fer ara\u015ft\u0131rma y\u00f6ntemleri yer almaktad\u0131r.[\/vc_column_text][\/vc_column][\/vc_row][vc_row el_class=&#8221;cnt_fnt_size&#8221;][vc_column][vc_custom_heading text=&#8221;Ne d\u00fc\u015f\u00fcn\u00fcyoruz&#8221; font_container=&#8221;tag:h2|text_align:left|color:%2320487c&#8221; use_theme_fonts=&#8221;yes&#8221; css_animation=&#8221;fadeIn&#8221;][\/vc_column][\/vc_row][vc_row gap=&#8221;15&#8243; el_class=&#8221;cm_blog_mrg&#8221;][vc_column width=&#8221;1\/3&#8243;][vc_row_inner][vc_column_inner el_class=&#8221;box_cls_covr&#8221; css=&#8221;.vc_custom_1638130190356{padding-top: 0px !important;padding-bottom: 0px !important;background-image: url(https:\/\/faragroup.net\/wp-content\/uploads\/2020\/12\/Leveraging-outsidethe-rule-of-law-1-scaled.jpg?id=2263) !important;background-position: center !important;background-repeat: no-repeat !important;background-size: cover !important;}&#8221;][vc_raw_html]PGRpdiBjbGFzcz0ic2RfaW5ib3hjIj4KPGRpdiBjbGFzcz0ic2RfaW5ib3hjX2lubmVyIj4KPGgyPjxhIGhyZWY9Imh0dHBzOi8vZmFyYWdyb3VwLm5ldC90ci9hcmFwY2EtZG9jZXgvIj4KTmFkaXIgVG9wcmFrIE1ldGFsbGVyaSB2ZSBPcnRhIEtvcmlkb3I8L2E+CjwvaDI+CjxwPlN0cmF0ZWppayBFcmnFn2ltLCBTdHJhdGVqaWsgQXZhbnRhajwvcD4KPC9kaXY+CjwvZGl2Pgo=[\/vc_raw_html][\/vc_column_inner][\/vc_row_inner][\/vc_column][vc_column width=&#8221;2\/3&#8243; css=&#8221;.vc_custom_1605013309847{padding-top: 0px !important;padding-bottom: 0px !important;background-position: center !important;background-repeat: no-repeat !important;background-size: cover !important;}&#8221;][vc_row_inner][vc_column_inner el_class=&#8221;box_cls_covr&#8221; css=&#8221;.vc_custom_1748428045097{padding-top: 0px !important;padding-right: 0px !important;padding-bottom: 0px !important;padding-left: 0px !important;background-image: url(https:\/\/faragroup.net\/wp-content\/uploads\/2025\/04\/Digital-Pursuits-Tracing-Cryptos-Trail-of-Money-Laundering-3.jpg?id=4150) !important;background-position: center !important;background-repeat: no-repeat !important;background-size: cover !important;}&#8221;][vc_raw_html]CjxkaXYgY2xhc3M9InNkX2luYm94YyI+CjxkaXYgY2xhc3M9InNkX2luYm94Y19pbm5lciI+CjxoMj48YSBocmVmPSJodHRwczovL2ZhcmFncm91cC5uZXQvdHIvaHVrdWt1bi11c3R1bi1vbG1hZGlnaS1kdXJ1bWxhcmRhLWF2YW50YWotb2x1c3R1cmFiaWxtZS0yLyI+CkRpaml0YWwgVGFraXBsZXI6IEtyaXB0bydudW4gS2FyYSBQYXJhIEFrbGFtYSDEsHppbmkgU8O8cm1lazwvYT4KPC9oMj4KPGJyPjwvZGl2Pgo8L2Rpdj4K[\/vc_raw_html][\/vc_column_inner][\/vc_row_inner][\/vc_column][\/vc_row][vc_row gap=&#8221;15&#8243; el_class=&#8221;cm_blog_mrg&#8221;][vc_column width=&#8221;2\/3&#8243; css=&#8221;.vc_custom_1605013309847{padding-top: 0px !important;padding-bottom: 0px !important;background-position: center !important;background-repeat: no-repeat !important;background-size: cover !important;}&#8221;][vc_row_inner][vc_column_inner el_class=&#8221;box_cls_covr&#8221; css=&#8221;.vc_custom_1748428060449{padding-top: 0px !important;padding-right: 0px !important;padding-bottom: 0px !important;padding-left: 0px !important;background-image: url(https:\/\/faragroup.net\/wp-content\/uploads\/2021\/01\/Middle-Corridor-scaled.jpg?id=4155) !important;background-position: center !important;background-repeat: no-repeat !important;background-size: cover !important;}&#8221;][vc_raw_html]PGRpdiBjbGFzcz0ic2RfaW5ib3hjIj4KPGRpdiBjbGFzcz0ic2RfaW5ib3hjX2lubmVyIj4KPGgyPjxhIGhyZWY9Imh0dHBzOi8vZmFyYWdyb3VwLm5ldC90ci9odWt1a3VuLXVzdHVuLW9sbWFkaWdpLWR1cnVtbGFyZGEtYXZhbnRhai1vbHVzdHVyYWJpbG1lLyI+Ck9ydGEgS29yaWRvcmEgWWF0xLFyxLFtIFlhcG1hazwvYT4KPC9oMj4KPHA+RsSxcnNhdGxhciB2ZSBSaXNrbGVyPC9wPgo8L2Rpdj4KPC9kaXY+Cg==[\/vc_raw_html][\/vc_column_inner][\/vc_row_inner][\/vc_column][vc_column width=&#8221;1\/3&#8243;][vc_row_inner][vc_column_inner el_class=&#8221;box_cls_covr&#8221; css=&#8221;.vc_custom_1638135342994{padding-top: 0px !important;padding-bottom: 0px !important;background-color: #1f365c !important;background-position: center !important;background-repeat: no-repeat !important;background-size: cover !important;}&#8221;][vc_raw_html]PGRpdiBjbGFzcz0ic2RfaW5ib3hjIj4KPGRpdiBjbGFzcz0ic2RfaW5ib3hjX2lubmVyIj4KPGgyPjxhIGhyZWY9Imh0dHBzOi8vZmFyYWdyb3VwLm5ldC90ci9hbWwtY2Z0LXNvcnVzdHVybWFsYXJpbmRhLXlhcGF5LXpla2FuaW4tZG9udXN0dXJ1Y3UtZ3VjdS8iPgpBTUwvQ0ZUIFNvcnXFn3R1cm1hbGFyxLFuZGEgWWFwYXkgWmVrYW7EsW4gRMO2bsO8xZ90w7xyw7xjw7wgR8O8Y8O8PC9hPgo8L2gyPgoKPGJyPjwvZGl2Pgo8L2Rpdj4K[\/vc_raw_html][\/vc_column_inner][\/vc_row_inner][\/vc_column][\/vc_row][vc_row el_class=&#8221;cnt_fnt_size mrgtop50&#8243;][vc_column][vc_custom_heading text=&#8221;YARDIM EDEB\u0130LECE\u011e\u0130M\u0130Z D\u0130\u011eER ALANLAR&#8221; font_container=&#8221;tag:h2|text_align:left|color:%2320487c&#8221; use_theme_fonts=&#8221;yes&#8221; css_animation=&#8221;fadeIn&#8221;][\/vc_column][\/vc_row][vc_row el_class=&#8221;cnt_fnt_size&#8221;][vc_column width=&#8221;1\/2&#8243;][vc_column_text css=&#8221;.vc_custom_1608097326736{background-image: url(https:\/\/faragroup.net\/wp-content\/uploads\/2020\/12\/Risk-Due-diligence.jpg?id=2063) !important;background-position: center !important;background-repeat: no-repeat !important;background-size: cover !important;}&#8221; el_class=&#8221;cm_block_bg_sec&#8221;]<a class=\"nw_h_title\" href=\"https:\/\/faragroup.net\/tr\/risk-on-denetim-ve-tespit\/\"><span class=\"orange_bd\">\u00d6n Denet\u0130m ve<\/span><\/a>[\/vc_column_text][\/vc_column][vc_column width=&#8221;1\/2&#8243;][vc_column_text css=&#8221;.vc_custom_1638132568006{background-image: url(https:\/\/faragroup.net\/wp-content\/uploads\/2020\/12\/Sanctions.jpg?id=2078) !important;background-position: center !important;background-repeat: no-repeat !important;background-size: cover !important;}&#8221; el_class=&#8221;cm_block_bg_sec&#8221;]<a class=\"nw_h_title\" href=\"https:\/\/faragroup.net\/tr\/uzmanlik-alanlari\/yaptirimlar\/\"><span class=\"orange_bd\">Yapt\u0131r\u0131mlar<\/span><\/a>[\/vc_column_text][\/vc_column][\/vc_row]<\/p>\n","protected":false},"excerpt":{"rendered":"<p>[vc_row el_class=&#8221;cnt_fnt_size&#8221;][vc_column][vc_custom_heading text=&#8221;NE YAPIYORUZ&#8221; font_container=&#8221;tag:h2|text_align:left|color:%2320487c&#8221; use_theme_fonts=&#8221;yes&#8221;][vc_column_text]Fara Grup, siyasi anlamda karma\u015f\u0131k ve zorlu konjonkt\u00fcrlerin m\u00fcdahil oldu\u011fu ve genellikle riskli yasal sistemlerde g\u00f6r\u00fclen s\u0131n\u0131r \u00f6tesi davalar konusunda uzmand\u0131r. Varl\u0131k takibine olan \u00e7ok y\u00f6nl\u00fc yakla\u015f\u0131m\u0131m\u0131z, m\u00fc\u015fterilerimizin veriler aras\u0131ndaki ba\u011flant\u0131lar\u0131 kurabilmelerine ve gereken bilgiyi elde edebilmelerine yard\u0131mc\u0131 olabilmek ad\u0131na \u00e7e\u015fitli y\u00f6ntemleri bir araya getirir. Yerel kaynaklar\u0131m\u0131zdan elde etti\u011fimiz bilgiler,&hellip;<\/p>\n","protected":false},"author":1,"featured_media":0,"parent":0,"menu_order":0,"comment_status":"closed","ping_status":"closed","template":"","meta":{"_acf_changed":false},"class_list":["post-2975","page","type-page","status-publish","hentry","description-off"],"acf":[],"yoast_head":"<!-- This site is optimized with the Yoast SEO plugin v24.9 - https:\/\/yoast.com\/wordpress\/plugins\/seo\/ -->\n<title>\u0130htilaflar: Varl\u0131k Takibi - Fara Group<\/title>\n<meta name=\"robots\" content=\"index, follow, max-snippet:-1, max-image-preview:large, max-video-preview:-1\" \/>\n<link rel=\"canonical\" href=\"https:\/\/faragroup.net\/tr\/ihtilaflar-varlik-takibi\/\" \/>\n<meta property=\"og:locale\" content=\"tr_TR\" \/>\n<meta property=\"og:type\" content=\"article\" \/>\n<meta property=\"og:title\" content=\"\u0130htilaflar: Varl\u0131k Takibi - Fara Group\" \/>\n<meta property=\"og:description\" content=\"[vc_row el_class=&#8221;cnt_fnt_size&#8221;][vc_column][vc_custom_heading text=&#8221;NE YAPIYORUZ&#8221; font_container=&#8221;tag:h2|text_align:left|color:%2320487c&#8221; use_theme_fonts=&#8221;yes&#8221;][vc_column_text]Fara Grup, siyasi anlamda karma\u015f\u0131k ve zorlu konjonkt\u00fcrlerin m\u00fcdahil oldu\u011fu ve genellikle riskli yasal sistemlerde g\u00f6r\u00fclen s\u0131n\u0131r \u00f6tesi davalar konusunda uzmand\u0131r. Varl\u0131k takibine olan \u00e7ok y\u00f6nl\u00fc yakla\u015f\u0131m\u0131m\u0131z, m\u00fc\u015fterilerimizin veriler aras\u0131ndaki ba\u011flant\u0131lar\u0131 kurabilmelerine ve gereken bilgiyi elde edebilmelerine yard\u0131mc\u0131 olabilmek ad\u0131na \u00e7e\u015fitli y\u00f6ntemleri bir araya getirir. Yerel kaynaklar\u0131m\u0131zdan elde etti\u011fimiz bilgiler,&hellip;\" \/>\n<meta property=\"og:url\" content=\"https:\/\/faragroup.net\/tr\/ihtilaflar-varlik-takibi\/\" \/>\n<meta property=\"og:site_name\" content=\"Fara Group\" \/>\n<meta property=\"article:modified_time\" content=\"2025-05-28T10:28:38+00:00\" \/>\n<meta name=\"twitter:card\" content=\"summary_large_image\" \/>\n<meta name=\"twitter:label1\" content=\"Tahmini okuma s\u00fcresi\" \/>\n\t<meta name=\"twitter:data1\" content=\"5 dakika\" \/>\n<script type=\"application\/ld+json\" class=\"yoast-schema-graph\">{\"@context\":\"https:\/\/schema.org\",\"@graph\":[{\"@type\":\"WebPage\",\"@id\":\"https:\/\/faragroup.net\/tr\/ihtilaflar-varlik-takibi\/\",\"url\":\"https:\/\/faragroup.net\/tr\/ihtilaflar-varlik-takibi\/\",\"name\":\"\u0130htilaflar: Varl\u0131k Takibi - Fara Group\",\"isPartOf\":{\"@id\":\"https:\/\/faragroup.net\/tr\/#website\"},\"datePublished\":\"2021-02-07T20:35:31+00:00\",\"dateModified\":\"2025-05-28T10:28:38+00:00\",\"inLanguage\":\"tr\",\"potentialAction\":[{\"@type\":\"ReadAction\",\"target\":[\"https:\/\/faragroup.net\/tr\/ihtilaflar-varlik-takibi\/\"]}]},{\"@type\":\"WebSite\",\"@id\":\"https:\/\/faragroup.net\/tr\/#website\",\"url\":\"https:\/\/faragroup.net\/tr\/\",\"name\":\"Fara Group\",\"description\":\"\",\"potentialAction\":[{\"@type\":\"SearchAction\",\"target\":{\"@type\":\"EntryPoint\",\"urlTemplate\":\"https:\/\/faragroup.net\/tr\/?s={search_term_string}\"},\"query-input\":{\"@type\":\"PropertyValueSpecification\",\"valueRequired\":true,\"valueName\":\"search_term_string\"}}],\"inLanguage\":\"tr\"}]}<\/script>\n<!-- \/ Yoast SEO plugin. -->","yoast_head_json":{"title":"\u0130htilaflar: Varl\u0131k Takibi - Fara Group","robots":{"index":"index","follow":"follow","max-snippet":"max-snippet:-1","max-image-preview":"max-image-preview:large","max-video-preview":"max-video-preview:-1"},"canonical":"https:\/\/faragroup.net\/tr\/ihtilaflar-varlik-takibi\/","og_locale":"tr_TR","og_type":"article","og_title":"\u0130htilaflar: Varl\u0131k Takibi - Fara Group","og_description":"[vc_row el_class=&#8221;cnt_fnt_size&#8221;][vc_column][vc_custom_heading text=&#8221;NE YAPIYORUZ&#8221; font_container=&#8221;tag:h2|text_align:left|color:%2320487c&#8221; use_theme_fonts=&#8221;yes&#8221;][vc_column_text]Fara Grup, siyasi anlamda karma\u015f\u0131k ve zorlu konjonkt\u00fcrlerin m\u00fcdahil oldu\u011fu ve genellikle riskli yasal sistemlerde g\u00f6r\u00fclen s\u0131n\u0131r \u00f6tesi davalar konusunda uzmand\u0131r. Varl\u0131k takibine olan \u00e7ok y\u00f6nl\u00fc yakla\u015f\u0131m\u0131m\u0131z, m\u00fc\u015fterilerimizin veriler aras\u0131ndaki ba\u011flant\u0131lar\u0131 kurabilmelerine ve gereken bilgiyi elde edebilmelerine yard\u0131mc\u0131 olabilmek ad\u0131na \u00e7e\u015fitli y\u00f6ntemleri bir araya getirir. Yerel kaynaklar\u0131m\u0131zdan elde etti\u011fimiz bilgiler,&hellip;","og_url":"https:\/\/faragroup.net\/tr\/ihtilaflar-varlik-takibi\/","og_site_name":"Fara Group","article_modified_time":"2025-05-28T10:28:38+00:00","twitter_card":"summary_large_image","twitter_misc":{"Tahmini okuma s\u00fcresi":"5 dakika"},"schema":{"@context":"https:\/\/schema.org","@graph":[{"@type":"WebPage","@id":"https:\/\/faragroup.net\/tr\/ihtilaflar-varlik-takibi\/","url":"https:\/\/faragroup.net\/tr\/ihtilaflar-varlik-takibi\/","name":"\u0130htilaflar: Varl\u0131k Takibi - Fara Group","isPartOf":{"@id":"https:\/\/faragroup.net\/tr\/#website"},"datePublished":"2021-02-07T20:35:31+00:00","dateModified":"2025-05-28T10:28:38+00:00","inLanguage":"tr","potentialAction":[{"@type":"ReadAction","target":["https:\/\/faragroup.net\/tr\/ihtilaflar-varlik-takibi\/"]}]},{"@type":"WebSite","@id":"https:\/\/faragroup.net\/tr\/#website","url":"https:\/\/faragroup.net\/tr\/","name":"Fara Group","description":"","potentialAction":[{"@type":"SearchAction","target":{"@type":"EntryPoint","urlTemplate":"https:\/\/faragroup.net\/tr\/?s={search_term_string}"},"query-input":{"@type":"PropertyValueSpecification","valueRequired":true,"valueName":"search_term_string"}}],"inLanguage":"tr"}]}},"jetpack_sharing_enabled":true,"_links":{"self":[{"href":"https:\/\/faragroup.net\/tr\/wp-json\/wp\/v2\/pages\/2975","targetHints":{"allow":["GET"]}}],"collection":[{"href":"https:\/\/faragroup.net\/tr\/wp-json\/wp\/v2\/pages"}],"about":[{"href":"https:\/\/faragroup.net\/tr\/wp-json\/wp\/v2\/types\/page"}],"author":[{"embeddable":true,"href":"https:\/\/faragroup.net\/tr\/wp-json\/wp\/v2\/users\/1"}],"replies":[{"embeddable":true,"href":"https:\/\/faragroup.net\/tr\/wp-json\/wp\/v2\/comments?post=2975"}],"version-history":[{"count":48,"href":"https:\/\/faragroup.net\/tr\/wp-json\/wp\/v2\/pages\/2975\/revisions"}],"predecessor-version":[{"id":4388,"href":"https:\/\/faragroup.net\/tr\/wp-json\/wp\/v2\/pages\/2975\/revisions\/4388"}],"wp:attachment":[{"href":"https:\/\/faragroup.net\/tr\/wp-json\/wp\/v2\/media?parent=2975"}],"curies":[{"name":"wp","href":"https:\/\/api.w.org\/{rel}","templated":true}]}}