{"id":2973,"date":"2021-02-07T15:10:30","date_gmt":"2021-02-07T20:10:30","guid":{"rendered":"https:\/\/faragroup.net\/risk-on-denetim-ve-tespit\/"},"modified":"2025-05-28T03:56:42","modified_gmt":"2025-05-28T08:56:42","slug":"risk-on-denetim-ve-tespit","status":"publish","type":"page","link":"https:\/\/faragroup.net\/tr\/risk-on-denetim-ve-tespit\/","title":{"rendered":"Risk: Durum Tespiti"},"content":{"rendered":"<p>[vc_row el_class=&#8221;cnt_fnt_size&#8221;][vc_column][vc_custom_heading text=&#8221;NE YAPIYORUZ&#8221; font_container=&#8221;tag:h2|text_align:left|color:%2320487c&#8221; use_theme_fonts=&#8221;yes&#8221;][vc_column_text]Fara Group, \u00e7ok dilli a\u00e7\u0131k kaynaklar\u0131n yan\u0131 s\u0131ra tescilli, a\u015fa\u011f\u0131lay\u0131c\u0131 veri tabanlar\u0131n\u0131 da i\u00e7eren uzaktan ara\u015ft\u0131rma ile birlikte istihbarata dayal\u0131 saha incelemeleri yoluyla yabanc\u0131 ortaklar hakk\u0131ndaki bilgileri do\u011frulayarak durum tespiti yapar. Ara\u015ft\u0131rmam\u0131z, m\u00fc\u015fterileri itibar, ili\u015fkiler ve i\u015fletmelerinin finansal ve yasal durumuyla ilgili potansiyel risklere kar\u015f\u0131 uyar\u0131r. Ayr\u0131ca, Fara Group&#8217;un durum tespiti, m\u00fc\u015fterilerin ABD Yurtd\u0131\u015f\u0131 Yolsuzluk Faaliyetleri Yasas\u0131, ABD Hazine Bakanl\u0131\u011f\u0131 Yabanc\u0131 Varl\u0131klar\u0131n Kontrol\u00fc Ofisi (OFAC) d\u00fczenlemeleri ve yabanc\u0131 muhataplar\u0131n\u0131z\u0131 &#8220;tan\u0131ma&#8221; gerekliliklerine uymalar\u0131na yard\u0131mc\u0131 olur.[\/vc_column_text][\/vc_column][\/vc_row][vc_row el_class=&#8221;cnt_fnt_size&#8221;][vc_column][vc_custom_heading text=&#8221;Ne d\u00fc\u015f\u00fcn\u00fcyoruz&#8221; font_container=&#8221;tag:h2|text_align:left|color:%2320487c&#8221; use_theme_fonts=&#8221;yes&#8221; css_animation=&#8221;fadeIn&#8221;][\/vc_column][\/vc_row][vc_row gap=&#8221;15&#8243; el_class=&#8221;cm_blog_mrg&#8221;][vc_column width=&#8221;1\/3&#8243;][vc_row_inner][vc_column_inner el_class=&#8221;box_cls_covr&#8221; css=&#8221;.vc_custom_1606386710014{padding-top: 0px !important;padding-bottom: 0px !important;background-color: #1f365c !important;background-position: center !important;background-repeat: no-repeat !important;background-size: cover !important;}&#8221;][vc_raw_html]PGRpdiBjbGFzcz0ic2RfaW5ib3hjIj4KPGRpdiBjbGFzcz0ic2RfaW5ib3hjX2lubmVyIj4KPGgyPjxhIGhyZWY9Imh0dHBzOi8vZmFyYWdyb3VwLm5ldC90ci9hcmFwY2EtZG9jZXgvIj4KTmFkaXIgVG9wcmFrIE1ldGFsbGVyaSB2ZSBPcnRhIEtvcmlkb3I8L2E+CjwvaDI+CjxwPlN0cmF0ZWppayBFcmnFn2ltLCBTdHJhdGVqaWsgQXZhbnRhajwvcD4KPC9kaXY+CjwvZGl2Pgo=[\/vc_raw_html][\/vc_column_inner][\/vc_row_inner][\/vc_column][vc_column width=&#8221;2\/3&#8243; css=&#8221;.vc_custom_1605013309847{padding-top: 0px !important;padding-bottom: 0px !important;background-position: center !important;background-repeat: no-repeat !important;background-size: cover !important;}&#8221;][vc_row_inner][vc_column_inner el_class=&#8221;box_cls_covr&#8221; css=&#8221;.vc_custom_1748422134428{padding-top: 0px !important;padding-right: 0px !important;padding-bottom: 0px !important;padding-left: 0px !important;background-image: url(https:\/\/faragroup.net\/wp-content\/uploads\/2025\/05\/The-Transformative-Power-of-AI-in-AML-scaled.jpg?id=4174) !important;background-position: center !important;background-repeat: no-repeat !important;background-size: cover !important;}&#8221;][vc_raw_html]PGRpdiBjbGFzcz0ic2RfaW5ib3hjIj4KPGRpdiBjbGFzcz0ic2RfaW5ib3hjX2lubmVyIj4KPGgyPjxhIGhyZWY9Imh0dHBzOi8vZmFyYWdyb3VwLm5ldC90ci9hbWwtY2Z0LXNvcnVzdHVybWFsYXJpbmRhLXlhcGF5LXpla2FuaW4tZG9udXN0dXJ1Y3UtZ3VjdS8iPgpBTUwvQ0ZUIFNvcnXFn3R1cm1hbGFyxLFuZGEgWWFwYXkgWmVrYW7EsW4gRMO2bsO8xZ90w7xyw7xjw7wgR8O8Y8O8PC9hPgo8L2gyPgoKPGJyPjwvZGl2Pgo8L2Rpdj4K[\/vc_raw_html][\/vc_column_inner][\/vc_row_inner][\/vc_column][\/vc_row][vc_row gap=&#8221;15&#8243; el_class=&#8221;cm_blog_mrg&#8221;][vc_column width=&#8221;2\/3&#8243; css=&#8221;.vc_custom_1605013309847{padding-top: 0px !important;padding-bottom: 0px !important;background-position: center !important;background-repeat: no-repeat !important;background-size: cover !important;}&#8221;][vc_row_inner][vc_column_inner el_class=&#8221;box_cls_covr&#8221; css=&#8221;.vc_custom_1748422078277{padding-top: 0px !important;padding-right: 0px !important;padding-bottom: 0px !important;padding-left: 0px !important;background-image: url(https:\/\/faragroup.net\/wp-content\/uploads\/2021\/01\/Middle-Corridor-scaled.jpg?id=4155) !important;background-position: center !important;background-repeat: no-repeat !important;background-size: cover !important;}&#8221;][vc_raw_html]PGRpdiBjbGFzcz0ic2RfaW5ib3hjIj4KPGRpdiBjbGFzcz0ic2RfaW5ib3hjX2lubmVyIj4KPGgyPjxhIGhyZWY9Imh0dHBzOi8vZmFyYWdyb3VwLm5ldC90ci9odWt1a3VuLXVzdHVuLW9sbWFkaWdpLWR1cnVtbGFyZGEtYXZhbnRhai1vbHVzdHVyYWJpbG1lLyI+Ck9ydGEgS29yaWRvcmEgWWF0xLFyxLFtIFlhcG1hazwvYT4KPC9oMj4KPHA+RsSxcnNhdGxhciB2ZSBSaXNrbGVyPC9wPgo8YnI+PGJyPjwvZGl2Pgo8L2Rpdj4K[\/vc_raw_html][\/vc_column_inner][\/vc_row_inner][\/vc_column][vc_column width=&#8221;1\/3&#8243;][vc_row_inner][vc_column_inner el_class=&#8221;box_cls_covr&#8221; css=&#8221;.vc_custom_1606386716918{padding-top: 0px !important;padding-bottom: 0px !important;background-color: #1f365c !important;background-position: center !important;background-repeat: no-repeat !important;background-size: cover !important;}&#8221;][vc_raw_html]PGRpdiBjbGFzcz0ic2RfaW5ib3hjIj4KPGRpdiBjbGFzcz0ic2RfaW5ib3hjX2lubmVyIj4KPGgyPjxhIGhyZWY9Imh0dHBzOi8vZmFyYWdyb3VwLm5ldC90ci9odWt1a3VuLXVzdHVuLW9sbWFkaWdpLWR1cnVtbGFyZGEtYXZhbnRhai1vbHVzdHVyYWJpbG1lLTIvIj4KRGlqaXRhbCBUYWtpcGxlcjogS3JpcHRvJ251biBLYXJhIFBhcmEgQWtsYW1hIMSwemluaSBTw7xybWVrPC9hPgo8L2gyPgo8YnI+PC9kaXY+CjwvZGl2Pgo=[\/vc_raw_html][\/vc_column_inner][\/vc_row_inner][\/vc_column][\/vc_row][vc_row el_class=&#8221;cnt_fnt_size mrgtop50&#8243;][vc_column][vc_custom_heading text=&#8221;YARDIM EDEB\u0130LECE\u011e\u0130M\u0130Z D\u0130\u011eER ALANLAR&#8221; font_container=&#8221;tag:h2|text_align:left|color:%2320487c&#8221; use_theme_fonts=&#8221;yes&#8221;][\/vc_column][\/vc_row][vc_row el_class=&#8221;cnt_fnt_size&#8221;][vc_column width=&#8221;1\/2&#8243;][vc_column_text css=&#8221;.vc_custom_1608093841067{background-image: url(https:\/\/faragroup.net\/wp-content\/uploads\/2020\/12\/Early-warning-early-response.jpg?id=2062) !important;background-position: center !important;background-repeat: no-repeat !important;background-size: cover !important;}&#8221; el_class=&#8221;cm_block_bg_sec&#8221;]<a class=\"nw_h_title\" href=\"https:\/\/faragroup.net\/tr\/risk-erken-uyari-erken-cozum\/\"><span class=\"orange_bd\">Erken Uyar\u0131, Erken \u00c7\u00f6z\u00fcm<\/span><\/a>[\/vc_column_text][\/vc_column][vc_column width=&#8221;1\/2&#8243;][vc_column_text css=&#8221;.vc_custom_1608093808643{background-image: url(https:\/\/faragroup.net\/wp-content\/uploads\/2020\/12\/Risk-Investment-Intelligence.jpg?id=2061) !important;background-position: center !important;background-repeat: no-repeat !important;background-size: cover !important;}&#8221; el_class=&#8221;cm_block_bg_sec&#8221;]<a class=\"nw_h_title\" href=\"https:\/\/faragroup.net\/tr\/risk-yatirim-istihbarati\/\"><span class=\"orange_bd\">Yat\u0131r\u0131m \u0130stihbarat\u0131<\/span><\/a>[\/vc_column_text][\/vc_column][\/vc_row]<\/p>\n","protected":false},"excerpt":{"rendered":"<p>[vc_row el_class=&#8221;cnt_fnt_size&#8221;][vc_column][vc_custom_heading text=&#8221;NE YAPIYORUZ&#8221; font_container=&#8221;tag:h2|text_align:left|color:%2320487c&#8221; use_theme_fonts=&#8221;yes&#8221;][vc_column_text]Fara Group, \u00e7ok dilli a\u00e7\u0131k kaynaklar\u0131n yan\u0131 s\u0131ra tescilli, a\u015fa\u011f\u0131lay\u0131c\u0131 veri tabanlar\u0131n\u0131 da i\u00e7eren uzaktan ara\u015ft\u0131rma ile birlikte istihbarata dayal\u0131 saha incelemeleri yoluyla yabanc\u0131 ortaklar hakk\u0131ndaki bilgileri do\u011frulayarak durum tespiti yapar. Ara\u015ft\u0131rmam\u0131z, m\u00fc\u015fterileri itibar, ili\u015fkiler ve i\u015fletmelerinin finansal ve yasal durumuyla ilgili potansiyel risklere kar\u015f\u0131 uyar\u0131r. Ayr\u0131ca, Fara Group&#8217;un durum&hellip;<\/p>\n","protected":false},"author":1,"featured_media":0,"parent":0,"menu_order":0,"comment_status":"closed","ping_status":"closed","template":"","meta":{"_acf_changed":false},"class_list":["post-2973","page","type-page","status-publish","hentry","description-off"],"acf":[],"yoast_head":"<!-- This site is optimized with the Yoast SEO plugin v24.9 - https:\/\/yoast.com\/wordpress\/plugins\/seo\/ -->\n<title>Risk: Durum Tespiti - Fara Group<\/title>\n<meta name=\"robots\" content=\"index, follow, max-snippet:-1, max-image-preview:large, max-video-preview:-1\" \/>\n<link rel=\"canonical\" href=\"https:\/\/faragroup.net\/tr\/risk-on-denetim-ve-tespit\/\" \/>\n<meta property=\"og:locale\" content=\"tr_TR\" \/>\n<meta property=\"og:type\" content=\"article\" \/>\n<meta property=\"og:title\" content=\"Risk: Durum Tespiti - Fara Group\" \/>\n<meta property=\"og:description\" content=\"[vc_row el_class=&#8221;cnt_fnt_size&#8221;][vc_column][vc_custom_heading text=&#8221;NE YAPIYORUZ&#8221; font_container=&#8221;tag:h2|text_align:left|color:%2320487c&#8221; use_theme_fonts=&#8221;yes&#8221;][vc_column_text]Fara Group, \u00e7ok dilli a\u00e7\u0131k kaynaklar\u0131n yan\u0131 s\u0131ra tescilli, a\u015fa\u011f\u0131lay\u0131c\u0131 veri tabanlar\u0131n\u0131 da i\u00e7eren uzaktan ara\u015ft\u0131rma ile birlikte istihbarata dayal\u0131 saha incelemeleri yoluyla yabanc\u0131 ortaklar hakk\u0131ndaki bilgileri do\u011frulayarak durum tespiti yapar. Ara\u015ft\u0131rmam\u0131z, m\u00fc\u015fterileri itibar, ili\u015fkiler ve i\u015fletmelerinin finansal ve yasal durumuyla ilgili potansiyel risklere kar\u015f\u0131 uyar\u0131r. Ayr\u0131ca, Fara Group&#8217;un durum&hellip;\" \/>\n<meta property=\"og:url\" content=\"https:\/\/faragroup.net\/tr\/risk-on-denetim-ve-tespit\/\" \/>\n<meta property=\"og:site_name\" content=\"Fara Group\" \/>\n<meta property=\"article:modified_time\" content=\"2025-05-28T08:56:42+00:00\" \/>\n<meta name=\"twitter:card\" content=\"summary_large_image\" \/>\n<meta name=\"twitter:label1\" content=\"Tahmini okuma s\u00fcresi\" \/>\n\t<meta name=\"twitter:data1\" content=\"4 dakika\" \/>\n<script type=\"application\/ld+json\" class=\"yoast-schema-graph\">{\"@context\":\"https:\/\/schema.org\",\"@graph\":[{\"@type\":\"WebPage\",\"@id\":\"https:\/\/faragroup.net\/tr\/risk-on-denetim-ve-tespit\/\",\"url\":\"https:\/\/faragroup.net\/tr\/risk-on-denetim-ve-tespit\/\",\"name\":\"Risk: Durum Tespiti - Fara Group\",\"isPartOf\":{\"@id\":\"https:\/\/faragroup.net\/tr\/#website\"},\"datePublished\":\"2021-02-07T20:10:30+00:00\",\"dateModified\":\"2025-05-28T08:56:42+00:00\",\"inLanguage\":\"tr\",\"potentialAction\":[{\"@type\":\"ReadAction\",\"target\":[\"https:\/\/faragroup.net\/tr\/risk-on-denetim-ve-tespit\/\"]}]},{\"@type\":\"WebSite\",\"@id\":\"https:\/\/faragroup.net\/tr\/#website\",\"url\":\"https:\/\/faragroup.net\/tr\/\",\"name\":\"Fara Group\",\"description\":\"\",\"potentialAction\":[{\"@type\":\"SearchAction\",\"target\":{\"@type\":\"EntryPoint\",\"urlTemplate\":\"https:\/\/faragroup.net\/tr\/?s={search_term_string}\"},\"query-input\":{\"@type\":\"PropertyValueSpecification\",\"valueRequired\":true,\"valueName\":\"search_term_string\"}}],\"inLanguage\":\"tr\"}]}<\/script>\n<!-- \/ Yoast SEO plugin. -->","yoast_head_json":{"title":"Risk: Durum Tespiti - Fara Group","robots":{"index":"index","follow":"follow","max-snippet":"max-snippet:-1","max-image-preview":"max-image-preview:large","max-video-preview":"max-video-preview:-1"},"canonical":"https:\/\/faragroup.net\/tr\/risk-on-denetim-ve-tespit\/","og_locale":"tr_TR","og_type":"article","og_title":"Risk: Durum Tespiti - Fara Group","og_description":"[vc_row el_class=&#8221;cnt_fnt_size&#8221;][vc_column][vc_custom_heading text=&#8221;NE YAPIYORUZ&#8221; font_container=&#8221;tag:h2|text_align:left|color:%2320487c&#8221; use_theme_fonts=&#8221;yes&#8221;][vc_column_text]Fara Group, \u00e7ok dilli a\u00e7\u0131k kaynaklar\u0131n yan\u0131 s\u0131ra tescilli, a\u015fa\u011f\u0131lay\u0131c\u0131 veri tabanlar\u0131n\u0131 da i\u00e7eren uzaktan ara\u015ft\u0131rma ile birlikte istihbarata dayal\u0131 saha incelemeleri yoluyla yabanc\u0131 ortaklar hakk\u0131ndaki bilgileri do\u011frulayarak durum tespiti yapar. Ara\u015ft\u0131rmam\u0131z, m\u00fc\u015fterileri itibar, ili\u015fkiler ve i\u015fletmelerinin finansal ve yasal durumuyla ilgili potansiyel risklere kar\u015f\u0131 uyar\u0131r. Ayr\u0131ca, Fara Group&#8217;un durum&hellip;","og_url":"https:\/\/faragroup.net\/tr\/risk-on-denetim-ve-tespit\/","og_site_name":"Fara Group","article_modified_time":"2025-05-28T08:56:42+00:00","twitter_card":"summary_large_image","twitter_misc":{"Tahmini okuma s\u00fcresi":"4 dakika"},"schema":{"@context":"https:\/\/schema.org","@graph":[{"@type":"WebPage","@id":"https:\/\/faragroup.net\/tr\/risk-on-denetim-ve-tespit\/","url":"https:\/\/faragroup.net\/tr\/risk-on-denetim-ve-tespit\/","name":"Risk: Durum Tespiti - Fara Group","isPartOf":{"@id":"https:\/\/faragroup.net\/tr\/#website"},"datePublished":"2021-02-07T20:10:30+00:00","dateModified":"2025-05-28T08:56:42+00:00","inLanguage":"tr","potentialAction":[{"@type":"ReadAction","target":["https:\/\/faragroup.net\/tr\/risk-on-denetim-ve-tespit\/"]}]},{"@type":"WebSite","@id":"https:\/\/faragroup.net\/tr\/#website","url":"https:\/\/faragroup.net\/tr\/","name":"Fara Group","description":"","potentialAction":[{"@type":"SearchAction","target":{"@type":"EntryPoint","urlTemplate":"https:\/\/faragroup.net\/tr\/?s={search_term_string}"},"query-input":{"@type":"PropertyValueSpecification","valueRequired":true,"valueName":"search_term_string"}}],"inLanguage":"tr"}]}},"jetpack_sharing_enabled":true,"_links":{"self":[{"href":"https:\/\/faragroup.net\/tr\/wp-json\/wp\/v2\/pages\/2973","targetHints":{"allow":["GET"]}}],"collection":[{"href":"https:\/\/faragroup.net\/tr\/wp-json\/wp\/v2\/pages"}],"about":[{"href":"https:\/\/faragroup.net\/tr\/wp-json\/wp\/v2\/types\/page"}],"author":[{"embeddable":true,"href":"https:\/\/faragroup.net\/tr\/wp-json\/wp\/v2\/users\/1"}],"replies":[{"embeddable":true,"href":"https:\/\/faragroup.net\/tr\/wp-json\/wp\/v2\/comments?post=2973"}],"version-history":[{"count":21,"href":"https:\/\/faragroup.net\/tr\/wp-json\/wp\/v2\/pages\/2973\/revisions"}],"predecessor-version":[{"id":4264,"href":"https:\/\/faragroup.net\/tr\/wp-json\/wp\/v2\/pages\/2973\/revisions\/4264"}],"wp:attachment":[{"href":"https:\/\/faragroup.net\/tr\/wp-json\/wp\/v2\/media?parent=2973"}],"curies":[{"name":"wp","href":"https:\/\/api.w.org\/{rel}","templated":true}]}}