{"id":2960,"date":"2021-02-07T14:32:24","date_gmt":"2021-02-07T19:32:24","guid":{"rendered":"https:\/\/faragroup.net\/itibar\/"},"modified":"2025-05-28T03:46:39","modified_gmt":"2025-05-28T08:46:39","slug":"itibar","status":"publish","type":"page","link":"https:\/\/faragroup.net\/tr\/uzmanlik-alanlari\/itibar\/","title":{"rendered":"Yabanc\u0131 Yat\u0131r\u0131m Deste\u011fi"},"content":{"rendered":"<p>[vc_row el_class=&#8221;cnt_fnt_size&#8221;][vc_column][vc_custom_heading text=&#8221;NE YAPIYORUZ&#8221; font_container=&#8221;tag:h2|text_align:left|color:%2320487c&#8221; use_theme_fonts=&#8221;yes&#8221; css_animation=&#8221;fadeIn&#8221;][vc_column_text]Fara Group, yabanc\u0131 yat\u0131r\u0131mc\u0131lar\u0131n Orta Asya&#8217;daki giri\u015fimlerini ba\u015far\u0131l\u0131 bir \u015fekilde kurmalar\u0131na ve i\u015fletmelerine yard\u0131mc\u0131 olmaya kendini adam\u0131\u015ft\u0131r. Sekt\u00f6rler aras\u0131 derin uzmanl\u0131\u011f\u0131m\u0131zla, mevzuata uygunluk, s\u00f6zle\u015fme \u015feffafl\u0131\u011f\u0131, jeopolitik riskler ve payda\u015f kat\u0131l\u0131m\u0131 gibi temel zorluklar\u0131n \u00fcstesinden gelmek i\u00e7in \u00f6zelle\u015ftirilmi\u015f \u00e7\u00f6z\u00fcmler sunuyoruz.<\/p>\n<p>Hizmetlerimiz aras\u0131nda yerel yasal ve d\u00fczenleyici \u00e7er\u00e7evelerde gezinmek, adil ve a\u00e7\u0131kl\u0131\u011f\u0131 sa\u011flamak i\u00e7in anla\u015fmalar\u0131 optimize etmek, jeopolitik dinamiklere ba\u011fl\u0131 riskleri azaltmak ve devlet kurumlar\u0131, topluluklar ve end\u00fcstri ortaklar\u0131yla g\u00fc\u00e7l\u00fc ili\u015fkiler geli\u015ftirmek yer almaktad\u0131r. Ayr\u0131ca, \u00f6zel sekt\u00f6r gereksinimlerinize g\u00f6re uyarlanm\u0131\u015f maliyet y\u00f6netimi ve operasyonel verimlilik konular\u0131nda stratejik tavsiyelerde bulunuyoruz.<\/p>\n<p>Bizimle ortakl\u0131k kurarak, i\u015fletmenizin Orta Asya&#8217;n\u0131n dinamik ve geli\u015fen pazar ortam\u0131nda ba\u015far\u0131l\u0131 olmas\u0131n\u0131 sa\u011flayan benzersiz yerel bilgi ve stratejik i\u00e7g\u00f6r\u00fclere eri\u015fim elde edersiniz. Zorluklar\u0131n \u00fcstesinden g\u00fcvenle gelin ve uzman deste\u011fimizle uzun vadeli ba\u015far\u0131 elde edin.[\/vc_column_text][\/vc_column][\/vc_row][vc_row el_class=&#8221;cnt_fnt_size&#8221;][vc_column][vc_custom_heading text=&#8221;Ne d\u00fc\u015f\u00fcn\u00fcyoruz&#8221; font_container=&#8221;tag:h2|text_align:left|color:%2320487c&#8221; use_theme_fonts=&#8221;yes&#8221; css_animation=&#8221;fadeIn&#8221;][\/vc_column][\/vc_row][vc_row gap=&#8221;15&#8243; el_class=&#8221;cm_blog_mrg&#8221;][vc_column width=&#8221;1\/3&#8243;][vc_row_inner][vc_column_inner el_class=&#8221;box_cls_covr&#8221; css=&#8221;.vc_custom_1606386710014{padding-top: 0px !important;padding-bottom: 0px !important;background-color: #1f365c !important;background-position: center !important;background-repeat: no-repeat !important;background-size: cover !important;}&#8221;][vc_raw_html]PGRpdiBjbGFzcz0ic2RfaW5ib3hjIj4KPGRpdiBjbGFzcz0ic2RfaW5ib3hjX2lubmVyIj4KPGgyPjxhIGhyZWY9Imh0dHBzOi8vZmFyYWdyb3VwLm5ldC90ci9odWt1a3VuLXVzdHVuLW9sbWFkaWdpLWR1cnVtbGFyZGEtYXZhbnRhai1vbHVzdHVyYWJpbG1lLyI+Ck9ydGEgS29yaWRvcmEgWWF0xLFyxLFtIFlhcG1hazwvYT4KPC9oMj4KPHA+RsSxcnNhdGxhciB2ZSBSaXNrbGVyPC9wPgo8L2Rpdj4KPC9kaXY+Cg==[\/vc_raw_html][\/vc_column_inner][\/vc_row_inner][\/vc_column][vc_column width=&#8221;2\/3&#8243; css=&#8221;.vc_custom_1605013309847{padding-top: 0px !important;padding-bottom: 0px !important;background-position: center !important;background-repeat: no-repeat !important;background-size: cover !important;}&#8221;][vc_row_inner][vc_column_inner el_class=&#8221;box_cls_covr&#8221; css=&#8221;.vc_custom_1748421843830{padding-top: 0px !important;padding-right: 0px !important;padding-bottom: 0px !important;padding-left: 0px !important;background-image: url(https:\/\/faragroup.net\/wp-content\/uploads\/2025\/05\/The-Transformative-Power-of-AI-in-AML-scaled.jpg?id=4174) !important;background-position: center !important;background-repeat: no-repeat !important;background-size: cover !important;}&#8221;][vc_raw_html]PGRpdiBjbGFzcz0ic2RfaW5ib3hjIj4KPGRpdiBjbGFzcz0ic2RfaW5ib3hjX2lubmVyIj4KPGgyPjxhIGhyZWY9Imh0dHBzOi8vZmFyYWdyb3VwLm5ldC90ci9hbWwtY2Z0LXNvcnVzdHVybWFsYXJpbmRhLXlhcGF5LXpla2FuaW4tZG9udXN0dXJ1Y3UtZ3VjdS8iPgpBTUwvQ0ZUIFNvcnXFn3R1cm1hbGFyxLFuZGEgWWFwYXkgWmVrYW7EsW4gRMO2bsO8xZ90w7xyw7xjw7wgR8O8Y8O8PC9hPgo8L2gyPgoKPGJyPjwvZGl2Pgo8L2Rpdj4KCg==[\/vc_raw_html][\/vc_column_inner][\/vc_row_inner][\/vc_column][\/vc_row][vc_row gap=&#8221;15&#8243; el_class=&#8221;cm_blog_mrg&#8221;][vc_column width=&#8221;2\/3&#8243; css=&#8221;.vc_custom_1605013309847{padding-top: 0px !important;padding-bottom: 0px !important;background-position: center !important;background-repeat: no-repeat !important;background-size: cover !important;}&#8221;][vc_row_inner][vc_column_inner el_class=&#8221;box_cls_covr&#8221; css=&#8221;.vc_custom_1748421822046{padding-top: 0px !important;padding-right: 0px !important;padding-bottom: 0px !important;padding-left: 0px !important;background-image: url(https:\/\/faragroup.net\/wp-content\/uploads\/2025\/04\/Digital-Pursuits-Tracing-Cryptos-Trail-of-Money-Laundering-3.jpg?id=4150) !important;background-position: center !important;background-repeat: no-repeat !important;background-size: cover !important;}&#8221;][vc_raw_html]PGRpdiBjbGFzcz0ic2RfaW5ib3hjIj4KPGRpdiBjbGFzcz0ic2RfaW5ib3hjX2lubmVyIj4KPGgyPjxhIGhyZWY9Imh0dHBzOi8vZmFyYWdyb3VwLm5ldC90ci9odWt1a3VuLXVzdHVuLW9sbWFkaWdpLWR1cnVtbGFyZGEtYXZhbnRhai1vbHVzdHVyYWJpbG1lLTIvIj4KRGlqaXRhbCBUYWtpcGxlcjogS3JpcHRvJ251biBLYXJhIFBhcmEgQWtsYW1hIMSwemluaSBTw7xybWVrPC9hPgo8L2gyPgo8YnI+PC9kaXY+CjwvZGl2Pgo=[\/vc_raw_html][\/vc_column_inner][\/vc_row_inner][\/vc_column][vc_column width=&#8221;1\/3&#8243;][vc_row_inner][vc_column_inner el_class=&#8221;box_cls_covr&#8221; css=&#8221;.vc_custom_1606386716918{padding-top: 0px !important;padding-bottom: 0px !important;background-color: #1f365c !important;background-position: center !important;background-repeat: no-repeat !important;background-size: cover !important;}&#8221;][vc_raw_html]PGRpdiBjbGFzcz0ic2RfaW5ib3hjIj4KPGRpdiBjbGFzcz0ic2RfaW5ib3hjX2lubmVyIj4KPGgyPjxhIGhyZWY9Imh0dHBzOi8vZmFyYWdyb3VwLm5ldC90ci9hcmFwY2EtZG9jZXgvIj4KTmFkaXIgVG9wcmFrIE1ldGFsbGVyaSB2ZSBPcnRhIEtvcmlkb3I8L2E+CjwvaDI+CjxwPlN0cmF0ZWppayBFcmnFn2ltLCBTdHJhdGVqaWsgQXZhbnRhajwvcD4KPC9kaXY+CjwvZGl2Pgo=[\/vc_raw_html][\/vc_column_inner][\/vc_row_inner][\/vc_column][\/vc_row][vc_row el_class=&#8221;cnt_fnt_size mrgtop50&#8243;][vc_column][vc_custom_heading text=&#8221;YARDIM EDEB\u0130LECE\u011e\u0130M\u0130Z D\u0130\u011eER ALANLAR&#8221; font_container=&#8221;tag:h2|text_align:left|color:%2320487c&#8221; use_theme_fonts=&#8221;yes&#8221;][\/vc_column][\/vc_row][vc_row el_class=&#8221;cnt_fnt_size&#8221;][vc_column width=&#8221;1\/2&#8243;][vc_column_text css=&#8221;.vc_custom_1608098403136{background-image: url(https:\/\/faragroup.net\/wp-content\/uploads\/2020\/12\/Disputes-Asset-Tracing.jpg?id=2080) !important;background-position: center !important;background-repeat: no-repeat !important;background-size: cover !important;}&#8221; el_class=&#8221;cm_block_bg_sec&#8221;]<a class=\"nw_h_title\" href=\"https:\/\/faragroup.net\/tr\/ihtilaflar-varlik-takibi\/\"><span class=\"orange_bd\">Varl\u0131k Takibi<\/span><\/a>[\/vc_column_text][\/vc_column][vc_column width=&#8221;1\/2&#8243;][vc_column_text css=&#8221;.vc_custom_1612802131650{background-image: url(https:\/\/faragroup.net\/wp-content\/uploads\/2021\/01\/reputation-corrected.jpg?id=2367) !important;background-position: center !important;background-repeat: no-repeat !important;background-size: cover !important;}&#8221; el_class=&#8221;cm_block_bg_sec&#8221;]<a class=\"nw_h_title\" href=\"https:\/\/faragroup.net\/tr\/risk-on-denetim-ve-tespit\/\"><span class=\"orange_bd\">\u00d6n Denet\u0130m ve<\/span><\/a>[\/vc_column_text][\/vc_column][\/vc_row]<\/p>\n","protected":false},"excerpt":{"rendered":"<p>[vc_row el_class=&#8221;cnt_fnt_size&#8221;][vc_column][vc_custom_heading text=&#8221;NE YAPIYORUZ&#8221; font_container=&#8221;tag:h2|text_align:left|color:%2320487c&#8221; use_theme_fonts=&#8221;yes&#8221; css_animation=&#8221;fadeIn&#8221;][vc_column_text]Fara Group, yabanc\u0131 yat\u0131r\u0131mc\u0131lar\u0131n Orta Asya&#8217;daki giri\u015fimlerini ba\u015far\u0131l\u0131 bir \u015fekilde kurmalar\u0131na ve i\u015fletmelerine yard\u0131mc\u0131 olmaya kendini adam\u0131\u015ft\u0131r. Sekt\u00f6rler aras\u0131 derin uzmanl\u0131\u011f\u0131m\u0131zla, mevzuata uygunluk, s\u00f6zle\u015fme \u015feffafl\u0131\u011f\u0131, jeopolitik riskler ve payda\u015f kat\u0131l\u0131m\u0131 gibi temel zorluklar\u0131n \u00fcstesinden gelmek i\u00e7in \u00f6zelle\u015ftirilmi\u015f \u00e7\u00f6z\u00fcmler sunuyoruz. Hizmetlerimiz aras\u0131nda yerel yasal ve d\u00fczenleyici \u00e7er\u00e7evelerde gezinmek, adil ve&hellip;<\/p>\n","protected":false},"author":1,"featured_media":0,"parent":2994,"menu_order":0,"comment_status":"closed","ping_status":"closed","template":"","meta":{"_acf_changed":false},"class_list":["post-2960","page","type-page","status-publish","hentry","description-off"],"acf":[],"yoast_head":"<!-- This site is optimized with the Yoast SEO plugin v24.9 - https:\/\/yoast.com\/wordpress\/plugins\/seo\/ -->\n<title>Yabanc\u0131 Yat\u0131r\u0131m Deste\u011fi - Fara Group<\/title>\n<meta name=\"robots\" content=\"index, follow, max-snippet:-1, max-image-preview:large, max-video-preview:-1\" \/>\n<link rel=\"canonical\" href=\"https:\/\/faragroup.net\/tr\/uzmanlik-alanlari\/itibar\/\" \/>\n<meta property=\"og:locale\" content=\"tr_TR\" \/>\n<meta property=\"og:type\" content=\"article\" \/>\n<meta property=\"og:title\" content=\"Yabanc\u0131 Yat\u0131r\u0131m Deste\u011fi - Fara Group\" \/>\n<meta property=\"og:description\" content=\"[vc_row el_class=&#8221;cnt_fnt_size&#8221;][vc_column][vc_custom_heading text=&#8221;NE YAPIYORUZ&#8221; font_container=&#8221;tag:h2|text_align:left|color:%2320487c&#8221; use_theme_fonts=&#8221;yes&#8221; css_animation=&#8221;fadeIn&#8221;][vc_column_text]Fara Group, yabanc\u0131 yat\u0131r\u0131mc\u0131lar\u0131n Orta Asya&#8217;daki giri\u015fimlerini ba\u015far\u0131l\u0131 bir \u015fekilde kurmalar\u0131na ve i\u015fletmelerine yard\u0131mc\u0131 olmaya kendini adam\u0131\u015ft\u0131r. Sekt\u00f6rler aras\u0131 derin uzmanl\u0131\u011f\u0131m\u0131zla, mevzuata uygunluk, s\u00f6zle\u015fme \u015feffafl\u0131\u011f\u0131, jeopolitik riskler ve payda\u015f kat\u0131l\u0131m\u0131 gibi temel zorluklar\u0131n \u00fcstesinden gelmek i\u00e7in \u00f6zelle\u015ftirilmi\u015f \u00e7\u00f6z\u00fcmler sunuyoruz. Hizmetlerimiz aras\u0131nda yerel yasal ve d\u00fczenleyici \u00e7er\u00e7evelerde gezinmek, adil ve&hellip;\" \/>\n<meta property=\"og:url\" content=\"https:\/\/faragroup.net\/tr\/uzmanlik-alanlari\/itibar\/\" \/>\n<meta property=\"og:site_name\" content=\"Fara Group\" \/>\n<meta property=\"article:modified_time\" content=\"2025-05-28T08:46:39+00:00\" \/>\n<meta name=\"twitter:card\" content=\"summary_large_image\" \/>\n<meta name=\"twitter:label1\" content=\"Tahmini okuma s\u00fcresi\" \/>\n\t<meta name=\"twitter:data1\" content=\"4 dakika\" \/>\n<script type=\"application\/ld+json\" class=\"yoast-schema-graph\">{\"@context\":\"https:\/\/schema.org\",\"@graph\":[{\"@type\":\"WebPage\",\"@id\":\"https:\/\/faragroup.net\/tr\/uzmanlik-alanlari\/itibar\/\",\"url\":\"https:\/\/faragroup.net\/tr\/uzmanlik-alanlari\/itibar\/\",\"name\":\"Yabanc\u0131 Yat\u0131r\u0131m Deste\u011fi - Fara Group\",\"isPartOf\":{\"@id\":\"https:\/\/faragroup.net\/tr\/#website\"},\"datePublished\":\"2021-02-07T19:32:24+00:00\",\"dateModified\":\"2025-05-28T08:46:39+00:00\",\"breadcrumb\":{\"@id\":\"https:\/\/faragroup.net\/tr\/uzmanlik-alanlari\/itibar\/#breadcrumb\"},\"inLanguage\":\"tr\",\"potentialAction\":[{\"@type\":\"ReadAction\",\"target\":[\"https:\/\/faragroup.net\/tr\/uzmanlik-alanlari\/itibar\/\"]}]},{\"@type\":\"BreadcrumbList\",\"@id\":\"https:\/\/faragroup.net\/tr\/uzmanlik-alanlari\/itibar\/#breadcrumb\",\"itemListElement\":[{\"@type\":\"ListItem\",\"position\":1,\"name\":\"Uzmanl\u0131k Alanlar\u0131\",\"item\":\"https:\/\/faragroup.net\/tr\/uzmanlik-alanlari\/\"},{\"@type\":\"ListItem\",\"position\":2,\"name\":\"Yabanc\u0131 Yat\u0131r\u0131m Deste\u011fi\"}]},{\"@type\":\"WebSite\",\"@id\":\"https:\/\/faragroup.net\/tr\/#website\",\"url\":\"https:\/\/faragroup.net\/tr\/\",\"name\":\"Fara Group\",\"description\":\"\",\"potentialAction\":[{\"@type\":\"SearchAction\",\"target\":{\"@type\":\"EntryPoint\",\"urlTemplate\":\"https:\/\/faragroup.net\/tr\/?s={search_term_string}\"},\"query-input\":{\"@type\":\"PropertyValueSpecification\",\"valueRequired\":true,\"valueName\":\"search_term_string\"}}],\"inLanguage\":\"tr\"}]}<\/script>\n<!-- \/ Yoast SEO plugin. -->","yoast_head_json":{"title":"Yabanc\u0131 Yat\u0131r\u0131m Deste\u011fi - Fara Group","robots":{"index":"index","follow":"follow","max-snippet":"max-snippet:-1","max-image-preview":"max-image-preview:large","max-video-preview":"max-video-preview:-1"},"canonical":"https:\/\/faragroup.net\/tr\/uzmanlik-alanlari\/itibar\/","og_locale":"tr_TR","og_type":"article","og_title":"Yabanc\u0131 Yat\u0131r\u0131m Deste\u011fi - Fara Group","og_description":"[vc_row el_class=&#8221;cnt_fnt_size&#8221;][vc_column][vc_custom_heading text=&#8221;NE YAPIYORUZ&#8221; font_container=&#8221;tag:h2|text_align:left|color:%2320487c&#8221; use_theme_fonts=&#8221;yes&#8221; css_animation=&#8221;fadeIn&#8221;][vc_column_text]Fara Group, yabanc\u0131 yat\u0131r\u0131mc\u0131lar\u0131n Orta Asya&#8217;daki giri\u015fimlerini ba\u015far\u0131l\u0131 bir \u015fekilde kurmalar\u0131na ve i\u015fletmelerine yard\u0131mc\u0131 olmaya kendini adam\u0131\u015ft\u0131r. Sekt\u00f6rler aras\u0131 derin uzmanl\u0131\u011f\u0131m\u0131zla, mevzuata uygunluk, s\u00f6zle\u015fme \u015feffafl\u0131\u011f\u0131, jeopolitik riskler ve payda\u015f kat\u0131l\u0131m\u0131 gibi temel zorluklar\u0131n \u00fcstesinden gelmek i\u00e7in \u00f6zelle\u015ftirilmi\u015f \u00e7\u00f6z\u00fcmler sunuyoruz. Hizmetlerimiz aras\u0131nda yerel yasal ve d\u00fczenleyici \u00e7er\u00e7evelerde gezinmek, adil ve&hellip;","og_url":"https:\/\/faragroup.net\/tr\/uzmanlik-alanlari\/itibar\/","og_site_name":"Fara Group","article_modified_time":"2025-05-28T08:46:39+00:00","twitter_card":"summary_large_image","twitter_misc":{"Tahmini okuma s\u00fcresi":"4 dakika"},"schema":{"@context":"https:\/\/schema.org","@graph":[{"@type":"WebPage","@id":"https:\/\/faragroup.net\/tr\/uzmanlik-alanlari\/itibar\/","url":"https:\/\/faragroup.net\/tr\/uzmanlik-alanlari\/itibar\/","name":"Yabanc\u0131 Yat\u0131r\u0131m Deste\u011fi - Fara Group","isPartOf":{"@id":"https:\/\/faragroup.net\/tr\/#website"},"datePublished":"2021-02-07T19:32:24+00:00","dateModified":"2025-05-28T08:46:39+00:00","breadcrumb":{"@id":"https:\/\/faragroup.net\/tr\/uzmanlik-alanlari\/itibar\/#breadcrumb"},"inLanguage":"tr","potentialAction":[{"@type":"ReadAction","target":["https:\/\/faragroup.net\/tr\/uzmanlik-alanlari\/itibar\/"]}]},{"@type":"BreadcrumbList","@id":"https:\/\/faragroup.net\/tr\/uzmanlik-alanlari\/itibar\/#breadcrumb","itemListElement":[{"@type":"ListItem","position":1,"name":"Uzmanl\u0131k Alanlar\u0131","item":"https:\/\/faragroup.net\/tr\/uzmanlik-alanlari\/"},{"@type":"ListItem","position":2,"name":"Yabanc\u0131 Yat\u0131r\u0131m Deste\u011fi"}]},{"@type":"WebSite","@id":"https:\/\/faragroup.net\/tr\/#website","url":"https:\/\/faragroup.net\/tr\/","name":"Fara Group","description":"","potentialAction":[{"@type":"SearchAction","target":{"@type":"EntryPoint","urlTemplate":"https:\/\/faragroup.net\/tr\/?s={search_term_string}"},"query-input":{"@type":"PropertyValueSpecification","valueRequired":true,"valueName":"search_term_string"}}],"inLanguage":"tr"}]}},"jetpack_sharing_enabled":true,"_links":{"self":[{"href":"https:\/\/faragroup.net\/tr\/wp-json\/wp\/v2\/pages\/2960","targetHints":{"allow":["GET"]}}],"collection":[{"href":"https:\/\/faragroup.net\/tr\/wp-json\/wp\/v2\/pages"}],"about":[{"href":"https:\/\/faragroup.net\/tr\/wp-json\/wp\/v2\/types\/page"}],"author":[{"embeddable":true,"href":"https:\/\/faragroup.net\/tr\/wp-json\/wp\/v2\/users\/1"}],"replies":[{"embeddable":true,"href":"https:\/\/faragroup.net\/tr\/wp-json\/wp\/v2\/comments?post=2960"}],"version-history":[{"count":40,"href":"https:\/\/faragroup.net\/tr\/wp-json\/wp\/v2\/pages\/2960\/revisions"}],"predecessor-version":[{"id":4242,"href":"https:\/\/faragroup.net\/tr\/wp-json\/wp\/v2\/pages\/2960\/revisions\/4242"}],"up":[{"embeddable":true,"href":"https:\/\/faragroup.net\/tr\/wp-json\/wp\/v2\/pages\/2994"}],"wp:attachment":[{"href":"https:\/\/faragroup.net\/tr\/wp-json\/wp\/v2\/media?parent=2960"}],"curies":[{"name":"wp","href":"https:\/\/api.w.org\/{rel}","templated":true}]}}