{"id":2954,"date":"2021-02-07T14:14:07","date_gmt":"2021-02-07T19:14:07","guid":{"rendered":"https:\/\/faragroup.net\/ihtilaflar\/"},"modified":"2025-05-28T04:39:40","modified_gmt":"2025-05-28T09:39:40","slug":"ihtilaflar","status":"publish","type":"page","link":"https:\/\/faragroup.net\/tr\/uzmanlik-alanlari\/ihtilaflar\/","title":{"rendered":"\u0130htilaflar"},"content":{"rendered":"<p>[vc_row el_class=&#8221;cnt_fnt_size&#8221;][vc_column][vc_column_text]Fara Group, etkin ve \u00f6nemli bulgular sa\u011flayan rafine, yasal bilgi toplama y\u00f6ntemleri ile istihbarat ticaretinin \u00f6zel sekt\u00f6rle bulu\u015ftu\u011fu noktada faaliyet g\u00f6stermektedir. Uluslararas\u0131 mevzuat ve uyumluluk ko\u015fullar\u0131 hakk\u0131ndaki derin bilgi birikimimiz ile yerel ortamlara dair geli\u015ftirdi\u011fimiz anlay\u0131\u015f sayesinde m\u00fc\u015fterilerimizin yasal risklerini en aza indirmelerine yard\u0131m ederken onlar\u0131n tahkim yetkinliklerini de g\u00fc\u00e7lendirebilmekteyiz.<\/p>\n<p>Fara Grup&#8217;un uzman ekibi, geni\u015f bir yelpazede \u00e7e\u015fitli uluslararas\u0131 ihtilaflarda m\u00fc\u015fterilerine destek sunmu\u015ftur. Jeopolitik geli\u015fmeler ve siyasalla\u015fm\u0131\u015f hukuk sistemleri nedeniyle daha da karma\u015f\u0131k hale gelen karma\u015f\u0131k s\u0131n\u0131r \u00f6tesi davalarda uzman\u0131z. Bu \u00e7er\u00e7evede, m\u00fc\u015fterilerimizin bu tarz ko\u015fullarda \u00fcst\u00fcnl\u00fck elde edebilmelerini sa\u011flamak \u00fczere yarat\u0131c\u0131 stratejiler tasarl\u0131yoruz.[\/vc_column_text][\/vc_column][\/vc_row][vc_row el_class=&#8221;cnt_fnt_size&#8221;][vc_column width=&#8221;1\/2&#8243;][vc_column_text css=&#8221;.vc_custom_1748425110298{background-image: url(https:\/\/faragroup.net\/wp-content\/uploads\/2025\/05\/Negotiations.jpg?id=4121) !important;background-position: center !important;background-repeat: no-repeat !important;background-size: cover !important;}&#8221; el_class=&#8221;cm_block_bg_sec&#8221;]<a href=\"https:\/\/faragroup.net\/tr\/ihtilaflar-avantaj-olusturma\/\">M\u00fczakereler<\/a>[\/vc_column_text][\/vc_column][vc_column width=&#8221;1\/2&#8243;][vc_column_text css=&#8221;.vc_custom_1608098382959{background-image: url(https:\/\/faragroup.net\/wp-content\/uploads\/2020\/12\/Sanctions.jpg?id=2078) !important;background-position: center !important;background-repeat: no-repeat !important;background-size: cover !important;}&#8221; el_class=&#8221;cm_block_bg_sec&#8221;]<a class=\"nw_h_title\" href=\"https:\/\/faragroup.net\/tr\/uzmanlik-alanlari\/yaptirimlar\/\"><span class=\"orange_bd\">Yapt\u0131r\u0131mlar<\/span><\/a>[\/vc_column_text][\/vc_column][\/vc_row][vc_row el_class=&#8221;cnt_fnt_size&#8221;][vc_column width=&#8221;1\/2&#8243;][vc_column_text css=&#8221;.vc_custom_1608098403136{background-image: url(https:\/\/faragroup.net\/wp-content\/uploads\/2020\/12\/Disputes-Asset-Tracing.jpg?id=2080) !important;background-position: center !important;background-repeat: no-repeat !important;background-size: cover !important;}&#8221; el_class=&#8221;cm_block_bg_sec&#8221;]<a class=\"nw_h_title\" href=\"https:\/\/faragroup.net\/tr\/ihtilaflar-varlik-takibi\/\"><span class=\"orange_bd\">Varl\u0131k Takibi<\/span><\/a>[\/vc_column_text][\/vc_column][\/vc_row]<\/p>\n","protected":false},"excerpt":{"rendered":"<p>[vc_row el_class=&#8221;cnt_fnt_size&#8221;][vc_column][vc_column_text]Fara Group, etkin ve \u00f6nemli bulgular sa\u011flayan rafine, yasal bilgi toplama y\u00f6ntemleri ile istihbarat ticaretinin \u00f6zel sekt\u00f6rle bulu\u015ftu\u011fu noktada faaliyet g\u00f6stermektedir. Uluslararas\u0131 mevzuat ve uyumluluk ko\u015fullar\u0131 hakk\u0131ndaki derin bilgi birikimimiz ile yerel ortamlara dair geli\u015ftirdi\u011fimiz anlay\u0131\u015f sayesinde m\u00fc\u015fterilerimizin yasal risklerini en aza indirmelerine yard\u0131m ederken onlar\u0131n tahkim yetkinliklerini de g\u00fc\u00e7lendirebilmekteyiz. Fara Grup&#8217;un uzman ekibi,&hellip;<\/p>\n","protected":false},"author":1,"featured_media":0,"parent":2994,"menu_order":0,"comment_status":"closed","ping_status":"closed","template":"","meta":{"_acf_changed":false},"class_list":["post-2954","page","type-page","status-publish","hentry","description-off"],"acf":[],"yoast_head":"<!-- This site is optimized with the Yoast SEO plugin v24.9 - https:\/\/yoast.com\/wordpress\/plugins\/seo\/ -->\n<title>\u0130htilaflar - Fara Group<\/title>\n<meta name=\"robots\" content=\"index, follow, max-snippet:-1, max-image-preview:large, max-video-preview:-1\" \/>\n<link rel=\"canonical\" href=\"https:\/\/faragroup.net\/tr\/uzmanlik-alanlari\/ihtilaflar\/\" \/>\n<meta property=\"og:locale\" content=\"tr_TR\" \/>\n<meta property=\"og:type\" content=\"article\" \/>\n<meta property=\"og:title\" content=\"\u0130htilaflar - Fara Group\" \/>\n<meta property=\"og:description\" content=\"[vc_row el_class=&#8221;cnt_fnt_size&#8221;][vc_column][vc_column_text]Fara Group, etkin ve \u00f6nemli bulgular sa\u011flayan rafine, yasal bilgi toplama y\u00f6ntemleri ile istihbarat ticaretinin \u00f6zel sekt\u00f6rle bulu\u015ftu\u011fu noktada faaliyet g\u00f6stermektedir. Uluslararas\u0131 mevzuat ve uyumluluk ko\u015fullar\u0131 hakk\u0131ndaki derin bilgi birikimimiz ile yerel ortamlara dair geli\u015ftirdi\u011fimiz anlay\u0131\u015f sayesinde m\u00fc\u015fterilerimizin yasal risklerini en aza indirmelerine yard\u0131m ederken onlar\u0131n tahkim yetkinliklerini de g\u00fc\u00e7lendirebilmekteyiz. Fara Grup&#8217;un uzman ekibi,&hellip;\" \/>\n<meta property=\"og:url\" content=\"https:\/\/faragroup.net\/tr\/uzmanlik-alanlari\/ihtilaflar\/\" \/>\n<meta property=\"og:site_name\" content=\"Fara Group\" \/>\n<meta property=\"article:modified_time\" content=\"2025-05-28T09:39:40+00:00\" \/>\n<meta name=\"twitter:card\" content=\"summary_large_image\" \/>\n<meta name=\"twitter:label1\" content=\"Tahmini okuma s\u00fcresi\" \/>\n\t<meta name=\"twitter:data1\" content=\"1 dakika\" \/>\n<script type=\"application\/ld+json\" class=\"yoast-schema-graph\">{\"@context\":\"https:\/\/schema.org\",\"@graph\":[{\"@type\":\"WebPage\",\"@id\":\"https:\/\/faragroup.net\/tr\/uzmanlik-alanlari\/ihtilaflar\/\",\"url\":\"https:\/\/faragroup.net\/tr\/uzmanlik-alanlari\/ihtilaflar\/\",\"name\":\"\u0130htilaflar - Fara Group\",\"isPartOf\":{\"@id\":\"https:\/\/faragroup.net\/tr\/#website\"},\"datePublished\":\"2021-02-07T19:14:07+00:00\",\"dateModified\":\"2025-05-28T09:39:40+00:00\",\"breadcrumb\":{\"@id\":\"https:\/\/faragroup.net\/tr\/uzmanlik-alanlari\/ihtilaflar\/#breadcrumb\"},\"inLanguage\":\"tr\",\"potentialAction\":[{\"@type\":\"ReadAction\",\"target\":[\"https:\/\/faragroup.net\/tr\/uzmanlik-alanlari\/ihtilaflar\/\"]}]},{\"@type\":\"BreadcrumbList\",\"@id\":\"https:\/\/faragroup.net\/tr\/uzmanlik-alanlari\/ihtilaflar\/#breadcrumb\",\"itemListElement\":[{\"@type\":\"ListItem\",\"position\":1,\"name\":\"Uzmanl\u0131k Alanlar\u0131\",\"item\":\"https:\/\/faragroup.net\/tr\/uzmanlik-alanlari\/\"},{\"@type\":\"ListItem\",\"position\":2,\"name\":\"\u0130htilaflar\"}]},{\"@type\":\"WebSite\",\"@id\":\"https:\/\/faragroup.net\/tr\/#website\",\"url\":\"https:\/\/faragroup.net\/tr\/\",\"name\":\"Fara Group\",\"description\":\"\",\"potentialAction\":[{\"@type\":\"SearchAction\",\"target\":{\"@type\":\"EntryPoint\",\"urlTemplate\":\"https:\/\/faragroup.net\/tr\/?s={search_term_string}\"},\"query-input\":{\"@type\":\"PropertyValueSpecification\",\"valueRequired\":true,\"valueName\":\"search_term_string\"}}],\"inLanguage\":\"tr\"}]}<\/script>\n<!-- \/ Yoast SEO plugin. -->","yoast_head_json":{"title":"\u0130htilaflar - Fara Group","robots":{"index":"index","follow":"follow","max-snippet":"max-snippet:-1","max-image-preview":"max-image-preview:large","max-video-preview":"max-video-preview:-1"},"canonical":"https:\/\/faragroup.net\/tr\/uzmanlik-alanlari\/ihtilaflar\/","og_locale":"tr_TR","og_type":"article","og_title":"\u0130htilaflar - Fara Group","og_description":"[vc_row el_class=&#8221;cnt_fnt_size&#8221;][vc_column][vc_column_text]Fara Group, etkin ve \u00f6nemli bulgular sa\u011flayan rafine, yasal bilgi toplama y\u00f6ntemleri ile istihbarat ticaretinin \u00f6zel sekt\u00f6rle bulu\u015ftu\u011fu noktada faaliyet g\u00f6stermektedir. Uluslararas\u0131 mevzuat ve uyumluluk ko\u015fullar\u0131 hakk\u0131ndaki derin bilgi birikimimiz ile yerel ortamlara dair geli\u015ftirdi\u011fimiz anlay\u0131\u015f sayesinde m\u00fc\u015fterilerimizin yasal risklerini en aza indirmelerine yard\u0131m ederken onlar\u0131n tahkim yetkinliklerini de g\u00fc\u00e7lendirebilmekteyiz. Fara Grup&#8217;un uzman ekibi,&hellip;","og_url":"https:\/\/faragroup.net\/tr\/uzmanlik-alanlari\/ihtilaflar\/","og_site_name":"Fara Group","article_modified_time":"2025-05-28T09:39:40+00:00","twitter_card":"summary_large_image","twitter_misc":{"Tahmini okuma s\u00fcresi":"1 dakika"},"schema":{"@context":"https:\/\/schema.org","@graph":[{"@type":"WebPage","@id":"https:\/\/faragroup.net\/tr\/uzmanlik-alanlari\/ihtilaflar\/","url":"https:\/\/faragroup.net\/tr\/uzmanlik-alanlari\/ihtilaflar\/","name":"\u0130htilaflar - Fara Group","isPartOf":{"@id":"https:\/\/faragroup.net\/tr\/#website"},"datePublished":"2021-02-07T19:14:07+00:00","dateModified":"2025-05-28T09:39:40+00:00","breadcrumb":{"@id":"https:\/\/faragroup.net\/tr\/uzmanlik-alanlari\/ihtilaflar\/#breadcrumb"},"inLanguage":"tr","potentialAction":[{"@type":"ReadAction","target":["https:\/\/faragroup.net\/tr\/uzmanlik-alanlari\/ihtilaflar\/"]}]},{"@type":"BreadcrumbList","@id":"https:\/\/faragroup.net\/tr\/uzmanlik-alanlari\/ihtilaflar\/#breadcrumb","itemListElement":[{"@type":"ListItem","position":1,"name":"Uzmanl\u0131k Alanlar\u0131","item":"https:\/\/faragroup.net\/tr\/uzmanlik-alanlari\/"},{"@type":"ListItem","position":2,"name":"\u0130htilaflar"}]},{"@type":"WebSite","@id":"https:\/\/faragroup.net\/tr\/#website","url":"https:\/\/faragroup.net\/tr\/","name":"Fara Group","description":"","potentialAction":[{"@type":"SearchAction","target":{"@type":"EntryPoint","urlTemplate":"https:\/\/faragroup.net\/tr\/?s={search_term_string}"},"query-input":{"@type":"PropertyValueSpecification","valueRequired":true,"valueName":"search_term_string"}}],"inLanguage":"tr"}]}},"jetpack_sharing_enabled":true,"_links":{"self":[{"href":"https:\/\/faragroup.net\/tr\/wp-json\/wp\/v2\/pages\/2954","targetHints":{"allow":["GET"]}}],"collection":[{"href":"https:\/\/faragroup.net\/tr\/wp-json\/wp\/v2\/pages"}],"about":[{"href":"https:\/\/faragroup.net\/tr\/wp-json\/wp\/v2\/types\/page"}],"author":[{"embeddable":true,"href":"https:\/\/faragroup.net\/tr\/wp-json\/wp\/v2\/users\/1"}],"replies":[{"embeddable":true,"href":"https:\/\/faragroup.net\/tr\/wp-json\/wp\/v2\/comments?post=2954"}],"version-history":[{"count":32,"href":"https:\/\/faragroup.net\/tr\/wp-json\/wp\/v2\/pages\/2954\/revisions"}],"predecessor-version":[{"id":4357,"href":"https:\/\/faragroup.net\/tr\/wp-json\/wp\/v2\/pages\/2954\/revisions\/4357"}],"up":[{"embeddable":true,"href":"https:\/\/faragroup.net\/tr\/wp-json\/wp\/v2\/pages\/2994"}],"wp:attachment":[{"href":"https:\/\/faragroup.net\/tr\/wp-json\/wp\/v2\/media?parent=2954"}],"curies":[{"name":"wp","href":"https:\/\/api.w.org\/{rel}","templated":true}]}}