{"id":2948,"date":"2021-02-07T14:06:29","date_gmt":"2021-02-07T19:06:29","guid":{"rendered":"https:\/\/faragroup.net\/risk\/"},"modified":"2025-05-28T04:35:43","modified_gmt":"2025-05-28T09:35:43","slug":"risk","status":"publish","type":"page","link":"https:\/\/faragroup.net\/tr\/uzmanlik-alanlari\/risk\/","title":{"rendered":"Risk"},"content":{"rendered":"<p>[vc_row el_class=&#8221;cnt_fnt_size&#8221;][vc_column][vc_column_text]Fara Group, h\u00fck\u00fcmetlerin karar alma s\u00fcre\u00e7lerinin \u00f6ng\u00f6r\u00fclemedi\u011fi, yasal sistemlerin g\u00fcvenilmez oldu\u011fu ve siyasi hizalanmalar\u0131n bir i\u015fletmenin ba\u015far\u0131l\u0131 veya ba\u015far\u0131s\u0131z olmas\u0131n\u0131 belirleyebildi\u011fi \u00fclkelerde faaliyet g\u00f6sterme konusunda onlarca y\u0131ll\u0131k deneyime sahiptir. Bu yetki alanlar\u0131, ticari oyun alan\u0131n\u0131 \u015fekillendiren fakt\u00f6rlerin genellikle fark\u0131nda olmayan yabanc\u0131 kurulu\u015flar i\u00e7in uzun bir potansiyel risk listesi olu\u015fturur. <\/p>\n<p>Fara Group&#8217;un bu ortamlarda ba\u015far\u0131l\u0131 olmas\u0131na yard\u0131mc\u0131 olan \u015fey, riski de\u011ferlendirme, sorunlar\u0131 \u00f6ng\u00f6rme ve m\u00fc\u015fterilerin tehditleri ortaya \u00e7\u0131kmadan \u00f6nce azaltmalar\u0131na veya ortadan kald\u0131rmalar\u0131na yard\u0131mc\u0131 olma yetene\u011fimizdir. Amac\u0131m\u0131z, m\u00fc\u015fterilerimizin daha y\u00fcksek riskli ve daha y\u00fcksek \u00f6d\u00fcll\u00fc giri\u015fimleri daha fazla g\u00fcven ve g\u00fcvence ile \u00fcstlenmelerini sa\u011flamakt\u0131r.[\/vc_column_text][\/vc_column][\/vc_row][vc_row el_class=&#8221;cnt_fnt_size&#8221;][vc_column width=&#8221;1\/2&#8243;][vc_column_text css=&#8221;.vc_custom_1608093868651{background-image: url(https:\/\/faragroup.net\/wp-content\/uploads\/2020\/12\/Risk-Due-diligence.jpg?id=2063) !important;background-position: center !important;background-repeat: no-repeat !important;background-size: cover !important;}&#8221; el_class=&#8221;cm_block_bg_sec&#8221;]<a class=\"nw_h_title\" href=\"https:\/\/faragroup.net\/tr\/risk-on-denetim-ve-tespit\/\"><span class=\"orange_bd\">durum tespi\u0307ti\u0307<\/span><\/a>[\/vc_column_text][\/vc_column][vc_column width=&#8221;1\/2&#8243;][vc_column_text css=&#8221;.vc_custom_1608093841067{background-image: url(https:\/\/faragroup.net\/wp-content\/uploads\/2020\/12\/Early-warning-early-response.jpg?id=2062) !important;background-position: center !important;background-repeat: no-repeat !important;background-size: cover !important;}&#8221; el_class=&#8221;cm_block_bg_sec&#8221;]<a class=\"nw_h_title\" href=\"https:\/\/faragroup.net\/tr\/risk-erken-uyari-erken-cozum\/\"><span class=\"orange_bd\">Erken Uyar\u0131 Erken M\u00fcdahale<\/span><\/a>[\/vc_column_text][\/vc_column][\/vc_row][vc_row el_class=&#8221;cnt_fnt_size&#8221;][vc_column width=&#8221;1\/2&#8243;][vc_column_text css=&#8221;.vc_custom_1608093808643{background-image: url(https:\/\/faragroup.net\/wp-content\/uploads\/2020\/12\/Risk-Investment-Intelligence.jpg?id=2061) !important;background-position: center !important;background-repeat: no-repeat !important;background-size: cover !important;}&#8221; el_class=&#8221;cm_block_bg_sec&#8221;]<a class=\"nw_h_title\" href=\"https:\/\/faragroup.net\/tr\/risk-yatirim-istihbarati\/\"><span class=\"orange_bd\">Yat\u0131r\u0131m \u0130stihbarat\u0131<\/span><\/a>[\/vc_column_text][\/vc_column][vc_column width=&#8221;1\/2&#8243;][vc_column_text css=&#8221;.vc_custom_1637558948587{background-image: url(https:\/\/faragroup.net\/wp-content\/uploads\/2021\/11\/esg-services-1-1.jpg?id=3812) !important;background-position: center !important;background-repeat: no-repeat !important;background-size: cover !important;}&#8221; el_class=&#8221;cm_block_bg_sec&#8221;]<a class=\"nw_h_title\" href=\"https:\/\/faragroup.net\/tr\/risk-esg-csy-hizmetleri\/\"><span class=\"orange_bd\">ESG Hizmetleri<\/span><\/a>[\/vc_column_text][\/vc_column][\/vc_row]<\/p>\n","protected":false},"excerpt":{"rendered":"<p>[vc_row el_class=&#8221;cnt_fnt_size&#8221;][vc_column][vc_column_text]Fara Group, h\u00fck\u00fcmetlerin karar alma s\u00fcre\u00e7lerinin \u00f6ng\u00f6r\u00fclemedi\u011fi, yasal sistemlerin g\u00fcvenilmez oldu\u011fu ve siyasi hizalanmalar\u0131n bir i\u015fletmenin ba\u015far\u0131l\u0131 veya ba\u015far\u0131s\u0131z olmas\u0131n\u0131 belirleyebildi\u011fi \u00fclkelerde faaliyet g\u00f6sterme konusunda onlarca y\u0131ll\u0131k deneyime sahiptir. Bu yetki alanlar\u0131, ticari oyun alan\u0131n\u0131 \u015fekillendiren fakt\u00f6rlerin genellikle fark\u0131nda olmayan yabanc\u0131 kurulu\u015flar i\u00e7in uzun bir potansiyel risk listesi olu\u015fturur. Fara Group&#8217;un bu ortamlarda ba\u015far\u0131l\u0131&hellip;<\/p>\n","protected":false},"author":1,"featured_media":0,"parent":2994,"menu_order":0,"comment_status":"closed","ping_status":"closed","template":"","meta":{"_acf_changed":false},"class_list":["post-2948","page","type-page","status-publish","hentry","description-off"],"acf":[],"yoast_head":"<!-- This site is optimized with the Yoast SEO plugin v24.9 - https:\/\/yoast.com\/wordpress\/plugins\/seo\/ -->\n<title>Risk - Fara Group<\/title>\n<meta name=\"robots\" content=\"index, follow, max-snippet:-1, max-image-preview:large, max-video-preview:-1\" \/>\n<link rel=\"canonical\" href=\"https:\/\/faragroup.net\/tr\/uzmanlik-alanlari\/risk\/\" \/>\n<meta property=\"og:locale\" content=\"tr_TR\" \/>\n<meta property=\"og:type\" content=\"article\" \/>\n<meta property=\"og:title\" content=\"Risk - Fara Group\" \/>\n<meta property=\"og:description\" content=\"[vc_row el_class=&#8221;cnt_fnt_size&#8221;][vc_column][vc_column_text]Fara Group, h\u00fck\u00fcmetlerin karar alma s\u00fcre\u00e7lerinin \u00f6ng\u00f6r\u00fclemedi\u011fi, yasal sistemlerin g\u00fcvenilmez oldu\u011fu ve siyasi hizalanmalar\u0131n bir i\u015fletmenin ba\u015far\u0131l\u0131 veya ba\u015far\u0131s\u0131z olmas\u0131n\u0131 belirleyebildi\u011fi \u00fclkelerde faaliyet g\u00f6sterme konusunda onlarca y\u0131ll\u0131k deneyime sahiptir. Bu yetki alanlar\u0131, ticari oyun alan\u0131n\u0131 \u015fekillendiren fakt\u00f6rlerin genellikle fark\u0131nda olmayan yabanc\u0131 kurulu\u015flar i\u00e7in uzun bir potansiyel risk listesi olu\u015fturur. Fara Group&#8217;un bu ortamlarda ba\u015far\u0131l\u0131&hellip;\" \/>\n<meta property=\"og:url\" content=\"https:\/\/faragroup.net\/tr\/uzmanlik-alanlari\/risk\/\" \/>\n<meta property=\"og:site_name\" content=\"Fara Group\" \/>\n<meta property=\"article:modified_time\" content=\"2025-05-28T09:35:43+00:00\" \/>\n<meta name=\"twitter:card\" content=\"summary_large_image\" \/>\n<meta name=\"twitter:label1\" content=\"Tahmini okuma s\u00fcresi\" \/>\n\t<meta name=\"twitter:data1\" content=\"2 dakika\" \/>\n<script type=\"application\/ld+json\" class=\"yoast-schema-graph\">{\"@context\":\"https:\/\/schema.org\",\"@graph\":[{\"@type\":\"WebPage\",\"@id\":\"https:\/\/faragroup.net\/tr\/uzmanlik-alanlari\/risk\/\",\"url\":\"https:\/\/faragroup.net\/tr\/uzmanlik-alanlari\/risk\/\",\"name\":\"Risk - Fara Group\",\"isPartOf\":{\"@id\":\"https:\/\/faragroup.net\/tr\/#website\"},\"datePublished\":\"2021-02-07T19:06:29+00:00\",\"dateModified\":\"2025-05-28T09:35:43+00:00\",\"breadcrumb\":{\"@id\":\"https:\/\/faragroup.net\/tr\/uzmanlik-alanlari\/risk\/#breadcrumb\"},\"inLanguage\":\"tr\",\"potentialAction\":[{\"@type\":\"ReadAction\",\"target\":[\"https:\/\/faragroup.net\/tr\/uzmanlik-alanlari\/risk\/\"]}]},{\"@type\":\"BreadcrumbList\",\"@id\":\"https:\/\/faragroup.net\/tr\/uzmanlik-alanlari\/risk\/#breadcrumb\",\"itemListElement\":[{\"@type\":\"ListItem\",\"position\":1,\"name\":\"Uzmanl\u0131k Alanlar\u0131\",\"item\":\"https:\/\/faragroup.net\/tr\/uzmanlik-alanlari\/\"},{\"@type\":\"ListItem\",\"position\":2,\"name\":\"Risk\"}]},{\"@type\":\"WebSite\",\"@id\":\"https:\/\/faragroup.net\/tr\/#website\",\"url\":\"https:\/\/faragroup.net\/tr\/\",\"name\":\"Fara Group\",\"description\":\"\",\"potentialAction\":[{\"@type\":\"SearchAction\",\"target\":{\"@type\":\"EntryPoint\",\"urlTemplate\":\"https:\/\/faragroup.net\/tr\/?s={search_term_string}\"},\"query-input\":{\"@type\":\"PropertyValueSpecification\",\"valueRequired\":true,\"valueName\":\"search_term_string\"}}],\"inLanguage\":\"tr\"}]}<\/script>\n<!-- \/ Yoast SEO plugin. -->","yoast_head_json":{"title":"Risk - Fara Group","robots":{"index":"index","follow":"follow","max-snippet":"max-snippet:-1","max-image-preview":"max-image-preview:large","max-video-preview":"max-video-preview:-1"},"canonical":"https:\/\/faragroup.net\/tr\/uzmanlik-alanlari\/risk\/","og_locale":"tr_TR","og_type":"article","og_title":"Risk - Fara Group","og_description":"[vc_row el_class=&#8221;cnt_fnt_size&#8221;][vc_column][vc_column_text]Fara Group, h\u00fck\u00fcmetlerin karar alma s\u00fcre\u00e7lerinin \u00f6ng\u00f6r\u00fclemedi\u011fi, yasal sistemlerin g\u00fcvenilmez oldu\u011fu ve siyasi hizalanmalar\u0131n bir i\u015fletmenin ba\u015far\u0131l\u0131 veya ba\u015far\u0131s\u0131z olmas\u0131n\u0131 belirleyebildi\u011fi \u00fclkelerde faaliyet g\u00f6sterme konusunda onlarca y\u0131ll\u0131k deneyime sahiptir. Bu yetki alanlar\u0131, ticari oyun alan\u0131n\u0131 \u015fekillendiren fakt\u00f6rlerin genellikle fark\u0131nda olmayan yabanc\u0131 kurulu\u015flar i\u00e7in uzun bir potansiyel risk listesi olu\u015fturur. Fara Group&#8217;un bu ortamlarda ba\u015far\u0131l\u0131&hellip;","og_url":"https:\/\/faragroup.net\/tr\/uzmanlik-alanlari\/risk\/","og_site_name":"Fara Group","article_modified_time":"2025-05-28T09:35:43+00:00","twitter_card":"summary_large_image","twitter_misc":{"Tahmini okuma s\u00fcresi":"2 dakika"},"schema":{"@context":"https:\/\/schema.org","@graph":[{"@type":"WebPage","@id":"https:\/\/faragroup.net\/tr\/uzmanlik-alanlari\/risk\/","url":"https:\/\/faragroup.net\/tr\/uzmanlik-alanlari\/risk\/","name":"Risk - Fara Group","isPartOf":{"@id":"https:\/\/faragroup.net\/tr\/#website"},"datePublished":"2021-02-07T19:06:29+00:00","dateModified":"2025-05-28T09:35:43+00:00","breadcrumb":{"@id":"https:\/\/faragroup.net\/tr\/uzmanlik-alanlari\/risk\/#breadcrumb"},"inLanguage":"tr","potentialAction":[{"@type":"ReadAction","target":["https:\/\/faragroup.net\/tr\/uzmanlik-alanlari\/risk\/"]}]},{"@type":"BreadcrumbList","@id":"https:\/\/faragroup.net\/tr\/uzmanlik-alanlari\/risk\/#breadcrumb","itemListElement":[{"@type":"ListItem","position":1,"name":"Uzmanl\u0131k Alanlar\u0131","item":"https:\/\/faragroup.net\/tr\/uzmanlik-alanlari\/"},{"@type":"ListItem","position":2,"name":"Risk"}]},{"@type":"WebSite","@id":"https:\/\/faragroup.net\/tr\/#website","url":"https:\/\/faragroup.net\/tr\/","name":"Fara Group","description":"","potentialAction":[{"@type":"SearchAction","target":{"@type":"EntryPoint","urlTemplate":"https:\/\/faragroup.net\/tr\/?s={search_term_string}"},"query-input":{"@type":"PropertyValueSpecification","valueRequired":true,"valueName":"search_term_string"}}],"inLanguage":"tr"}]}},"jetpack_sharing_enabled":true,"_links":{"self":[{"href":"https:\/\/faragroup.net\/tr\/wp-json\/wp\/v2\/pages\/2948","targetHints":{"allow":["GET"]}}],"collection":[{"href":"https:\/\/faragroup.net\/tr\/wp-json\/wp\/v2\/pages"}],"about":[{"href":"https:\/\/faragroup.net\/tr\/wp-json\/wp\/v2\/types\/page"}],"author":[{"embeddable":true,"href":"https:\/\/faragroup.net\/tr\/wp-json\/wp\/v2\/users\/1"}],"replies":[{"embeddable":true,"href":"https:\/\/faragroup.net\/tr\/wp-json\/wp\/v2\/comments?post=2948"}],"version-history":[{"count":42,"href":"https:\/\/faragroup.net\/tr\/wp-json\/wp\/v2\/pages\/2948\/revisions"}],"predecessor-version":[{"id":4302,"href":"https:\/\/faragroup.net\/tr\/wp-json\/wp\/v2\/pages\/2948\/revisions\/4302"}],"up":[{"embeddable":true,"href":"https:\/\/faragroup.net\/tr\/wp-json\/wp\/v2\/pages\/2994"}],"wp:attachment":[{"href":"https:\/\/faragroup.net\/tr\/wp-json\/wp\/v2\/media?parent=2948"}],"curies":[{"name":"wp","href":"https:\/\/api.w.org\/{rel}","templated":true}]}}