{"id":2945,"date":"2021-02-07T13:56:16","date_gmt":"2021-02-07T18:56:16","guid":{"rendered":"https:\/\/faragroup.net\/ekibimiz\/"},"modified":"2021-02-09T08:10:13","modified_gmt":"2021-02-09T13:10:13","slug":"ekibimiz","status":"publish","type":"page","link":"https:\/\/faragroup.net\/tr\/ekibimiz\/","title":{"rendered":"Ekibimiz"},"content":{"rendered":"<p>[vc_row el_class=&#8221;cnt_fnt_size&#8221;][vc_column][vc_column_text]Fara Grup&#8217;un deneyim, milliyet, dil ve k\u00fclt\u00fcr \u00e7e\u015fitlili\u011fine sahip ekibi, m\u00fc\u015fterilerimize \u00f6zel yap\u0131land\u0131r\u0131lm\u0131\u015f avantajlar kazand\u0131rmak \u00fczere i\u015fbirli\u011fi i\u00e7erisinde \u00e7al\u0131\u015fmaktad\u0131r.<\/p>\n<p>\u00c7al\u0131\u015fanlar\u0131m\u0131z\u0131n yar\u0131s\u0131ndan fazlas\u0131 ana dili seviyesinde Arap\u00e7a konu\u015fmakta olup, hem T\u00fcrkiye&#8217;de hem de di\u011fer Ortado\u011fu ve Kuzey Afrika \u00fclkelerinde konumland\u0131r\u0131lm\u0131\u015ft\u0131r.<br \/>\nEkip liderlerimiz son derece sa\u011flam mesleki ge\u00e7mi\u015fe ve yurtd\u0131\u015f\u0131 g\u00f6revler konusunda geni\u015f deneyime sahiptirler. Her projeye kilit ki\u015fisel ili\u015fkileri ve kritik i\u00e7g\u00f6r\u00fcleriyle \u00f6nemli katk\u0131da bulunurlar.<\/p>\n<p>Fara Grup&#8217;un analistleri, eKe\u015fif (eDiscovery) ile finansal \/ siyasal analizi insan zek\u00e2s\u0131yla birlikte entegre etme konusunda uzmand\u0131rlar. G\u00fc\u00e7l\u00fc bir veri analiz ekibiyle birlikte uygulanabilir i\u00e7g\u00f6r\u00fcler ve \u00e7\u00f6z\u00fcm odakl\u0131 \u00f6neriler i\u00e7eren kapsaml\u0131 raporlar ortaya koymaktay\u0131z.<\/p>\n<p>Ekibimiz hakk\u0131nda daha fazla bilgi almak i\u00e7in bizlerle <a href=\"mailto:info@faragroup.net\">info@faragroup.net<\/a> adresi \u00fczerinden ula\u015fabilirsiniz.[\/vc_column_text][\/vc_column][\/vc_row][vc_row el_class=&#8221;cnt_fnt_size&#8221;][vc_column width=&#8221;1\/2&#8243;][vc_column_text css=&#8221;.vc_custom_1608038722875{background-image: url(https:\/\/faragroup.net\/wp-content\/uploads\/2020\/12\/Our-history.jpg?id=2027) !important;background-position: center !important;background-repeat: no-repeat !important;background-size: cover !important;}&#8221; el_class=&#8221;cm_block_bg_sec&#8221;]<a href=\"https:\/\/faragroup.net\/tr\/tarihcemiz\/\">Tarih\u00e7emiz<\/a>[\/vc_column_text][\/vc_column][vc_column width=&#8221;1\/2&#8243;][vc_column_text css=&#8221;.vc_custom_1608038737435{background-image: url(https:\/\/faragroup.net\/wp-content\/uploads\/2020\/12\/Our-Values-scaled.jpg?id=2029) !important;background-position: center !important;background-repeat: no-repeat !important;background-size: cover !important;}&#8221; el_class=&#8221;cm_block_bg_sec&#8221;]<a href=\"https:\/\/faragroup.net\/tr\/degerlerimiz\/\">De\u011ferlerimiz<\/a>[\/vc_column_text][\/vc_column][\/vc_row]<\/p>\n","protected":false},"excerpt":{"rendered":"<p>[vc_row el_class=&#8221;cnt_fnt_size&#8221;][vc_column][vc_column_text]Fara Grup&#8217;un deneyim, milliyet, dil ve k\u00fclt\u00fcr \u00e7e\u015fitlili\u011fine sahip ekibi, m\u00fc\u015fterilerimize \u00f6zel yap\u0131land\u0131r\u0131lm\u0131\u015f avantajlar kazand\u0131rmak \u00fczere i\u015fbirli\u011fi i\u00e7erisinde \u00e7al\u0131\u015fmaktad\u0131r. \u00c7al\u0131\u015fanlar\u0131m\u0131z\u0131n yar\u0131s\u0131ndan fazlas\u0131 ana dili seviyesinde Arap\u00e7a konu\u015fmakta olup, hem T\u00fcrkiye&#8217;de hem de di\u011fer Ortado\u011fu ve Kuzey Afrika \u00fclkelerinde konumland\u0131r\u0131lm\u0131\u015ft\u0131r. Ekip liderlerimiz son derece sa\u011flam mesleki ge\u00e7mi\u015fe ve yurtd\u0131\u015f\u0131 g\u00f6revler konusunda geni\u015f deneyime sahiptirler. Her&hellip;<\/p>\n","protected":false},"author":1,"featured_media":0,"parent":0,"menu_order":0,"comment_status":"closed","ping_status":"closed","template":"","meta":{"_acf_changed":false},"class_list":["post-2945","page","type-page","status-publish","hentry","description-off"],"acf":[],"yoast_head":"<!-- This site is optimized with the Yoast SEO plugin v24.9 - https:\/\/yoast.com\/wordpress\/plugins\/seo\/ -->\n<title>Ekibimiz - Fara Group<\/title>\n<meta name=\"robots\" content=\"index, follow, max-snippet:-1, max-image-preview:large, max-video-preview:-1\" \/>\n<link rel=\"canonical\" href=\"https:\/\/faragroup.net\/tr\/ekibimiz\/\" \/>\n<meta property=\"og:locale\" content=\"tr_TR\" \/>\n<meta property=\"og:type\" content=\"article\" \/>\n<meta property=\"og:title\" content=\"Ekibimiz - Fara Group\" \/>\n<meta property=\"og:description\" content=\"[vc_row el_class=&#8221;cnt_fnt_size&#8221;][vc_column][vc_column_text]Fara Grup&#8217;un deneyim, milliyet, dil ve k\u00fclt\u00fcr \u00e7e\u015fitlili\u011fine sahip ekibi, m\u00fc\u015fterilerimize \u00f6zel yap\u0131land\u0131r\u0131lm\u0131\u015f avantajlar kazand\u0131rmak \u00fczere i\u015fbirli\u011fi i\u00e7erisinde \u00e7al\u0131\u015fmaktad\u0131r. \u00c7al\u0131\u015fanlar\u0131m\u0131z\u0131n yar\u0131s\u0131ndan fazlas\u0131 ana dili seviyesinde Arap\u00e7a konu\u015fmakta olup, hem T\u00fcrkiye&#8217;de hem de di\u011fer Ortado\u011fu ve Kuzey Afrika \u00fclkelerinde konumland\u0131r\u0131lm\u0131\u015ft\u0131r. Ekip liderlerimiz son derece sa\u011flam mesleki ge\u00e7mi\u015fe ve yurtd\u0131\u015f\u0131 g\u00f6revler konusunda geni\u015f deneyime sahiptirler. Her&hellip;\" \/>\n<meta property=\"og:url\" content=\"https:\/\/faragroup.net\/tr\/ekibimiz\/\" \/>\n<meta property=\"og:site_name\" content=\"Fara Group\" \/>\n<meta property=\"article:modified_time\" content=\"2021-02-09T13:10:13+00:00\" \/>\n<meta name=\"twitter:card\" content=\"summary_large_image\" \/>\n<meta name=\"twitter:label1\" content=\"Tahmini okuma s\u00fcresi\" \/>\n\t<meta name=\"twitter:data1\" content=\"1 dakika\" \/>\n<script type=\"application\/ld+json\" class=\"yoast-schema-graph\">{\"@context\":\"https:\/\/schema.org\",\"@graph\":[{\"@type\":\"WebPage\",\"@id\":\"https:\/\/faragroup.net\/tr\/ekibimiz\/\",\"url\":\"https:\/\/faragroup.net\/tr\/ekibimiz\/\",\"name\":\"Ekibimiz - Fara Group\",\"isPartOf\":{\"@id\":\"https:\/\/faragroup.net\/tr\/#website\"},\"datePublished\":\"2021-02-07T18:56:16+00:00\",\"dateModified\":\"2021-02-09T13:10:13+00:00\",\"inLanguage\":\"tr\",\"potentialAction\":[{\"@type\":\"ReadAction\",\"target\":[\"https:\/\/faragroup.net\/tr\/ekibimiz\/\"]}]},{\"@type\":\"WebSite\",\"@id\":\"https:\/\/faragroup.net\/tr\/#website\",\"url\":\"https:\/\/faragroup.net\/tr\/\",\"name\":\"Fara Group\",\"description\":\"\",\"potentialAction\":[{\"@type\":\"SearchAction\",\"target\":{\"@type\":\"EntryPoint\",\"urlTemplate\":\"https:\/\/faragroup.net\/tr\/?s={search_term_string}\"},\"query-input\":{\"@type\":\"PropertyValueSpecification\",\"valueRequired\":true,\"valueName\":\"search_term_string\"}}],\"inLanguage\":\"tr\"}]}<\/script>\n<!-- \/ Yoast SEO plugin. -->","yoast_head_json":{"title":"Ekibimiz - Fara Group","robots":{"index":"index","follow":"follow","max-snippet":"max-snippet:-1","max-image-preview":"max-image-preview:large","max-video-preview":"max-video-preview:-1"},"canonical":"https:\/\/faragroup.net\/tr\/ekibimiz\/","og_locale":"tr_TR","og_type":"article","og_title":"Ekibimiz - Fara Group","og_description":"[vc_row el_class=&#8221;cnt_fnt_size&#8221;][vc_column][vc_column_text]Fara Grup&#8217;un deneyim, milliyet, dil ve k\u00fclt\u00fcr \u00e7e\u015fitlili\u011fine sahip ekibi, m\u00fc\u015fterilerimize \u00f6zel yap\u0131land\u0131r\u0131lm\u0131\u015f avantajlar kazand\u0131rmak \u00fczere i\u015fbirli\u011fi i\u00e7erisinde \u00e7al\u0131\u015fmaktad\u0131r. \u00c7al\u0131\u015fanlar\u0131m\u0131z\u0131n yar\u0131s\u0131ndan fazlas\u0131 ana dili seviyesinde Arap\u00e7a konu\u015fmakta olup, hem T\u00fcrkiye&#8217;de hem de di\u011fer Ortado\u011fu ve Kuzey Afrika \u00fclkelerinde konumland\u0131r\u0131lm\u0131\u015ft\u0131r. Ekip liderlerimiz son derece sa\u011flam mesleki ge\u00e7mi\u015fe ve yurtd\u0131\u015f\u0131 g\u00f6revler konusunda geni\u015f deneyime sahiptirler. Her&hellip;","og_url":"https:\/\/faragroup.net\/tr\/ekibimiz\/","og_site_name":"Fara Group","article_modified_time":"2021-02-09T13:10:13+00:00","twitter_card":"summary_large_image","twitter_misc":{"Tahmini okuma s\u00fcresi":"1 dakika"},"schema":{"@context":"https:\/\/schema.org","@graph":[{"@type":"WebPage","@id":"https:\/\/faragroup.net\/tr\/ekibimiz\/","url":"https:\/\/faragroup.net\/tr\/ekibimiz\/","name":"Ekibimiz - Fara Group","isPartOf":{"@id":"https:\/\/faragroup.net\/tr\/#website"},"datePublished":"2021-02-07T18:56:16+00:00","dateModified":"2021-02-09T13:10:13+00:00","inLanguage":"tr","potentialAction":[{"@type":"ReadAction","target":["https:\/\/faragroup.net\/tr\/ekibimiz\/"]}]},{"@type":"WebSite","@id":"https:\/\/faragroup.net\/tr\/#website","url":"https:\/\/faragroup.net\/tr\/","name":"Fara Group","description":"","potentialAction":[{"@type":"SearchAction","target":{"@type":"EntryPoint","urlTemplate":"https:\/\/faragroup.net\/tr\/?s={search_term_string}"},"query-input":{"@type":"PropertyValueSpecification","valueRequired":true,"valueName":"search_term_string"}}],"inLanguage":"tr"}]}},"jetpack_sharing_enabled":true,"_links":{"self":[{"href":"https:\/\/faragroup.net\/tr\/wp-json\/wp\/v2\/pages\/2945","targetHints":{"allow":["GET"]}}],"collection":[{"href":"https:\/\/faragroup.net\/tr\/wp-json\/wp\/v2\/pages"}],"about":[{"href":"https:\/\/faragroup.net\/tr\/wp-json\/wp\/v2\/types\/page"}],"author":[{"embeddable":true,"href":"https:\/\/faragroup.net\/tr\/wp-json\/wp\/v2\/users\/1"}],"replies":[{"embeddable":true,"href":"https:\/\/faragroup.net\/tr\/wp-json\/wp\/v2\/comments?post=2945"}],"version-history":[{"count":7,"href":"https:\/\/faragroup.net\/tr\/wp-json\/wp\/v2\/pages\/2945\/revisions"}],"predecessor-version":[{"id":3382,"href":"https:\/\/faragroup.net\/tr\/wp-json\/wp\/v2\/pages\/2945\/revisions\/3382"}],"wp:attachment":[{"href":"https:\/\/faragroup.net\/tr\/wp-json\/wp\/v2\/media?parent=2945"}],"curies":[{"name":"wp","href":"https:\/\/api.w.org\/{rel}","templated":true}]}}