{"id":2942,"date":"2021-02-07T13:51:35","date_gmt":"2021-02-07T18:51:35","guid":{"rendered":"https:\/\/faragroup.net\/tarihcemiz\/"},"modified":"2021-02-09T07:54:22","modified_gmt":"2021-02-09T12:54:22","slug":"tarihcemiz","status":"publish","type":"page","link":"https:\/\/faragroup.net\/tr\/tarihcemiz\/","title":{"rendered":"Tarih\u00e7emiz"},"content":{"rendered":"<p>[vc_row el_class=&#8221;cnt_fnt_size&#8221;][vc_column][vc_column_text]Fara Grup&#8217;un k\u00f6kleri 2000 y\u0131l\u0131nda Pangaea ad\u0131yla New-York ve \u0130stanbul merkezli bir yat\u0131r\u0131m \u015firketi olarak faaliyete ba\u015flamam\u0131za dayan\u0131r. Giri\u015fimci te\u015fkilat yap\u0131m\u0131z, geli\u015fmekte olan uluslararas\u0131 pazarlarda gittik\u00e7e daha da \u00e7etinle\u015fen f\u0131rsatlar\u0131 kabul edip \u00e7\u00f6zmemizle birlikte ufkunu geni\u015fletmi\u015ftir. Zaman i\u00e7erisinde Ortado\u011fu ve Kuzey Afrika ile Avrasya b\u00f6lgelerindeki \u00e7ok \u00e7e\u015fitli \u00fclke ve sekt\u00f6rlerdeki f\u0131rsatlar arac\u0131l\u0131\u011f\u0131yla proje ve personel \u00e7e\u015fitlili\u011fimizi artt\u0131rmaya devam ettik. Bu s\u00fcre\u00e7te, sava\u015f b\u00f6lgesinde ger\u00e7ekle\u015ftirilen in\u015faat projelerinden televizyon medyas\u0131na, uluslararas\u0131 restoran zinciri yat\u0131r\u0131m\u0131ndan finansal veri denetimine uzanan geni\u015f bir sekt\u00f6r yelpazesinde proje y\u00f6neticisi, yat\u0131r\u0131mc\u0131 ve dan\u0131\u015fman olarak de\u011fi\u015fik g\u00f6revler ald\u0131k.[\/vc_column_text][\/vc_column][\/vc_row][vc_row el_class=&#8221;cnt_fnt_size&#8221;][vc_column width=&#8221;1\/2&#8243;][vc_column_text css=&#8221;.vc_custom_1608807740163{background-image: url(https:\/\/faragroup.net\/wp-content\/uploads\/2020\/12\/our-team-final.jpg?id=2216) !important;background-position: center !important;background-repeat: no-repeat !important;background-size: cover !important;}&#8221; el_class=&#8221;cm_block_bg_sec&#8221;]<a href=\"https:\/\/faragroup.net\/tr\/ekibimiz\/\">Ekibimiz<\/a>[\/vc_column_text][\/vc_column][vc_column width=&#8221;1\/2&#8243;][vc_column_text css=&#8221;.vc_custom_1608038737435{background-image: url(https:\/\/faragroup.net\/wp-content\/uploads\/2020\/12\/Our-Values-scaled.jpg?id=2029) !important;background-position: center !important;background-repeat: no-repeat !important;background-size: cover !important;}&#8221; el_class=&#8221;cm_block_bg_sec&#8221;]<a href=\"https:\/\/faragroup.net\/tr\/degerlerimiz\/\">De\u011ferlerimiz<\/a>[\/vc_column_text][\/vc_column][\/vc_row]<\/p>\n","protected":false},"excerpt":{"rendered":"<p>[vc_row el_class=&#8221;cnt_fnt_size&#8221;][vc_column][vc_column_text]Fara Grup&#8217;un k\u00f6kleri 2000 y\u0131l\u0131nda Pangaea ad\u0131yla New-York ve \u0130stanbul merkezli bir yat\u0131r\u0131m \u015firketi olarak faaliyete ba\u015flamam\u0131za dayan\u0131r. Giri\u015fimci te\u015fkilat yap\u0131m\u0131z, geli\u015fmekte olan uluslararas\u0131 pazarlarda gittik\u00e7e daha da \u00e7etinle\u015fen f\u0131rsatlar\u0131 kabul edip \u00e7\u00f6zmemizle birlikte ufkunu geni\u015fletmi\u015ftir. Zaman i\u00e7erisinde Ortado\u011fu ve Kuzey Afrika ile Avrasya b\u00f6lgelerindeki \u00e7ok \u00e7e\u015fitli \u00fclke ve sekt\u00f6rlerdeki f\u0131rsatlar arac\u0131l\u0131\u011f\u0131yla proje ve&hellip;<\/p>\n","protected":false},"author":1,"featured_media":0,"parent":0,"menu_order":0,"comment_status":"closed","ping_status":"closed","template":"","meta":{"_acf_changed":false},"class_list":["post-2942","page","type-page","status-publish","hentry","description-off"],"acf":[],"yoast_head":"<!-- This site is optimized with the Yoast SEO plugin v24.9 - https:\/\/yoast.com\/wordpress\/plugins\/seo\/ -->\n<title>Tarih\u00e7emiz - Fara Group<\/title>\n<meta name=\"robots\" content=\"index, follow, max-snippet:-1, max-image-preview:large, max-video-preview:-1\" \/>\n<link rel=\"canonical\" href=\"https:\/\/faragroup.net\/tr\/tarihcemiz\/\" \/>\n<meta property=\"og:locale\" content=\"tr_TR\" \/>\n<meta property=\"og:type\" content=\"article\" \/>\n<meta property=\"og:title\" content=\"Tarih\u00e7emiz - Fara Group\" \/>\n<meta property=\"og:description\" content=\"[vc_row el_class=&#8221;cnt_fnt_size&#8221;][vc_column][vc_column_text]Fara Grup&#8217;un k\u00f6kleri 2000 y\u0131l\u0131nda Pangaea ad\u0131yla New-York ve \u0130stanbul merkezli bir yat\u0131r\u0131m \u015firketi olarak faaliyete ba\u015flamam\u0131za dayan\u0131r. Giri\u015fimci te\u015fkilat yap\u0131m\u0131z, geli\u015fmekte olan uluslararas\u0131 pazarlarda gittik\u00e7e daha da \u00e7etinle\u015fen f\u0131rsatlar\u0131 kabul edip \u00e7\u00f6zmemizle birlikte ufkunu geni\u015fletmi\u015ftir. Zaman i\u00e7erisinde Ortado\u011fu ve Kuzey Afrika ile Avrasya b\u00f6lgelerindeki \u00e7ok \u00e7e\u015fitli \u00fclke ve sekt\u00f6rlerdeki f\u0131rsatlar arac\u0131l\u0131\u011f\u0131yla proje ve&hellip;\" \/>\n<meta property=\"og:url\" content=\"https:\/\/faragroup.net\/tr\/tarihcemiz\/\" \/>\n<meta property=\"og:site_name\" content=\"Fara Group\" \/>\n<meta property=\"article:modified_time\" content=\"2021-02-09T12:54:22+00:00\" \/>\n<meta name=\"twitter:card\" content=\"summary_large_image\" \/>\n<meta name=\"twitter:label1\" content=\"Tahmini okuma s\u00fcresi\" \/>\n\t<meta name=\"twitter:data1\" content=\"1 dakika\" \/>\n<script type=\"application\/ld+json\" class=\"yoast-schema-graph\">{\"@context\":\"https:\/\/schema.org\",\"@graph\":[{\"@type\":\"WebPage\",\"@id\":\"https:\/\/faragroup.net\/tr\/tarihcemiz\/\",\"url\":\"https:\/\/faragroup.net\/tr\/tarihcemiz\/\",\"name\":\"Tarih\u00e7emiz - Fara Group\",\"isPartOf\":{\"@id\":\"https:\/\/faragroup.net\/tr\/#website\"},\"datePublished\":\"2021-02-07T18:51:35+00:00\",\"dateModified\":\"2021-02-09T12:54:22+00:00\",\"inLanguage\":\"tr\",\"potentialAction\":[{\"@type\":\"ReadAction\",\"target\":[\"https:\/\/faragroup.net\/tr\/tarihcemiz\/\"]}]},{\"@type\":\"WebSite\",\"@id\":\"https:\/\/faragroup.net\/tr\/#website\",\"url\":\"https:\/\/faragroup.net\/tr\/\",\"name\":\"Fara Group\",\"description\":\"\",\"potentialAction\":[{\"@type\":\"SearchAction\",\"target\":{\"@type\":\"EntryPoint\",\"urlTemplate\":\"https:\/\/faragroup.net\/tr\/?s={search_term_string}\"},\"query-input\":{\"@type\":\"PropertyValueSpecification\",\"valueRequired\":true,\"valueName\":\"search_term_string\"}}],\"inLanguage\":\"tr\"}]}<\/script>\n<!-- \/ Yoast SEO plugin. -->","yoast_head_json":{"title":"Tarih\u00e7emiz - Fara Group","robots":{"index":"index","follow":"follow","max-snippet":"max-snippet:-1","max-image-preview":"max-image-preview:large","max-video-preview":"max-video-preview:-1"},"canonical":"https:\/\/faragroup.net\/tr\/tarihcemiz\/","og_locale":"tr_TR","og_type":"article","og_title":"Tarih\u00e7emiz - Fara Group","og_description":"[vc_row el_class=&#8221;cnt_fnt_size&#8221;][vc_column][vc_column_text]Fara Grup&#8217;un k\u00f6kleri 2000 y\u0131l\u0131nda Pangaea ad\u0131yla New-York ve \u0130stanbul merkezli bir yat\u0131r\u0131m \u015firketi olarak faaliyete ba\u015flamam\u0131za dayan\u0131r. Giri\u015fimci te\u015fkilat yap\u0131m\u0131z, geli\u015fmekte olan uluslararas\u0131 pazarlarda gittik\u00e7e daha da \u00e7etinle\u015fen f\u0131rsatlar\u0131 kabul edip \u00e7\u00f6zmemizle birlikte ufkunu geni\u015fletmi\u015ftir. Zaman i\u00e7erisinde Ortado\u011fu ve Kuzey Afrika ile Avrasya b\u00f6lgelerindeki \u00e7ok \u00e7e\u015fitli \u00fclke ve sekt\u00f6rlerdeki f\u0131rsatlar arac\u0131l\u0131\u011f\u0131yla proje ve&hellip;","og_url":"https:\/\/faragroup.net\/tr\/tarihcemiz\/","og_site_name":"Fara Group","article_modified_time":"2021-02-09T12:54:22+00:00","twitter_card":"summary_large_image","twitter_misc":{"Tahmini okuma s\u00fcresi":"1 dakika"},"schema":{"@context":"https:\/\/schema.org","@graph":[{"@type":"WebPage","@id":"https:\/\/faragroup.net\/tr\/tarihcemiz\/","url":"https:\/\/faragroup.net\/tr\/tarihcemiz\/","name":"Tarih\u00e7emiz - Fara Group","isPartOf":{"@id":"https:\/\/faragroup.net\/tr\/#website"},"datePublished":"2021-02-07T18:51:35+00:00","dateModified":"2021-02-09T12:54:22+00:00","inLanguage":"tr","potentialAction":[{"@type":"ReadAction","target":["https:\/\/faragroup.net\/tr\/tarihcemiz\/"]}]},{"@type":"WebSite","@id":"https:\/\/faragroup.net\/tr\/#website","url":"https:\/\/faragroup.net\/tr\/","name":"Fara Group","description":"","potentialAction":[{"@type":"SearchAction","target":{"@type":"EntryPoint","urlTemplate":"https:\/\/faragroup.net\/tr\/?s={search_term_string}"},"query-input":{"@type":"PropertyValueSpecification","valueRequired":true,"valueName":"search_term_string"}}],"inLanguage":"tr"}]}},"jetpack_sharing_enabled":true,"_links":{"self":[{"href":"https:\/\/faragroup.net\/tr\/wp-json\/wp\/v2\/pages\/2942","targetHints":{"allow":["GET"]}}],"collection":[{"href":"https:\/\/faragroup.net\/tr\/wp-json\/wp\/v2\/pages"}],"about":[{"href":"https:\/\/faragroup.net\/tr\/wp-json\/wp\/v2\/types\/page"}],"author":[{"embeddable":true,"href":"https:\/\/faragroup.net\/tr\/wp-json\/wp\/v2\/users\/1"}],"replies":[{"embeddable":true,"href":"https:\/\/faragroup.net\/tr\/wp-json\/wp\/v2\/comments?post=2942"}],"version-history":[{"count":5,"href":"https:\/\/faragroup.net\/tr\/wp-json\/wp\/v2\/pages\/2942\/revisions"}],"predecessor-version":[{"id":3374,"href":"https:\/\/faragroup.net\/tr\/wp-json\/wp\/v2\/pages\/2942\/revisions\/3374"}],"wp:attachment":[{"href":"https:\/\/faragroup.net\/tr\/wp-json\/wp\/v2\/media?parent=2942"}],"curies":[{"name":"wp","href":"https:\/\/api.w.org\/{rel}","templated":true}]}}