{"id":2939,"date":"2021-02-07T13:48:59","date_gmt":"2021-02-07T18:48:59","guid":{"rendered":"https:\/\/faragroup.net\/degerlerimiz\/"},"modified":"2025-05-28T05:30:20","modified_gmt":"2025-05-28T10:30:20","slug":"degerlerimiz","status":"publish","type":"page","link":"https:\/\/faragroup.net\/tr\/degerlerimiz\/","title":{"rendered":"De\u011ferlerimiz"},"content":{"rendered":"<p>[vc_row el_class=&#8221;cnt_fnt_size&#8221;][vc_column][vc_column_text]Fara Group&#8217;un de\u011ferleri, hukukun \u00fcst\u00fcnl\u00fc\u011f\u00fcn\u00fcn genellikle zay\u0131f oldu\u011fu toplumlarda \u00e7al\u0131\u015f\u0131rken Bat\u0131l\u0131 profesyonellik standartlar\u0131n\u0131 korumakla \u015fekillenmi\u015ftir. Bu de\u011ferler kurulu\u015fumuzu birle\u015ftirmekte ve davran\u0131\u015f kurallar\u0131m\u0131z\u0131n ve g\u00fcnl\u00fck karar alma s\u00fcre\u00e7lerimizin temelini olu\u015fturmaktad\u0131r. <\/p>\n<p><b>G\u00fcven<\/b><br \/>\nS\u00f6zle\u015fmelerin genellikle mahkemeler taraf\u0131ndan uygulanamad\u0131\u011f\u0131 bir ortamda, ili\u015fkiler verilen s\u00f6zlerin tutulmas\u0131n\u0131 sa\u011flamak i\u00e7in en \u00f6nemli ara\u00e7 haline gelir. Bizim i\u00e7in g\u00fcven, s\u00f6zle\u015fmeden do\u011fan y\u00fck\u00fcml\u00fcl\u00fckleri yerine getirmek de\u011fil, m\u00fc\u015fterilerimizin menfaatlerini s\u00fcrekli olarak \u00f6n planda tutmak anlam\u0131na gelir. <\/p>\n<p><b>Adalet<\/b><br \/>\nHer zaman hukukun \u00fcst\u00fcnl\u00fc\u011f\u00fc \u00e7er\u00e7evesinde kal\u0131yoruz; ancak mahkemelerin kusurlu oldu\u011fu durumlarda adaletin di\u011fer fakt\u00f6rlerden nas\u0131l yararlan\u0131laca\u011f\u0131n\u0131 bilmeyi gerektirdi\u011fini de kabul ediyoruz.<\/p>\n<p><b>Yenilik\u00e7ilik<\/b><br \/>\nFara Group yenilik\u00e7ilikten g\u00fc\u00e7 al\u0131r. Bu, al\u0131\u015f\u0131lmad\u0131k zorluklar\u0131 s\u00fcrekli olarak kabul etme iste\u011fimizi k\u00f6r\u00fcklemi\u015f ve bizi yarat\u0131c\u0131, \u00e7evik ve \u00e7a\u011fda\u015f bir organizasyon haline getirmi\u015ftir. <\/p>\n<p><b>\u00c7e\u015fitlilik<\/b><br \/>\nFara Group&#8217;un \u00e7ok k\u00fclt\u00fcrl\u00fc ve \u00e7ok uluslu profesyonel ekibi farkl\u0131 ge\u00e7mi\u015flerden gelmektedir. Uzmanlardan olu\u015fan ekibimizin inovasyon ve yeni fikirlerin geli\u015ftirilmesi i\u00e7in \u00e7ok \u00f6nemli oldu\u011fu kan\u0131tlanm\u0131\u015ft\u0131r. K\u00fclt\u00fcrel uyum yetene\u011fimiz, \u00fclkeler, diller ve k\u00fclt\u00fcrler aras\u0131nda etkili bir \u015fekilde ileti\u015fim kurmam\u0131z\u0131, motive etmemizi ve y\u00f6netmemizi sa\u011flar.  <\/p>\n<p><b>Cesaret<\/b><br \/>\nGiri\u015fimcilik konusunda yetenekliyiz ve hesaplanm\u0131\u015f riskler alma arzusuna sahibiz. Cesaret, \u00e7al\u0131\u015ft\u0131\u011f\u0131m\u0131z yarg\u0131 alanlar\u0131 ve m\u00fc\u015fterilerimiz ad\u0131na kar\u015f\u0131 kar\u015f\u0131ya kald\u0131\u011f\u0131m\u0131z zorluklar i\u00e7in bir \u00f6n ko\u015fuldur. <\/p>\n<p><b>Gizlilik<\/b><br \/>\nFara Group&#8217;un ve alt y\u00fcklenicilerinin t\u00fcm kademeleri, i\u015fimizin genellikle hassas olan do\u011fas\u0131n\u0131n gerektirdi\u011fi \u015fekilde gizlili\u011fi koruma konusunda dikkatli olmak \u00fczere e\u011fitilmi\u015ftir. Uyumlulu\u011fu, \u00f6zenle haz\u0131rlanm\u0131\u015f s\u00fcre\u00e7ler ve kurulu\u015fumuzda yerle\u015fik bir sadakat k\u00fclt\u00fcr\u00fc arac\u0131l\u0131\u011f\u0131yla sa\u011fl\u0131yoruz.[\/vc_column_text][\/vc_column][\/vc_row][vc_row el_class=&#8221;cnt_fnt_size&#8221;][vc_column width=&#8221;1\/2&#8243;][vc_column_text css=&#8221;.vc_custom_1608807505331{background-image: url(https:\/\/faragroup.net\/wp-content\/uploads\/2020\/12\/our-team-final.jpg?id=2216) !important;background-position: center !important;background-repeat: no-repeat !important;background-size: cover !important;}&#8221; el_class=&#8221;cm_block_bg_sec&#8221;]<a class=\"nw_h_title\" href=\"https:\/\/faragroup.net\/about\/our-people\/\"><span class=\"orange_bd\">\u00c7al\u0131\u015fanlar\u0131m\u0131z<\/span><\/a>[\/vc_column_text][\/vc_column][vc_column width=&#8221;1\/2&#8243;][vc_column_text css=&#8221;.vc_custom_1608807422771{background-image: url(https:\/\/faragroup.net\/wp-content\/uploads\/2020\/12\/our-history-final.jpg?id=2215) !important;background-position: center !important;background-repeat: no-repeat !important;background-size: cover !important;}&#8221; el_class=&#8221;cm_block_bg_sec&#8221;]<a class=\"nw_h_title\" href=\"https:\/\/faragroup.net\/about\/our-history\/\"><span class=\"orange_bd\">Tarih\u00e7emiz<\/span><\/a>[\/vc_column_text][\/vc_column][\/vc_row]<\/p>\n","protected":false},"excerpt":{"rendered":"<p>[vc_row el_class=&#8221;cnt_fnt_size&#8221;][vc_column][vc_column_text]Fara Group&#8217;un de\u011ferleri, hukukun \u00fcst\u00fcnl\u00fc\u011f\u00fcn\u00fcn genellikle zay\u0131f oldu\u011fu toplumlarda \u00e7al\u0131\u015f\u0131rken Bat\u0131l\u0131 profesyonellik standartlar\u0131n\u0131 korumakla \u015fekillenmi\u015ftir. Bu de\u011ferler kurulu\u015fumuzu birle\u015ftirmekte ve davran\u0131\u015f kurallar\u0131m\u0131z\u0131n ve g\u00fcnl\u00fck karar alma s\u00fcre\u00e7lerimizin temelini olu\u015fturmaktad\u0131r. G\u00fcven S\u00f6zle\u015fmelerin genellikle mahkemeler taraf\u0131ndan uygulanamad\u0131\u011f\u0131 bir ortamda, ili\u015fkiler verilen s\u00f6zlerin tutulmas\u0131n\u0131 sa\u011flamak i\u00e7in en \u00f6nemli ara\u00e7 haline gelir. Bizim i\u00e7in g\u00fcven, s\u00f6zle\u015fmeden do\u011fan y\u00fck\u00fcml\u00fcl\u00fckleri&hellip;<\/p>\n","protected":false},"author":1,"featured_media":0,"parent":0,"menu_order":0,"comment_status":"closed","ping_status":"closed","template":"","meta":{"_acf_changed":false},"class_list":["post-2939","page","type-page","status-publish","hentry","description-off"],"acf":[],"yoast_head":"<!-- This site is optimized with the Yoast SEO plugin v24.9 - https:\/\/yoast.com\/wordpress\/plugins\/seo\/ -->\n<title>De\u011ferlerimiz - Fara Group<\/title>\n<meta name=\"robots\" content=\"index, follow, max-snippet:-1, max-image-preview:large, max-video-preview:-1\" \/>\n<link rel=\"canonical\" href=\"https:\/\/faragroup.net\/tr\/degerlerimiz\/\" \/>\n<meta property=\"og:locale\" content=\"tr_TR\" \/>\n<meta property=\"og:type\" content=\"article\" \/>\n<meta property=\"og:title\" content=\"De\u011ferlerimiz - Fara Group\" \/>\n<meta property=\"og:description\" content=\"[vc_row el_class=&#8221;cnt_fnt_size&#8221;][vc_column][vc_column_text]Fara Group&#8217;un de\u011ferleri, hukukun \u00fcst\u00fcnl\u00fc\u011f\u00fcn\u00fcn genellikle zay\u0131f oldu\u011fu toplumlarda \u00e7al\u0131\u015f\u0131rken Bat\u0131l\u0131 profesyonellik standartlar\u0131n\u0131 korumakla \u015fekillenmi\u015ftir. Bu de\u011ferler kurulu\u015fumuzu birle\u015ftirmekte ve davran\u0131\u015f kurallar\u0131m\u0131z\u0131n ve g\u00fcnl\u00fck karar alma s\u00fcre\u00e7lerimizin temelini olu\u015fturmaktad\u0131r. G\u00fcven S\u00f6zle\u015fmelerin genellikle mahkemeler taraf\u0131ndan uygulanamad\u0131\u011f\u0131 bir ortamda, ili\u015fkiler verilen s\u00f6zlerin tutulmas\u0131n\u0131 sa\u011flamak i\u00e7in en \u00f6nemli ara\u00e7 haline gelir. Bizim i\u00e7in g\u00fcven, s\u00f6zle\u015fmeden do\u011fan y\u00fck\u00fcml\u00fcl\u00fckleri&hellip;\" \/>\n<meta property=\"og:url\" content=\"https:\/\/faragroup.net\/tr\/degerlerimiz\/\" \/>\n<meta property=\"og:site_name\" content=\"Fara Group\" \/>\n<meta property=\"article:modified_time\" content=\"2025-05-28T10:30:20+00:00\" \/>\n<meta name=\"twitter:card\" content=\"summary_large_image\" \/>\n<meta name=\"twitter:label1\" content=\"Tahmini okuma s\u00fcresi\" \/>\n\t<meta name=\"twitter:data1\" content=\"2 dakika\" \/>\n<script type=\"application\/ld+json\" class=\"yoast-schema-graph\">{\"@context\":\"https:\/\/schema.org\",\"@graph\":[{\"@type\":\"WebPage\",\"@id\":\"https:\/\/faragroup.net\/tr\/degerlerimiz\/\",\"url\":\"https:\/\/faragroup.net\/tr\/degerlerimiz\/\",\"name\":\"De\u011ferlerimiz - Fara Group\",\"isPartOf\":{\"@id\":\"https:\/\/faragroup.net\/tr\/#website\"},\"datePublished\":\"2021-02-07T18:48:59+00:00\",\"dateModified\":\"2025-05-28T10:30:20+00:00\",\"inLanguage\":\"tr\",\"potentialAction\":[{\"@type\":\"ReadAction\",\"target\":[\"https:\/\/faragroup.net\/tr\/degerlerimiz\/\"]}]},{\"@type\":\"WebSite\",\"@id\":\"https:\/\/faragroup.net\/tr\/#website\",\"url\":\"https:\/\/faragroup.net\/tr\/\",\"name\":\"Fara Group\",\"description\":\"\",\"potentialAction\":[{\"@type\":\"SearchAction\",\"target\":{\"@type\":\"EntryPoint\",\"urlTemplate\":\"https:\/\/faragroup.net\/tr\/?s={search_term_string}\"},\"query-input\":{\"@type\":\"PropertyValueSpecification\",\"valueRequired\":true,\"valueName\":\"search_term_string\"}}],\"inLanguage\":\"tr\"}]}<\/script>\n<!-- \/ Yoast SEO plugin. -->","yoast_head_json":{"title":"De\u011ferlerimiz - Fara Group","robots":{"index":"index","follow":"follow","max-snippet":"max-snippet:-1","max-image-preview":"max-image-preview:large","max-video-preview":"max-video-preview:-1"},"canonical":"https:\/\/faragroup.net\/tr\/degerlerimiz\/","og_locale":"tr_TR","og_type":"article","og_title":"De\u011ferlerimiz - Fara Group","og_description":"[vc_row el_class=&#8221;cnt_fnt_size&#8221;][vc_column][vc_column_text]Fara Group&#8217;un de\u011ferleri, hukukun \u00fcst\u00fcnl\u00fc\u011f\u00fcn\u00fcn genellikle zay\u0131f oldu\u011fu toplumlarda \u00e7al\u0131\u015f\u0131rken Bat\u0131l\u0131 profesyonellik standartlar\u0131n\u0131 korumakla \u015fekillenmi\u015ftir. Bu de\u011ferler kurulu\u015fumuzu birle\u015ftirmekte ve davran\u0131\u015f kurallar\u0131m\u0131z\u0131n ve g\u00fcnl\u00fck karar alma s\u00fcre\u00e7lerimizin temelini olu\u015fturmaktad\u0131r. G\u00fcven S\u00f6zle\u015fmelerin genellikle mahkemeler taraf\u0131ndan uygulanamad\u0131\u011f\u0131 bir ortamda, ili\u015fkiler verilen s\u00f6zlerin tutulmas\u0131n\u0131 sa\u011flamak i\u00e7in en \u00f6nemli ara\u00e7 haline gelir. Bizim i\u00e7in g\u00fcven, s\u00f6zle\u015fmeden do\u011fan y\u00fck\u00fcml\u00fcl\u00fckleri&hellip;","og_url":"https:\/\/faragroup.net\/tr\/degerlerimiz\/","og_site_name":"Fara Group","article_modified_time":"2025-05-28T10:30:20+00:00","twitter_card":"summary_large_image","twitter_misc":{"Tahmini okuma s\u00fcresi":"2 dakika"},"schema":{"@context":"https:\/\/schema.org","@graph":[{"@type":"WebPage","@id":"https:\/\/faragroup.net\/tr\/degerlerimiz\/","url":"https:\/\/faragroup.net\/tr\/degerlerimiz\/","name":"De\u011ferlerimiz - Fara Group","isPartOf":{"@id":"https:\/\/faragroup.net\/tr\/#website"},"datePublished":"2021-02-07T18:48:59+00:00","dateModified":"2025-05-28T10:30:20+00:00","inLanguage":"tr","potentialAction":[{"@type":"ReadAction","target":["https:\/\/faragroup.net\/tr\/degerlerimiz\/"]}]},{"@type":"WebSite","@id":"https:\/\/faragroup.net\/tr\/#website","url":"https:\/\/faragroup.net\/tr\/","name":"Fara Group","description":"","potentialAction":[{"@type":"SearchAction","target":{"@type":"EntryPoint","urlTemplate":"https:\/\/faragroup.net\/tr\/?s={search_term_string}"},"query-input":{"@type":"PropertyValueSpecification","valueRequired":true,"valueName":"search_term_string"}}],"inLanguage":"tr"}]}},"jetpack_sharing_enabled":true,"_links":{"self":[{"href":"https:\/\/faragroup.net\/tr\/wp-json\/wp\/v2\/pages\/2939","targetHints":{"allow":["GET"]}}],"collection":[{"href":"https:\/\/faragroup.net\/tr\/wp-json\/wp\/v2\/pages"}],"about":[{"href":"https:\/\/faragroup.net\/tr\/wp-json\/wp\/v2\/types\/page"}],"author":[{"embeddable":true,"href":"https:\/\/faragroup.net\/tr\/wp-json\/wp\/v2\/users\/1"}],"replies":[{"embeddable":true,"href":"https:\/\/faragroup.net\/tr\/wp-json\/wp\/v2\/comments?post=2939"}],"version-history":[{"count":6,"href":"https:\/\/faragroup.net\/tr\/wp-json\/wp\/v2\/pages\/2939\/revisions"}],"predecessor-version":[{"id":4429,"href":"https:\/\/faragroup.net\/tr\/wp-json\/wp\/v2\/pages\/2939\/revisions\/4429"}],"wp:attachment":[{"href":"https:\/\/faragroup.net\/tr\/wp-json\/wp\/v2\/media?parent=2939"}],"curies":[{"name":"wp","href":"https:\/\/api.w.org\/{rel}","templated":true}]}}