{"id":2599,"date":"2021-01-17T21:42:34","date_gmt":"2021-01-17T21:42:34","guid":{"rendered":"https:\/\/faragroup.net\/ev\/"},"modified":"2025-05-28T04:18:48","modified_gmt":"2025-05-28T09:18:48","slug":"ev","status":"publish","type":"page","link":"https:\/\/faragroup.net\/tr\/","title":{"rendered":"Ev"},"content":{"rendered":"<p>[vc_row full_width=&#8221;stretch_row_content_no_spaces&#8221; el_class=&#8221;vid_section&#8221;][vc_column][vc_column_text el_class=&#8221;vid_inner&#8221;]<video id=\"vid\" class=\"myvideo\" width=\"300\" height=\"150\" autoplay=\"\" loop=\"\" muted=\"\" playsinline=\"\"><source src=\"https:\/\/faragroup.net\/wp-content\/uploads\/2021\/02\/Video-Turkish-translation-corrected.mp4\" type=\"video\/mp4\" \/><\/video>[\/vc_column_text][\/vc_column][\/vc_row][vc_row el_class=&#8221;cnt_fnt_size&#8221;][vc_column][vc_column_text]Fara Group karma\u015f\u0131k uluslararas\u0131 ortamlarda ba\u015far\u0131l\u0131d\u0131r. Ge\u00e7ti\u011fimiz yirmi y\u0131l boyunca Arap\u00e7a, Rus\u00e7a, \u00c7ince, \u0130ngilizce, Frans\u0131zca ve T\u00fcrk\u00e7e konu\u015fulan yarg\u0131 alanlar\u0131nda projeleri ba\u015far\u0131yla y\u00f6nettik. Sahadaki yerle\u015fik, deneyimli ve iyi ba\u011flant\u0131lara sahip varl\u0131\u011f\u0131m\u0131z, yabanc\u0131 uyu\u015fmazl\u0131klar, finansal kurumlar i\u00e7in adli soru\u015fturmalar ve do\u011frudan yabanc\u0131 yat\u0131r\u0131m riskinin azalt\u0131lmas\u0131 gibi konularda dan\u0131\u015fmanl\u0131k ve i\u015fbirli\u011fi yapmam\u0131za olanak tan\u0131r.   . Geli\u015fmekte olan piyasalar\u0131n \u00f6ng\u00f6r\u00fclemeyen do\u011fas\u0131n\u0131 iyi bilmek, bize beklenmedik durumlarla ustal\u0131kla ba\u015fa \u00e7\u0131kma konusunda stratejik \u00e7eviklik kazand\u0131r\u0131yor.[\/vc_column_text][\/vc_column][\/vc_row][vc_row el_class=&#8221;cnt_fnt_size&#8221;][vc_column width=&#8221;1\/2&#8243;][vc_custom_heading text=&#8221;Uzmanl\u0131k Alanlar\u0131&#8221; font_container=&#8221;tag:h2|text_align:left|color:%2320487c&#8221; use_theme_fonts=&#8221;yes&#8221; css_animation=&#8221;fadeIn&#8221;][vc_column_text css=&#8221;.vc_custom_1608805936605{background-image: url(https:\/\/faragroup.net\/wp-content\/uploads\/2020\/12\/Risk.jpg?id=2022) !important;background-position: center !important;background-repeat: no-repeat !important;background-size: cover !important;}&#8221; el_class=&#8221;cm_block_bg_sec&#8221;]<a class=\"nw_h_title\" href=\"https:\/\/faragroup.net\/tr\/uzmanlik-alanlari\/risk\/\"><span class=\"orange_bd\">Risk<\/span><\/a>[\/vc_column_text][vc_column_text css=&#8221;.vc_custom_1608805960268{background-image: url(https:\/\/faragroup.net\/wp-content\/uploads\/2020\/12\/Disputes.jpg?id=2025) !important;background-position: center !important;background-repeat: no-repeat !important;background-size: cover !important;}&#8221; el_class=&#8221;cm_block_bg_sec&#8221;]<a class=\"nw_h_title\" href=\"https:\/\/faragroup.net\/tr\/uzmanlik-alanlari\/ihtilaflar\/\"><span class=\"orange_bd\">\u0130htilaflar<\/span><\/a>[\/vc_column_text][vc_column_text css=&#8221;.vc_custom_1748100982021{background-image: url(https:\/\/faragroup.net\/wp-content\/uploads\/2021\/01\/reputation-corrected.jpg?id=2367) !important;background-position: center !important;background-repeat: no-repeat !important;background-size: cover !important;}&#8221; el_class=&#8221;cm_block_bg_sec&#8221;]<a href=\"https:\/\/faragroup.net\/tr\/uzmanlik-alanlari\/itibar\/\">Yabanc\u0131 Yat\u0131r\u0131m Deste\u011fi<\/a>[\/vc_column_text][\/vc_column][vc_column width=&#8221;1\/2&#8243;][vc_custom_heading text=&#8221;\u015eirketimiz&#8221; font_container=&#8221;tag:h2|text_align:left|color:%2320487c&#8221; use_theme_fonts=&#8221;yes&#8221; css_animation=&#8221;fadeIn&#8221;][vc_column_text css=&#8221;.vc_custom_1608036764319{background-image: url(https:\/\/faragroup.net\/wp-content\/uploads\/2020\/12\/Our-history.jpg?id=2027) !important;background-position: center !important;background-repeat: no-repeat !important;background-size: cover !important;}&#8221; el_class=&#8221;cm_block_bg_sec&#8221;]<a class=\"nw_h_title\" href=\"https:\/\/faragroup.net\/about\/our-history\/\"><span class=\"orange_bd\">Tarih\u00e7emiz<\/span><\/a>[\/vc_column_text][vc_column_text css=&#8221;.vc_custom_1608036775223{background-image: url(https:\/\/faragroup.net\/wp-content\/uploads\/2020\/12\/Our-Values-scaled.jpg?id=2029) !important;background-position: center !important;background-repeat: no-repeat !important;background-size: cover !important;}&#8221; el_class=&#8221;cm_block_bg_sec&#8221;]<a class=\"nw_h_title\" href=\"https:\/\/faragroup.net\/about\/our-values\/\"><span class=\"orange_bd\">De\u011ferlerimiz<\/span><\/a>[\/vc_column_text][vc_column_text css=&#8221;.vc_custom_1608036784784{background-image: url(https:\/\/faragroup.net\/wp-content\/uploads\/2020\/12\/Our-team.jpg?id=2028) !important;background-position: center !important;background-repeat: no-repeat !important;background-size: cover !important;}&#8221; el_class=&#8221;cm_block_bg_sec&#8221;]<a class=\"nw_h_title\" href=\"https:\/\/faragroup.net\/about\/our-people\/\"><span class=\"orange_bd\">\u00c7al\u0131\u015fanlar\u0131m\u0131z<\/span><\/a>[\/vc_column_text][\/vc_column][\/vc_row][vc_row el_class=&#8221;cnt_fnt_size&#8221;][vc_column][vc_custom_heading text=&#8221;Ne d\u00fc\u015f\u00fcn\u00fcyoruz&#8221; font_container=&#8221;tag:h2|text_align:left|color:%2320487c&#8221; use_theme_fonts=&#8221;yes&#8221; css_animation=&#8221;fadeIn&#8221;][\/vc_column][\/vc_row][vc_row gap=&#8221;15&#8243; el_class=&#8221;cm_blog_mrg&#8221;][vc_column width=&#8221;1\/3&#8243;][vc_row_inner][vc_column_inner el_class=&#8221;box_cls_covr&#8221; css=&#8221;.vc_custom_1606386710014{padding-top: 0px !important;padding-bottom: 0px !important;background-color: #1f365c !important;background-position: center !important;background-repeat: no-repeat !important;background-size: cover !important;}&#8221;][vc_raw_html]PGRpdiBjbGFzcz0ic2RfaW5ib3hjIj4KPGRpdiBjbGFzcz0ic2RfaW5ib3hjX2lubmVyIj4KPGgyPjxhIGhyZWY9Imh0dHBzOi8vZmFyYWdyb3VwLm5ldC90ci9odWt1a3VuLXVzdHVuLW9sbWFkaWdpLWR1cnVtbGFyZGEtYXZhbnRhai1vbHVzdHVyYWJpbG1lLyI+Ck9ydGEgS29yaWRvcmEgWWF0xLFyxLFtIFlhcG1hazwvYT4KPC9oMj4KPHA+RsSxcnNhdGxhciB2ZSBSaXNrbGVyPC9wPgo8L2Rpdj4KPC9kaXY+Cg==[\/vc_raw_html][\/vc_column_inner][\/vc_row_inner][\/vc_column][vc_column width=&#8221;2\/3&#8243; css=&#8221;.vc_custom_1605013309847{padding-top: 0px !important;padding-bottom: 0px !important;background-position: center !important;background-repeat: no-repeat !important;background-size: cover !important;}&#8221;][vc_row_inner][vc_column_inner el_class=&#8221;box_cls_covr&#8221; css=&#8221;.vc_custom_1748423810376{padding-top: 0px !important;padding-right: 0px !important;padding-bottom: 0px !important;padding-left: 0px !important;background-image: url(https:\/\/faragroup.net\/wp-content\/uploads\/2025\/05\/The-Transformative-Power-of-AI-in-AML-scaled.jpg?id=4174) !important;background-position: center !important;background-repeat: no-repeat !important;background-size: cover !important;}&#8221;][vc_raw_html]PGRpdiBjbGFzcz0ic2RfaW5ib3hjIj4KPGRpdiBjbGFzcz0ic2RfaW5ib3hjX2lubmVyIj4KPGgyPjxhIGhyZWY9Imh0dHBzOi8vZmFyYWdyb3VwLm5ldC90ci9hbWwtY2Z0LXNvcnVzdHVybWFsYXJpbmRhLXlhcGF5LXpla2FuaW4tZG9udXN0dXJ1Y3UtZ3VjdS8iPgpBTUwvQ0ZUIFNvcnXFn3R1cm1hbGFyxLFuZGEgWWFwYXkgWmVrYW7EsW4gRMO2bsO8xZ90w7xyw7xjw7wgR8O8Y8O8PC9hPgo8L2gyPgoKPGJyPjwvZGl2Pgo8L2Rpdj4K[\/vc_raw_html][\/vc_column_inner][\/vc_row_inner][\/vc_column][\/vc_row][vc_row gap=&#8221;15&#8243; el_class=&#8221;cm_blog_mrg&#8221;][vc_column width=&#8221;2\/3&#8243; css=&#8221;.vc_custom_1605013309847{padding-top: 0px !important;padding-bottom: 0px !important;background-position: center !important;background-repeat: no-repeat !important;background-size: cover !important;}&#8221;][vc_row_inner][vc_column_inner el_class=&#8221;box_cls_covr&#8221; css=&#8221;.vc_custom_1748423793864{padding-top: 0px !important;padding-right: 0px !important;padding-bottom: 0px !important;padding-left: 0px !important;background-image: url(https:\/\/faragroup.net\/wp-content\/uploads\/2025\/04\/Digital-Pursuits-Tracing-Cryptos-Trail-of-Money-Laundering-3.jpg?id=4150) !important;background-position: center !important;background-repeat: no-repeat !important;background-size: cover !important;}&#8221;][vc_raw_html]CjxkaXYgY2xhc3M9InNkX2luYm94YyI+CjxkaXYgY2xhc3M9InNkX2luYm94Y19pbm5lciI+CjxoMj48YSBocmVmPSJodHRwczovL2ZhcmFncm91cC5uZXQvdHIvaHVrdWt1bi11c3R1bi1vbG1hZGlnaS1kdXJ1bWxhcmRhLWF2YW50YWotb2x1c3R1cmFiaWxtZS0yLyI+CkRpaml0YWwgVGFraXBsZXI6IEtyaXB0bydudW4gS2FyYSBQYXJhIEFrbGFtYSDEsHppbmkgU8O8cm1lazwvYT4KPC9oMj4KPGJyPjwvZGl2Pgo8L2Rpdj4KCg==[\/vc_raw_html][\/vc_column_inner][\/vc_row_inner][\/vc_column][vc_column width=&#8221;1\/3&#8243;][vc_row_inner][vc_column_inner el_class=&#8221;box_cls_covr&#8221; css=&#8221;.vc_custom_1606386716918{padding-top: 0px !important;padding-bottom: 0px !important;background-color: #1f365c !important;background-position: center !important;background-repeat: no-repeat !important;background-size: cover !important;}&#8221;][vc_raw_html]PGRpdiBjbGFzcz0ic2RfaW5ib3hjIj4KPGRpdiBjbGFzcz0ic2RfaW5ib3hjX2lubmVyIj4KPGgyPjxhIGhyZWY9Imh0dHBzOi8vZmFyYWdyb3VwLm5ldC90ci9hcmFwY2EtZG9jZXgvIj4KTmFkaXIgVG9wcmFrIE1ldGFsbGVyaSB2ZSBPcnRhIEtvcmlkb3I8L2E+CjwvaDI+CjxwPlN0cmF0ZWppayBFcmnFn2ltLCBTdHJhdGVqaWsgQXZhbnRhajwvcD4KPC9kaXY+CjwvZGl2Pgo=[\/vc_raw_html][\/vc_column_inner][\/vc_row_inner][\/vc_column][\/vc_row]<\/p>\n","protected":false},"excerpt":{"rendered":"<p>[vc_row full_width=&#8221;stretch_row_content_no_spaces&#8221; el_class=&#8221;vid_section&#8221;][vc_column][vc_column_text el_class=&#8221;vid_inner&#8221;][\/vc_column_text][\/vc_column][\/vc_row][vc_row el_class=&#8221;cnt_fnt_size&#8221;][vc_column][vc_column_text]Fara Group karma\u015f\u0131k uluslararas\u0131 ortamlarda ba\u015far\u0131l\u0131d\u0131r. Ge\u00e7ti\u011fimiz yirmi y\u0131l boyunca Arap\u00e7a, Rus\u00e7a, \u00c7ince, \u0130ngilizce, Frans\u0131zca ve T\u00fcrk\u00e7e konu\u015fulan yarg\u0131 alanlar\u0131nda projeleri ba\u015far\u0131yla y\u00f6nettik. Sahadaki yerle\u015fik, deneyimli ve iyi ba\u011flant\u0131lara sahip varl\u0131\u011f\u0131m\u0131z, yabanc\u0131 uyu\u015fmazl\u0131klar, finansal kurumlar i\u00e7in adli soru\u015fturmalar ve do\u011frudan yabanc\u0131 yat\u0131r\u0131m riskinin azalt\u0131lmas\u0131 gibi konularda dan\u0131\u015fmanl\u0131k ve i\u015fbirli\u011fi yapmam\u0131za olanak&hellip;<\/p>\n","protected":false},"author":1,"featured_media":0,"parent":0,"menu_order":0,"comment_status":"closed","ping_status":"closed","template":"","meta":{"_acf_changed":false},"class_list":["post-2599","page","type-page","status-publish","hentry","description-off"],"acf":[],"yoast_head":"<!-- This site is optimized with the Yoast SEO plugin v24.9 - https:\/\/yoast.com\/wordpress\/plugins\/seo\/ -->\n<title>Ev - Fara Group<\/title>\n<meta name=\"robots\" content=\"index, follow, max-snippet:-1, max-image-preview:large, max-video-preview:-1\" \/>\n<link rel=\"canonical\" href=\"https:\/\/faragroup.net\/tr\/\" \/>\n<meta property=\"og:locale\" content=\"tr_TR\" \/>\n<meta property=\"og:type\" content=\"article\" \/>\n<meta property=\"og:title\" content=\"Ev - Fara Group\" \/>\n<meta property=\"og:description\" content=\"[vc_row full_width=&#8221;stretch_row_content_no_spaces&#8221; el_class=&#8221;vid_section&#8221;][vc_column][vc_column_text el_class=&#8221;vid_inner&#8221;][\/vc_column_text][\/vc_column][\/vc_row][vc_row el_class=&#8221;cnt_fnt_size&#8221;][vc_column][vc_column_text]Fara Group karma\u015f\u0131k uluslararas\u0131 ortamlarda ba\u015far\u0131l\u0131d\u0131r. Ge\u00e7ti\u011fimiz yirmi y\u0131l boyunca Arap\u00e7a, Rus\u00e7a, \u00c7ince, \u0130ngilizce, Frans\u0131zca ve T\u00fcrk\u00e7e konu\u015fulan yarg\u0131 alanlar\u0131nda projeleri ba\u015far\u0131yla y\u00f6nettik. Sahadaki yerle\u015fik, deneyimli ve iyi ba\u011flant\u0131lara sahip varl\u0131\u011f\u0131m\u0131z, yabanc\u0131 uyu\u015fmazl\u0131klar, finansal kurumlar i\u00e7in adli soru\u015fturmalar ve do\u011frudan yabanc\u0131 yat\u0131r\u0131m riskinin azalt\u0131lmas\u0131 gibi konularda dan\u0131\u015fmanl\u0131k ve i\u015fbirli\u011fi yapmam\u0131za olanak&hellip;\" \/>\n<meta property=\"og:url\" content=\"https:\/\/faragroup.net\/tr\/\" \/>\n<meta property=\"og:site_name\" content=\"Fara Group\" \/>\n<meta property=\"article:modified_time\" content=\"2025-05-28T09:18:48+00:00\" \/>\n<meta name=\"twitter:card\" content=\"summary_large_image\" \/>\n<meta name=\"twitter:label1\" content=\"Tahmini okuma s\u00fcresi\" \/>\n\t<meta name=\"twitter:data1\" content=\"5 dakika\" \/>\n<script type=\"application\/ld+json\" class=\"yoast-schema-graph\">{\"@context\":\"https:\/\/schema.org\",\"@graph\":[{\"@type\":\"WebPage\",\"@id\":\"https:\/\/faragroup.net\/tr\/\",\"url\":\"https:\/\/faragroup.net\/tr\/\",\"name\":\"Ev - Fara Group\",\"isPartOf\":{\"@id\":\"https:\/\/faragroup.net\/tr\/#website\"},\"datePublished\":\"2021-01-17T21:42:34+00:00\",\"dateModified\":\"2025-05-28T09:18:48+00:00\",\"inLanguage\":\"tr\",\"potentialAction\":[{\"@type\":\"ReadAction\",\"target\":[\"https:\/\/faragroup.net\/tr\/\"]}]},{\"@type\":\"WebSite\",\"@id\":\"https:\/\/faragroup.net\/tr\/#website\",\"url\":\"https:\/\/faragroup.net\/tr\/\",\"name\":\"Fara Group\",\"description\":\"\",\"potentialAction\":[{\"@type\":\"SearchAction\",\"target\":{\"@type\":\"EntryPoint\",\"urlTemplate\":\"https:\/\/faragroup.net\/tr\/?s={search_term_string}\"},\"query-input\":{\"@type\":\"PropertyValueSpecification\",\"valueRequired\":true,\"valueName\":\"search_term_string\"}}],\"inLanguage\":\"tr\"}]}<\/script>\n<!-- \/ Yoast SEO plugin. -->","yoast_head_json":{"title":"Ev - Fara Group","robots":{"index":"index","follow":"follow","max-snippet":"max-snippet:-1","max-image-preview":"max-image-preview:large","max-video-preview":"max-video-preview:-1"},"canonical":"https:\/\/faragroup.net\/tr\/","og_locale":"tr_TR","og_type":"article","og_title":"Ev - Fara Group","og_description":"[vc_row full_width=&#8221;stretch_row_content_no_spaces&#8221; el_class=&#8221;vid_section&#8221;][vc_column][vc_column_text el_class=&#8221;vid_inner&#8221;][\/vc_column_text][\/vc_column][\/vc_row][vc_row el_class=&#8221;cnt_fnt_size&#8221;][vc_column][vc_column_text]Fara Group karma\u015f\u0131k uluslararas\u0131 ortamlarda ba\u015far\u0131l\u0131d\u0131r. Ge\u00e7ti\u011fimiz yirmi y\u0131l boyunca Arap\u00e7a, Rus\u00e7a, \u00c7ince, \u0130ngilizce, Frans\u0131zca ve T\u00fcrk\u00e7e konu\u015fulan yarg\u0131 alanlar\u0131nda projeleri ba\u015far\u0131yla y\u00f6nettik. Sahadaki yerle\u015fik, deneyimli ve iyi ba\u011flant\u0131lara sahip varl\u0131\u011f\u0131m\u0131z, yabanc\u0131 uyu\u015fmazl\u0131klar, finansal kurumlar i\u00e7in adli soru\u015fturmalar ve do\u011frudan yabanc\u0131 yat\u0131r\u0131m riskinin azalt\u0131lmas\u0131 gibi konularda dan\u0131\u015fmanl\u0131k ve i\u015fbirli\u011fi yapmam\u0131za olanak&hellip;","og_url":"https:\/\/faragroup.net\/tr\/","og_site_name":"Fara Group","article_modified_time":"2025-05-28T09:18:48+00:00","twitter_card":"summary_large_image","twitter_misc":{"Tahmini okuma s\u00fcresi":"5 dakika"},"schema":{"@context":"https:\/\/schema.org","@graph":[{"@type":"WebPage","@id":"https:\/\/faragroup.net\/tr\/","url":"https:\/\/faragroup.net\/tr\/","name":"Ev - Fara Group","isPartOf":{"@id":"https:\/\/faragroup.net\/tr\/#website"},"datePublished":"2021-01-17T21:42:34+00:00","dateModified":"2025-05-28T09:18:48+00:00","inLanguage":"tr","potentialAction":[{"@type":"ReadAction","target":["https:\/\/faragroup.net\/tr\/"]}]},{"@type":"WebSite","@id":"https:\/\/faragroup.net\/tr\/#website","url":"https:\/\/faragroup.net\/tr\/","name":"Fara Group","description":"","potentialAction":[{"@type":"SearchAction","target":{"@type":"EntryPoint","urlTemplate":"https:\/\/faragroup.net\/tr\/?s={search_term_string}"},"query-input":{"@type":"PropertyValueSpecification","valueRequired":true,"valueName":"search_term_string"}}],"inLanguage":"tr"}]}},"jetpack_sharing_enabled":true,"_links":{"self":[{"href":"https:\/\/faragroup.net\/tr\/wp-json\/wp\/v2\/pages\/2599","targetHints":{"allow":["GET"]}}],"collection":[{"href":"https:\/\/faragroup.net\/tr\/wp-json\/wp\/v2\/pages"}],"about":[{"href":"https:\/\/faragroup.net\/tr\/wp-json\/wp\/v2\/types\/page"}],"author":[{"embeddable":true,"href":"https:\/\/faragroup.net\/tr\/wp-json\/wp\/v2\/users\/1"}],"replies":[{"embeddable":true,"href":"https:\/\/faragroup.net\/tr\/wp-json\/wp\/v2\/comments?post=2599"}],"version-history":[{"count":64,"href":"https:\/\/faragroup.net\/tr\/wp-json\/wp\/v2\/pages\/2599\/revisions"}],"predecessor-version":[{"id":4289,"href":"https:\/\/faragroup.net\/tr\/wp-json\/wp\/v2\/pages\/2599\/revisions\/4289"}],"wp:attachment":[{"href":"https:\/\/faragroup.net\/tr\/wp-json\/wp\/v2\/media?parent=2599"}],"curies":[{"name":"wp","href":"https:\/\/api.w.org\/{rel}","templated":true}]}}